{"id":6871,"date":"2023-08-11T09:50:21","date_gmt":"2023-08-11T07:50:21","guid":{"rendered":"https:\/\/www.galerie.litomysl.cz\/conditions-for-providing-photographic-documentation\/"},"modified":"2024-03-22T12:53:34","modified_gmt":"2024-03-22T11:53:34","slug":"conditions-for-providing-photographic-documentation","status":"publish","type":"page","link":"https:\/\/www.galerie.litomysl.cz\/en\/conditions-for-providing-photographic-documentation\/","title":{"rendered":"Conditions for providing photographic documentation"},"content":{"rendered":"\t\t<div data-elementor-type=\"wp-page\" data-elementor-id=\"6871\" class=\"elementor elementor-6871 elementor-5140\">\n\t\t\t\t\t\t<div class=\"elementor-inner\">\n\t\t\t\t<div class=\"elementor-section-wrap\">\n\t\t\t\t\t\t\t\t\t<section data-particle_enable=\"false\" data-particle-mobile-disabled=\"false\" class=\"elementor-section elementor-top-section elementor-element elementor-element-21908c31 elementor-section-boxed elementor-section-height-default elementor-section-height-default\" data-id=\"21908c31\" data-element_type=\"section\">\n\t\t\t\t\t\t<div class=\"elementor-container elementor-column-gap-default\">\n\t\t\t\t\t\t\t<div class=\"elementor-row\">\n\t\t\t\t\t<div class=\"elementor-column elementor-col-100 elementor-top-column elementor-element elementor-element-28742258\" data-id=\"28742258\" data-element_type=\"column\" data-settings=\"{&quot;_ob_column_has_pseudo&quot;:&quot;no&quot;}\">\n\t\t\t<div class=\"elementor-column-wrap elementor-element-populated\">\n\t\t\t\t\t\t\t<div class=\"elementor-widget-wrap\">\n\t\t\t\t\t\t<div class=\"elementor-element elementor-element-2e1ef71a elementor-widget elementor-widget-text-editor\" data-id=\"2e1ef71a\" data-element_type=\"widget\" data-settings=\"{&quot;_ob_postman_use&quot;:&quot;no&quot;}\" data-widget_type=\"text-editor.default\">\n\t\t\t\t<div class=\"elementor-widget-container\">\n\t\t\t\t\t\t\t\t<div class=\"elementor-text-editor elementor-clearfix\">\n\t\t\t\t<\/p>\n<h3><span style=\"color: #000000;\">CONDITIONS FOR PROVIDING PHOTOGRAPHIC DOCUMENTATION<\/span><\/h3>\n<\/p>\n<p><span style=\"color: #000000;\">The Town Gallery Litomy\u0161l provides photo documentation of collection objects in digital form free of charge for scientific and study purposes (final bachelor, diploma or dissertation theses, professional scientific studies) and also for catalogues and printed materials related to exhibitions for which some of the works from the MGL collection are loaned.<\/span><\/p>\n<p><span style=\"color: #000000;\">For publication purposes (independent studies, monographs), the provision of photographic documentation is subject to a fee. A one-time use of a photograph for these purposes is subject to a fee of CZK 500. If photodocumentation of an artwork that has not yet been professionally digitised is requested for publication purposes, an additional amount of CZK 800 is charged for digitisation. The fee is charged by invoice or cash.<\/span><\/p>\n<p><span style=\"color: #000000;\">All photographic documentation from the MGL collection is provided to the applicant on the basis of a licence agreement in which the applicant undertakes to use the photographic material only for the purpose for which it was provided and not to provide it to a third party.<\/span><\/p>\n<p><span style=\"color: #000000;\">The reproduction area must not be cut out, the reproduced object must not be covered by overprinting or otherwise altered.<\/span><\/p>\n<p><span style=\"color: #000000;\">The applicant is always obliged to provide basic information about the exhibit (name of the author, title of the work, date, name of the photographer, if applicable) and information that the work comes from the collection of the Litomy\u0161l Town Gallery.<\/span><\/p>\n<p><span style=\"color: #000000;\">Works by living artists and artists whose passing is less than 70 years ago are protected by copyright and cannot be used without the consent of the author or heirs. It is the applicant&#8217;s responsibility to secure the copyright to reproduce such artwork.<\/span><\/p>\n<p><span style=\"color: #000000;\">Any further use of the photographic material (additional editions, etc.) not specified in the original application is subject to the conclusion of a further licence agreement.<\/span><\/p>\n<\/p>\n<\/p><\/p>\n\t\t\t\t\t<\/div>\n\t\t\t\t\t\t<\/div>\n\t\t\t\t<\/div>\n\t\t\t\t\t\t<\/div>\n\t\t\t\t\t<\/div>\n\t\t<\/div>\n\t\t\t\t\t\t\t\t<\/div>\n\t\t\t\t\t<\/div>\n\t\t<\/section>\n\t\t\t\t\t\t\t\t\t<\/div>\n\t\t\t<\/div>\n\t\t\t\t\t<\/div>\n\t\t","protected":false},"excerpt":{"rendered":"<p>CONDITIONS FOR PROVIDING PHOTOGRAPHIC DOCUMENTATION The Town Gallery Litomy\u0161l provides photo documentation of collection objects in digital form free of charge for scientific and study purposes (final bachelor, diploma or [&hellip;]<\/p>\n","protected":false},"author":7,"featured_media":0,"parent":0,"menu_order":0,"comment_status":"closed","ping_status":"closed","template":"","meta":{"inline_featured_image":false,"footnotes":""},"acf":[],"yoast_head":"<!-- This site is optimized with the Yoast SEO plugin v21.4 - https:\/\/yoast.com\/wordpress\/plugins\/seo\/ -->\n<title>Conditions for providing photographic documentation - M\u011bstsk\u00e1 galerie Litomy\u0161l<\/title>\n<meta name=\"robots\" content=\"index, follow, max-snippet:-1, max-image-preview:large, max-video-preview:-1\" \/>\n<link rel=\"canonical\" href=\"https:\/\/www.galerie.litomysl.cz\/en\/conditions-for-providing-photographic-documentation\/\" \/>\n<meta property=\"og:locale\" content=\"en_US\" \/>\n<meta property=\"og:type\" content=\"article\" \/>\n<meta property=\"og:title\" content=\"Conditions for providing photographic documentation - M\u011bstsk\u00e1 galerie Litomy\u0161l\" \/>\n<meta property=\"og:description\" content=\"CONDITIONS FOR PROVIDING PHOTOGRAPHIC DOCUMENTATION The Town Gallery Litomy\u0161l provides photo documentation of collection objects in digital form free of charge for scientific and study purposes (final bachelor, diploma or [&hellip;]\" \/>\n<meta property=\"og:url\" content=\"https:\/\/www.galerie.litomysl.cz\/en\/conditions-for-providing-photographic-documentation\/\" \/>\n<meta property=\"og:site_name\" content=\"M\u011bstsk\u00e1 galerie Litomy\u0161l\" \/>\n<meta property=\"article:modified_time\" content=\"2024-03-22T11:53:34+00:00\" \/>\n<meta name=\"twitter:card\" content=\"summary_large_image\" \/>\n<meta name=\"twitter:label1\" content=\"Est. reading time\" \/>\n\t<meta name=\"twitter:data1\" content=\"2 minutes\" \/>\n<script type=\"application\/ld+json\" class=\"yoast-schema-graph\">{\"@context\":\"https:\/\/schema.org\",\"@graph\":[{\"@type\":\"WebPage\",\"@id\":\"https:\/\/www.galerie.litomysl.cz\/en\/conditions-for-providing-photographic-documentation\/\",\"url\":\"https:\/\/www.galerie.litomysl.cz\/en\/conditions-for-providing-photographic-documentation\/\",\"name\":\"Conditions for providing photographic documentation - M\u011bstsk\u00e1 galerie Litomy\u0161l\",\"isPartOf\":{\"@id\":\"https:\/\/www.galerie.litomysl.cz\/#website\"},\"datePublished\":\"2023-08-11T07:50:21+00:00\",\"dateModified\":\"2024-03-22T11:53:34+00:00\",\"breadcrumb\":{\"@id\":\"https:\/\/www.galerie.litomysl.cz\/en\/conditions-for-providing-photographic-documentation\/#breadcrumb\"},\"inLanguage\":\"en-US\",\"potentialAction\":[{\"@type\":\"ReadAction\",\"target\":[\"https:\/\/www.galerie.litomysl.cz\/en\/conditions-for-providing-photographic-documentation\/\"]}]},{\"@type\":\"BreadcrumbList\",\"@id\":\"https:\/\/www.galerie.litomysl.cz\/en\/conditions-for-providing-photographic-documentation\/#breadcrumb\",\"itemListElement\":[{\"@type\":\"ListItem\",\"position\":1,\"name\":\"Dom\u016f\",\"item\":\"https:\/\/www.galerie.litomysl.cz\/en\/\"},{\"@type\":\"ListItem\",\"position\":2,\"name\":\"Conditions for providing photographic documentation\"}]},{\"@type\":\"WebSite\",\"@id\":\"https:\/\/www.galerie.litomysl.cz\/#website\",\"url\":\"https:\/\/www.galerie.litomysl.cz\/\",\"name\":\"M\u011bstsk\u00e1 galerie Litomy\u0161l\",\"description\":\"\",\"publisher\":{\"@id\":\"https:\/\/www.galerie.litomysl.cz\/#organization\"},\"potentialAction\":[{\"@type\":\"SearchAction\",\"target\":{\"@type\":\"EntryPoint\",\"urlTemplate\":\"https:\/\/www.galerie.litomysl.cz\/?s={search_term_string}\"},\"query-input\":\"required name=search_term_string\"}],\"inLanguage\":\"en-US\"},{\"@type\":\"Organization\",\"@id\":\"https:\/\/www.galerie.litomysl.cz\/#organization\",\"name\":\"M\u011bstsk\u00e1 galerie Litomy\u0161l\",\"url\":\"https:\/\/www.galerie.litomysl.cz\/\",\"logo\":{\"@type\":\"ImageObject\",\"inLanguage\":\"en-US\",\"@id\":\"https:\/\/www.galerie.litomysl.cz\/#\/schema\/logo\/image\/\",\"url\":\"https:\/\/www.galerie.litomysl.cz\/wp-content\/uploads\/MGL-logo-c..svg\",\"contentUrl\":\"https:\/\/www.galerie.litomysl.cz\/wp-content\/uploads\/MGL-logo-c..svg\",\"width\":212,\"height\":136,\"caption\":\"M\u011bstsk\u00e1 galerie Litomy\u0161l\"},\"image\":{\"@id\":\"https:\/\/www.galerie.litomysl.cz\/#\/schema\/logo\/image\/\"}}]}<\/script>\n<!-- \/ Yoast SEO plugin. -->","yoast_head_json":{"title":"Conditions for providing photographic documentation - M\u011bstsk\u00e1 galerie Litomy\u0161l","robots":{"index":"index","follow":"follow","max-snippet":"max-snippet:-1","max-image-preview":"max-image-preview:large","max-video-preview":"max-video-preview:-1"},"canonical":"https:\/\/www.galerie.litomysl.cz\/en\/conditions-for-providing-photographic-documentation\/","og_locale":"en_US","og_type":"article","og_title":"Conditions for providing photographic documentation - M\u011bstsk\u00e1 galerie Litomy\u0161l","og_description":"CONDITIONS FOR PROVIDING PHOTOGRAPHIC DOCUMENTATION The Town Gallery Litomy\u0161l provides photo documentation of collection objects in digital form free of charge for scientific and study purposes (final bachelor, diploma or [&hellip;]","og_url":"https:\/\/www.galerie.litomysl.cz\/en\/conditions-for-providing-photographic-documentation\/","og_site_name":"M\u011bstsk\u00e1 galerie Litomy\u0161l","article_modified_time":"2024-03-22T11:53:34+00:00","twitter_card":"summary_large_image","twitter_misc":{"Est. reading time":"2 minutes"},"schema":{"@context":"https:\/\/schema.org","@graph":[{"@type":"WebPage","@id":"https:\/\/www.galerie.litomysl.cz\/en\/conditions-for-providing-photographic-documentation\/","url":"https:\/\/www.galerie.litomysl.cz\/en\/conditions-for-providing-photographic-documentation\/","name":"Conditions for providing photographic documentation - M\u011bstsk\u00e1 galerie Litomy\u0161l","isPartOf":{"@id":"https:\/\/www.galerie.litomysl.cz\/#website"},"datePublished":"2023-08-11T07:50:21+00:00","dateModified":"2024-03-22T11:53:34+00:00","breadcrumb":{"@id":"https:\/\/www.galerie.litomysl.cz\/en\/conditions-for-providing-photographic-documentation\/#breadcrumb"},"inLanguage":"en-US","potentialAction":[{"@type":"ReadAction","target":["https:\/\/www.galerie.litomysl.cz\/en\/conditions-for-providing-photographic-documentation\/"]}]},{"@type":"BreadcrumbList","@id":"https:\/\/www.galerie.litomysl.cz\/en\/conditions-for-providing-photographic-documentation\/#breadcrumb","itemListElement":[{"@type":"ListItem","position":1,"name":"Dom\u016f","item":"https:\/\/www.galerie.litomysl.cz\/en\/"},{"@type":"ListItem","position":2,"name":"Conditions for providing photographic documentation"}]},{"@type":"WebSite","@id":"https:\/\/www.galerie.litomysl.cz\/#website","url":"https:\/\/www.galerie.litomysl.cz\/","name":"M\u011bstsk\u00e1 galerie Litomy\u0161l","description":"","publisher":{"@id":"https:\/\/www.galerie.litomysl.cz\/#organization"},"potentialAction":[{"@type":"SearchAction","target":{"@type":"EntryPoint","urlTemplate":"https:\/\/www.galerie.litomysl.cz\/?s={search_term_string}"},"query-input":"required name=search_term_string"}],"inLanguage":"en-US"},{"@type":"Organization","@id":"https:\/\/www.galerie.litomysl.cz\/#organization","name":"M\u011bstsk\u00e1 galerie Litomy\u0161l","url":"https:\/\/www.galerie.litomysl.cz\/","logo":{"@type":"ImageObject","inLanguage":"en-US","@id":"https:\/\/www.galerie.litomysl.cz\/#\/schema\/logo\/image\/","url":"https:\/\/www.galerie.litomysl.cz\/wp-content\/uploads\/MGL-logo-c..svg","contentUrl":"https:\/\/www.galerie.litomysl.cz\/wp-content\/uploads\/MGL-logo-c..svg","width":212,"height":136,"caption":"M\u011bstsk\u00e1 galerie Litomy\u0161l"},"image":{"@id":"https:\/\/www.galerie.litomysl.cz\/#\/schema\/logo\/image\/"}}]}},"_links":{"self":[{"href":"https:\/\/www.galerie.litomysl.cz\/en\/wp-json\/wp\/v2\/pages\/6871"}],"collection":[{"href":"https:\/\/www.galerie.litomysl.cz\/en\/wp-json\/wp\/v2\/pages"}],"about":[{"href":"https:\/\/www.galerie.litomysl.cz\/en\/wp-json\/wp\/v2\/types\/page"}],"author":[{"embeddable":true,"href":"https:\/\/www.galerie.litomysl.cz\/en\/wp-json\/wp\/v2\/users\/7"}],"replies":[{"embeddable":true,"href":"https:\/\/www.galerie.litomysl.cz\/en\/wp-json\/wp\/v2\/comments?post=6871"}],"version-history":[{"count":3,"href":"https:\/\/www.galerie.litomysl.cz\/en\/wp-json\/wp\/v2\/pages\/6871\/revisions"}],"predecessor-version":[{"id":11138,"href":"https:\/\/www.galerie.litomysl.cz\/en\/wp-json\/wp\/v2\/pages\/6871\/revisions\/11138"}],"wp:attachment":[{"href":"https:\/\/www.galerie.litomysl.cz\/en\/wp-json\/wp\/v2\/media?parent=6871"}],"curies":[{"name":"wp","href":"https:\/\/api.w.org\/{rel}","templated":true}]}}