{"id":6860,"date":"2023-08-11T09:46:09","date_gmt":"2023-08-11T07:46:09","guid":{"rendered":"https:\/\/www.galerie.litomysl.cz\/guided-tours-offer\/"},"modified":"2024-03-20T13:59:56","modified_gmt":"2024-03-20T12:59:56","slug":"guided-tours-offer","status":"publish","type":"page","link":"https:\/\/www.galerie.litomysl.cz\/en\/guided-tours-offer\/","title":{"rendered":"Guided tours offer"},"content":{"rendered":"\t\t<div data-elementor-type=\"wp-page\" data-elementor-id=\"6860\" class=\"elementor elementor-6860 elementor-5949\">\n\t\t\t\t\t\t<div class=\"elementor-inner\">\n\t\t\t\t<div class=\"elementor-section-wrap\">\n\t\t\t\t\t\t\t\t\t<section data-particle_enable=\"false\" data-particle-mobile-disabled=\"false\" class=\"elementor-section elementor-top-section elementor-element elementor-element-653f62a9 elementor-section-boxed elementor-section-height-default elementor-section-height-default\" data-id=\"653f62a9\" data-element_type=\"section\">\n\t\t\t\t\t\t<div class=\"elementor-container elementor-column-gap-default\">\n\t\t\t\t\t\t\t<div class=\"elementor-row\">\n\t\t\t\t\t<div class=\"elementor-column elementor-col-100 elementor-top-column elementor-element elementor-element-706d1fd0\" data-id=\"706d1fd0\" data-element_type=\"column\" data-settings=\"{&quot;_ob_column_has_pseudo&quot;:&quot;no&quot;}\">\n\t\t\t<div class=\"elementor-column-wrap elementor-element-populated\">\n\t\t\t\t\t\t\t<div class=\"elementor-widget-wrap\">\n\t\t\t\t\t\t<div class=\"elementor-element elementor-element-4dccd846 elementor-widget elementor-widget-text-editor\" data-id=\"4dccd846\" data-element_type=\"widget\" data-settings=\"{&quot;_ob_postman_use&quot;:&quot;no&quot;}\" data-widget_type=\"text-editor.default\">\n\t\t\t\t<div class=\"elementor-widget-container\">\n\t\t\t\t\t\t\t\t<div class=\"elementor-text-editor elementor-clearfix\">\n\t\t\t\t<p> <\/p>\n<p> <\/p>\n<h3><span style=\"color: #000000;\">Interested in a guided tour?<\/span><\/h3>\n<p><span style=\"color: #000000;\">For groups we offer <strong>guided tours of the current exhibition<\/strong>, the <strong><a style=\"color: #000000;\" href=\"https:\/\/www.galerie.litomysl.cz\/stala-expozice\/plan-b\/\">Plan B<\/a> exhibition<\/strong> (only in the summer months) and also <strong>walks through Litomy\u0161l&#8217;s modern architecture<\/strong>?<\/span><\/p>\n<p><span style=\"color: #000000;\"><strong>Language of tours<\/strong><\/span><br><span style=\"color: #000000;\">Czech, English<\/span><\/p>\n<p><span style=\"color: #000000;\"><strong>Group size<\/strong><\/span><br><span style=\"color: #000000;\">Ideally up to 30 people<\/span><\/p>\n<p><span style=\"color: #000000;\"><strong>Price of the tour<\/strong><\/span><br><span style=\"color: #000000;\">By prior arrangement at <a style=\"color: #000000;\" href=\"mailto:galerie@litomysl.cz\">galerie@litomysl.cz,<\/a> tel: +420 725 957 227 (Tereza Kejvalov\u00e1, gallery assistant).<\/span><\/p>\n<p> <\/p>\n<img loading=\"lazy\" decoding=\"async\" class=\"wp-image-5967 size-large\" src=\"https:\/\/www.galerie.litomysl.cz\/wp-content\/uploads\/IMG_5110-1024x683.jpg\" alt=\"\" width=\"800\" height=\"534\" srcset=\"https:\/\/www.galerie.litomysl.cz\/wp-content\/uploads\/IMG_5110-1024x683.jpg 1024w, https:\/\/www.galerie.litomysl.cz\/wp-content\/uploads\/IMG_5110-300x200.jpg 300w, https:\/\/www.galerie.litomysl.cz\/wp-content\/uploads\/IMG_5110-768x512.jpg 768w, https:\/\/www.galerie.litomysl.cz\/wp-content\/uploads\/IMG_5110-1536x1024.jpg 1536w, https:\/\/www.galerie.litomysl.cz\/wp-content\/uploads\/IMG_5110-2048x1365.jpg 2048w, https:\/\/www.galerie.litomysl.cz\/wp-content\/uploads\/IMG_5110-scaled.jpg 1620w\" sizes=\"(max-width: 800px) 100vw, 800px\" \/>\n<p> <\/p>\n<p> <\/p>\n<p> <\/p>\n<figure class=\"wp-block-image\"><\/figure>\n<figure class=\"wp-block-image\"><\/figure>\n<p> <\/p>\n<p> <\/p>\n<p> <\/p>\n<p> <\/p>\n<figure class=\"wp-block-image\"><span style=\"color: #000000;\"><img alt=\"\"><\/span><\/figure>\n<p> <\/p>\t\t\t\t\t<\/div>\n\t\t\t\t\t\t<\/div>\n\t\t\t\t<\/div>\n\t\t\t\t\t\t<\/div>\n\t\t\t\t\t<\/div>\n\t\t<\/div>\n\t\t\t\t\t\t\t\t<\/div>\n\t\t\t\t\t<\/div>\n\t\t<\/section>\n\t\t\t\t\t\t\t\t\t<\/div>\n\t\t\t<\/div>\n\t\t\t\t\t<\/div>\n\t\t","protected":false},"excerpt":{"rendered":"<p>Interested in a guided tour? For groups we offer guided tours of the current exhibition, the Plan B exhibition (only in the summer months) and also walks through Litomy\u0161l&#8217;s modern [&hellip;]<\/p>\n","protected":false},"author":7,"featured_media":0,"parent":0,"menu_order":0,"comment_status":"closed","ping_status":"closed","template":"","meta":{"inline_featured_image":false,"footnotes":""},"acf":[],"yoast_head":"<!-- This site is optimized with the Yoast SEO plugin v21.4 - https:\/\/yoast.com\/wordpress\/plugins\/seo\/ -->\n<title>Guided tours offer - M\u011bstsk\u00e1 galerie Litomy\u0161l<\/title>\n<meta name=\"robots\" content=\"index, follow, max-snippet:-1, max-image-preview:large, max-video-preview:-1\" \/>\n<link rel=\"canonical\" href=\"https:\/\/www.galerie.litomysl.cz\/en\/guided-tours-offer\/\" \/>\n<meta property=\"og:locale\" content=\"en_US\" \/>\n<meta property=\"og:type\" content=\"article\" \/>\n<meta property=\"og:title\" content=\"Guided tours offer - M\u011bstsk\u00e1 galerie Litomy\u0161l\" \/>\n<meta property=\"og:description\" content=\"Interested in a guided tour? For groups we offer guided tours of the current exhibition, the Plan B exhibition (only in the summer months) and also walks through Litomy\u0161l&#8217;s modern [&hellip;]\" \/>\n<meta property=\"og:url\" content=\"https:\/\/www.galerie.litomysl.cz\/en\/guided-tours-offer\/\" \/>\n<meta property=\"og:site_name\" content=\"M\u011bstsk\u00e1 galerie Litomy\u0161l\" \/>\n<meta property=\"article:modified_time\" content=\"2024-03-20T12:59:56+00:00\" \/>\n<meta property=\"og:image\" content=\"https:\/\/www.galerie.litomysl.cz\/wp-content\/uploads\/IMG_5110-1024x683.jpg\" \/>\n<meta name=\"twitter:card\" content=\"summary_large_image\" \/>\n<script type=\"application\/ld+json\" class=\"yoast-schema-graph\">{\"@context\":\"https:\/\/schema.org\",\"@graph\":[{\"@type\":\"WebPage\",\"@id\":\"https:\/\/www.galerie.litomysl.cz\/en\/guided-tours-offer\/\",\"url\":\"https:\/\/www.galerie.litomysl.cz\/en\/guided-tours-offer\/\",\"name\":\"Guided tours offer - M\u011bstsk\u00e1 galerie Litomy\u0161l\",\"isPartOf\":{\"@id\":\"https:\/\/www.galerie.litomysl.cz\/#website\"},\"datePublished\":\"2023-08-11T07:46:09+00:00\",\"dateModified\":\"2024-03-20T12:59:56+00:00\",\"breadcrumb\":{\"@id\":\"https:\/\/www.galerie.litomysl.cz\/en\/guided-tours-offer\/#breadcrumb\"},\"inLanguage\":\"en-US\",\"potentialAction\":[{\"@type\":\"ReadAction\",\"target\":[\"https:\/\/www.galerie.litomysl.cz\/en\/guided-tours-offer\/\"]}]},{\"@type\":\"BreadcrumbList\",\"@id\":\"https:\/\/www.galerie.litomysl.cz\/en\/guided-tours-offer\/#breadcrumb\",\"itemListElement\":[{\"@type\":\"ListItem\",\"position\":1,\"name\":\"Dom\u016f\",\"item\":\"https:\/\/www.galerie.litomysl.cz\/en\/\"},{\"@type\":\"ListItem\",\"position\":2,\"name\":\"Guided tours offer\"}]},{\"@type\":\"WebSite\",\"@id\":\"https:\/\/www.galerie.litomysl.cz\/#website\",\"url\":\"https:\/\/www.galerie.litomysl.cz\/\",\"name\":\"M\u011bstsk\u00e1 galerie Litomy\u0161l\",\"description\":\"\",\"publisher\":{\"@id\":\"https:\/\/www.galerie.litomysl.cz\/#organization\"},\"potentialAction\":[{\"@type\":\"SearchAction\",\"target\":{\"@type\":\"EntryPoint\",\"urlTemplate\":\"https:\/\/www.galerie.litomysl.cz\/?s={search_term_string}\"},\"query-input\":\"required name=search_term_string\"}],\"inLanguage\":\"en-US\"},{\"@type\":\"Organization\",\"@id\":\"https:\/\/www.galerie.litomysl.cz\/#organization\",\"name\":\"M\u011bstsk\u00e1 galerie Litomy\u0161l\",\"url\":\"https:\/\/www.galerie.litomysl.cz\/\",\"logo\":{\"@type\":\"ImageObject\",\"inLanguage\":\"en-US\",\"@id\":\"https:\/\/www.galerie.litomysl.cz\/#\/schema\/logo\/image\/\",\"url\":\"https:\/\/www.galerie.litomysl.cz\/wp-content\/uploads\/MGL-logo-c..svg\",\"contentUrl\":\"https:\/\/www.galerie.litomysl.cz\/wp-content\/uploads\/MGL-logo-c..svg\",\"width\":212,\"height\":136,\"caption\":\"M\u011bstsk\u00e1 galerie Litomy\u0161l\"},\"image\":{\"@id\":\"https:\/\/www.galerie.litomysl.cz\/#\/schema\/logo\/image\/\"}}]}<\/script>\n<!-- \/ Yoast SEO plugin. -->","yoast_head_json":{"title":"Guided tours offer - M\u011bstsk\u00e1 galerie Litomy\u0161l","robots":{"index":"index","follow":"follow","max-snippet":"max-snippet:-1","max-image-preview":"max-image-preview:large","max-video-preview":"max-video-preview:-1"},"canonical":"https:\/\/www.galerie.litomysl.cz\/en\/guided-tours-offer\/","og_locale":"en_US","og_type":"article","og_title":"Guided tours offer - M\u011bstsk\u00e1 galerie Litomy\u0161l","og_description":"Interested in a guided tour? For groups we offer guided tours of the current exhibition, the Plan B exhibition (only in the summer months) and also walks through Litomy\u0161l&#8217;s modern [&hellip;]","og_url":"https:\/\/www.galerie.litomysl.cz\/en\/guided-tours-offer\/","og_site_name":"M\u011bstsk\u00e1 galerie Litomy\u0161l","article_modified_time":"2024-03-20T12:59:56+00:00","og_image":[{"url":"https:\/\/www.galerie.litomysl.cz\/wp-content\/uploads\/IMG_5110-1024x683.jpg"}],"twitter_card":"summary_large_image","schema":{"@context":"https:\/\/schema.org","@graph":[{"@type":"WebPage","@id":"https:\/\/www.galerie.litomysl.cz\/en\/guided-tours-offer\/","url":"https:\/\/www.galerie.litomysl.cz\/en\/guided-tours-offer\/","name":"Guided tours offer - M\u011bstsk\u00e1 galerie Litomy\u0161l","isPartOf":{"@id":"https:\/\/www.galerie.litomysl.cz\/#website"},"datePublished":"2023-08-11T07:46:09+00:00","dateModified":"2024-03-20T12:59:56+00:00","breadcrumb":{"@id":"https:\/\/www.galerie.litomysl.cz\/en\/guided-tours-offer\/#breadcrumb"},"inLanguage":"en-US","potentialAction":[{"@type":"ReadAction","target":["https:\/\/www.galerie.litomysl.cz\/en\/guided-tours-offer\/"]}]},{"@type":"BreadcrumbList","@id":"https:\/\/www.galerie.litomysl.cz\/en\/guided-tours-offer\/#breadcrumb","itemListElement":[{"@type":"ListItem","position":1,"name":"Dom\u016f","item":"https:\/\/www.galerie.litomysl.cz\/en\/"},{"@type":"ListItem","position":2,"name":"Guided tours offer"}]},{"@type":"WebSite","@id":"https:\/\/www.galerie.litomysl.cz\/#website","url":"https:\/\/www.galerie.litomysl.cz\/","name":"M\u011bstsk\u00e1 galerie Litomy\u0161l","description":"","publisher":{"@id":"https:\/\/www.galerie.litomysl.cz\/#organization"},"potentialAction":[{"@type":"SearchAction","target":{"@type":"EntryPoint","urlTemplate":"https:\/\/www.galerie.litomysl.cz\/?s={search_term_string}"},"query-input":"required name=search_term_string"}],"inLanguage":"en-US"},{"@type":"Organization","@id":"https:\/\/www.galerie.litomysl.cz\/#organization","name":"M\u011bstsk\u00e1 galerie Litomy\u0161l","url":"https:\/\/www.galerie.litomysl.cz\/","logo":{"@type":"ImageObject","inLanguage":"en-US","@id":"https:\/\/www.galerie.litomysl.cz\/#\/schema\/logo\/image\/","url":"https:\/\/www.galerie.litomysl.cz\/wp-content\/uploads\/MGL-logo-c..svg","contentUrl":"https:\/\/www.galerie.litomysl.cz\/wp-content\/uploads\/MGL-logo-c..svg","width":212,"height":136,"caption":"M\u011bstsk\u00e1 galerie Litomy\u0161l"},"image":{"@id":"https:\/\/www.galerie.litomysl.cz\/#\/schema\/logo\/image\/"}}]}},"_links":{"self":[{"href":"https:\/\/www.galerie.litomysl.cz\/en\/wp-json\/wp\/v2\/pages\/6860"}],"collection":[{"href":"https:\/\/www.galerie.litomysl.cz\/en\/wp-json\/wp\/v2\/pages"}],"about":[{"href":"https:\/\/www.galerie.litomysl.cz\/en\/wp-json\/wp\/v2\/types\/page"}],"author":[{"embeddable":true,"href":"https:\/\/www.galerie.litomysl.cz\/en\/wp-json\/wp\/v2\/users\/7"}],"replies":[{"embeddable":true,"href":"https:\/\/www.galerie.litomysl.cz\/en\/wp-json\/wp\/v2\/comments?post=6860"}],"version-history":[{"count":3,"href":"https:\/\/www.galerie.litomysl.cz\/en\/wp-json\/wp\/v2\/pages\/6860\/revisions"}],"predecessor-version":[{"id":11126,"href":"https:\/\/www.galerie.litomysl.cz\/en\/wp-json\/wp\/v2\/pages\/6860\/revisions\/11126"}],"wp:attachment":[{"href":"https:\/\/www.galerie.litomysl.cz\/en\/wp-json\/wp\/v2\/media?parent=6860"}],"curies":[{"name":"wp","href":"https:\/\/api.w.org\/{rel}","templated":true}]}}