{"id":14105,"date":"2025-06-03T15:28:21","date_gmt":"2025-06-03T13:28:21","guid":{"rendered":"https:\/\/www.galerie.litomysl.cz\/travelling-traditions\/"},"modified":"2025-06-03T21:55:48","modified_gmt":"2025-06-03T19:55:48","slug":"travelling-traditions","status":"publish","type":"page","link":"https:\/\/www.galerie.litomysl.cz\/en\/travelling-traditions\/","title":{"rendered":"Travelling traditions"},"content":{"rendered":"\t\t<div data-elementor-type=\"wp-page\" data-elementor-id=\"14105\" class=\"elementor elementor-14105 elementor-14086\">\n\t\t\t\t\t\t<div class=\"elementor-inner\">\n\t\t\t\t<div class=\"elementor-section-wrap\">\n\t\t\t\t\t\t\t\t\t<section data-particle_enable=\"false\" data-particle-mobile-disabled=\"false\" class=\"elementor-section elementor-top-section elementor-element elementor-element-3336acc9 elementor-section-boxed elementor-section-height-default elementor-section-height-default\" data-id=\"3336acc9\" data-element_type=\"section\">\n\t\t\t\t\t\t<div class=\"elementor-container elementor-column-gap-default\">\n\t\t\t\t\t\t\t<div class=\"elementor-row\">\n\t\t\t\t\t<div class=\"elementor-column elementor-col-100 elementor-top-column elementor-element elementor-element-6b72ef93\" data-id=\"6b72ef93\" data-element_type=\"column\" data-settings=\"{&quot;_ob_column_has_pseudo&quot;:&quot;no&quot;}\">\n\t\t\t<div class=\"elementor-column-wrap elementor-element-populated\">\n\t\t\t\t\t\t\t<div class=\"elementor-widget-wrap\">\n\t\t\t\t\t\t<div class=\"elementor-element elementor-element-7db2d46c elementor-widget elementor-widget-text-editor\" data-id=\"7db2d46c\" data-element_type=\"widget\" data-settings=\"{&quot;_ob_postman_use&quot;:&quot;no&quot;}\" data-widget_type=\"text-editor.default\">\n\t\t\t\t<div class=\"elementor-widget-container\">\n\t\t\t\t\t\t\t\t<div class=\"elementor-text-editor elementor-clearfix\">\n\t\t\t\t<p>\u00a0<\/p><h3 class=\"wp-block-heading\"><span style=\"color: #000000;\"><strong>Tom\u00e1\u0161 D\u017eado\u0148<\/strong><br \/><em><strong>Wandering Tradition, 2006<\/strong><\/em><\/span><\/h3><p>\u00a0<\/p><p><span style=\"color: #000000;\">Tomas D\u017eado\u0148&#8217;s log caravan, entitled <em>Wandering Tradition<\/em>, reveals the weak points of our freedom and unrestraint, which predestine us to the role of eternal nomads. Liberation and breaking free from the shackles of tradition and the straitjacket of social norms throw us into a vacuum, and closely following the initial euphoria, come nightmares in the form of lost identity and alienation. Are we condemned to an eternal search for drugs to sooth the resulting anxiety? To increase the doses of sought-after experiences and passions so that they drown out our elementary, yet insistent need to belong. At first glance, our quest for maximum mobility and the desire for permanence and roots could be fulfilled by a log cabin on wheels. In reality, this artwork is an allegorical vehicle of our longing and a questioning of the idyll of constant flexibility. Are we torn by these contradictions indiscriminately, or are there some places like Litomy\u0161l where our pain from globalized homelessness can be soothed by a spa spring. <\/span><br \/><strong><span style=\"color: #800000;\">Open daily from 2 p.m. to 4 p.m.<\/span><\/strong><\/p><p><span style=\"color: #800000;\"><strong>Curator \/ Rostislav Kory\u010d\u00e1nek<\/strong><\/span><\/p><p>\u00a0<\/p><p><span style=\"color: #800000;\"><strong>Location of the work<\/strong> <em>Wandering Tradition<\/em>:<\/span><br \/><span style=\"color: #000000;\"><span style=\"color: #800000;\">14. &#8211; 29. 6. 2025<\/span> \/ Mari\u00e1nsk\u00e1 443 \/ GPS: 49.872403N, 16.311215E<\/span><\/p><p>\u00a0<\/p><p><span style=\"color: #000000;\"><span style=\"color: #800000;\">30. 6. &#8211; 7. 7. 2025<\/span> \/ Smetanovo n\u00e1m. 42, entrance to the garden from Vodn\u00ed valy Street \/ GPS: 49.871413N, 16.309570E <\/span><\/p><p>\u00a0<\/p><p><span style=\"color: #000000;\"><span style=\"color: #800000;\">8. &#8211; 20. 7. 2025<\/span> \/ Mari\u00e1nsk\u00e1 443, courtyard of the Pedagogical School, entrance from Smetanovo n\u00e1m. 21 \/ GPS: 49.872969N, 16.309297E <\/span><\/p><p>\u00a0<\/p><p><span style=\"color: #000000;\"><span style=\"color: #800000;\">21. 7. &#8211; 4. 8. 2025<\/span> \/ Autocamp Prim\u00e1tor, Strakovsk\u00e1 1057 \/ GPS: 49.867924N, 16.322887E<\/span><\/p><p>\u00a0<\/p><p><span style=\"color: #000000;\"><span style=\"color: #800000;\">5. &#8211; 24. 8. 2025<\/span> \/ Bernardka \/ GPS: 49.873476N, 16.307906E<\/span><\/p><p>\u00a0<\/p><p><span style=\"color: #000000;\"><span style=\"color: #800000;\">25. &#8211; 31. 8. 2025<\/span> \/ Zden\u011bk Kopal Park \/ GPS: 49.8612564N, 16.3096694E<\/span><\/p><p>\u00a0<\/p>\t\t\t\t\t<\/div>\n\t\t\t\t\t\t<\/div>\n\t\t\t\t<\/div>\n\t\t\t\t\t\t<\/div>\n\t\t\t\t\t<\/div>\n\t\t<\/div>\n\t\t\t\t\t\t\t\t<\/div>\n\t\t\t\t\t<\/div>\n\t\t<\/section>\n\t\t\t\t\t\t\t\t\t<\/div>\n\t\t\t<\/div>\n\t\t\t\t\t<\/div>\n\t\t","protected":false},"excerpt":{"rendered":"<p>\u00a0 Tom\u00e1\u0161 D\u017eado\u0148Wandering Tradition, 2006 \u00a0 Tomas D\u017eado\u0148&#8217;s log caravan, entitled Wandering Tradition, reveals the weak points of our freedom and unrestraint, which predestine us to the role of eternal [&hellip;]<\/p>\n","protected":false},"author":7,"featured_media":0,"parent":0,"menu_order":0,"comment_status":"closed","ping_status":"closed","template":"","meta":{"inline_featured_image":false,"footnotes":""},"acf":[],"yoast_head":"<!-- This site is optimized with the Yoast SEO plugin v21.4 - https:\/\/yoast.com\/wordpress\/plugins\/seo\/ -->\n<title>Travelling traditions - M\u011bstsk\u00e1 galerie Litomy\u0161l<\/title>\n<meta name=\"robots\" content=\"index, follow, max-snippet:-1, max-image-preview:large, max-video-preview:-1\" \/>\n<link rel=\"canonical\" href=\"https:\/\/www.galerie.litomysl.cz\/en\/travelling-traditions\/\" \/>\n<meta property=\"og:locale\" content=\"en_US\" \/>\n<meta property=\"og:type\" content=\"article\" \/>\n<meta property=\"og:title\" content=\"Travelling traditions - M\u011bstsk\u00e1 galerie Litomy\u0161l\" \/>\n<meta property=\"og:description\" content=\"\u00a0 Tom\u00e1\u0161 D\u017eado\u0148Wandering Tradition, 2006 \u00a0 Tomas D\u017eado\u0148&#8217;s log caravan, entitled Wandering Tradition, reveals the weak points of our freedom and unrestraint, which predestine us to the role of eternal [&hellip;]\" \/>\n<meta property=\"og:url\" content=\"https:\/\/www.galerie.litomysl.cz\/en\/travelling-traditions\/\" \/>\n<meta property=\"og:site_name\" content=\"M\u011bstsk\u00e1 galerie Litomy\u0161l\" \/>\n<meta property=\"article:modified_time\" content=\"2025-06-03T19:55:48+00:00\" \/>\n<meta name=\"twitter:card\" content=\"summary_large_image\" \/>\n<meta name=\"twitter:label1\" content=\"Est. reading time\" \/>\n\t<meta name=\"twitter:data1\" content=\"2 minutes\" \/>\n<script type=\"application\/ld+json\" class=\"yoast-schema-graph\">{\"@context\":\"https:\/\/schema.org\",\"@graph\":[{\"@type\":\"WebPage\",\"@id\":\"https:\/\/www.galerie.litomysl.cz\/en\/travelling-traditions\/\",\"url\":\"https:\/\/www.galerie.litomysl.cz\/en\/travelling-traditions\/\",\"name\":\"Travelling traditions - M\u011bstsk\u00e1 galerie Litomy\u0161l\",\"isPartOf\":{\"@id\":\"https:\/\/www.galerie.litomysl.cz\/#website\"},\"datePublished\":\"2025-06-03T13:28:21+00:00\",\"dateModified\":\"2025-06-03T19:55:48+00:00\",\"breadcrumb\":{\"@id\":\"https:\/\/www.galerie.litomysl.cz\/en\/travelling-traditions\/#breadcrumb\"},\"inLanguage\":\"en-US\",\"potentialAction\":[{\"@type\":\"ReadAction\",\"target\":[\"https:\/\/www.galerie.litomysl.cz\/en\/travelling-traditions\/\"]}]},{\"@type\":\"BreadcrumbList\",\"@id\":\"https:\/\/www.galerie.litomysl.cz\/en\/travelling-traditions\/#breadcrumb\",\"itemListElement\":[{\"@type\":\"ListItem\",\"position\":1,\"name\":\"Dom\u016f\",\"item\":\"https:\/\/www.galerie.litomysl.cz\/en\/\"},{\"@type\":\"ListItem\",\"position\":2,\"name\":\"Travelling traditions\"}]},{\"@type\":\"WebSite\",\"@id\":\"https:\/\/www.galerie.litomysl.cz\/#website\",\"url\":\"https:\/\/www.galerie.litomysl.cz\/\",\"name\":\"M\u011bstsk\u00e1 galerie Litomy\u0161l\",\"description\":\"\",\"publisher\":{\"@id\":\"https:\/\/www.galerie.litomysl.cz\/#organization\"},\"potentialAction\":[{\"@type\":\"SearchAction\",\"target\":{\"@type\":\"EntryPoint\",\"urlTemplate\":\"https:\/\/www.galerie.litomysl.cz\/?s={search_term_string}\"},\"query-input\":\"required name=search_term_string\"}],\"inLanguage\":\"en-US\"},{\"@type\":\"Organization\",\"@id\":\"https:\/\/www.galerie.litomysl.cz\/#organization\",\"name\":\"M\u011bstsk\u00e1 galerie Litomy\u0161l\",\"url\":\"https:\/\/www.galerie.litomysl.cz\/\",\"logo\":{\"@type\":\"ImageObject\",\"inLanguage\":\"en-US\",\"@id\":\"https:\/\/www.galerie.litomysl.cz\/#\/schema\/logo\/image\/\",\"url\":\"https:\/\/www.galerie.litomysl.cz\/wp-content\/uploads\/MGL-logo-c..svg\",\"contentUrl\":\"https:\/\/www.galerie.litomysl.cz\/wp-content\/uploads\/MGL-logo-c..svg\",\"width\":212,\"height\":136,\"caption\":\"M\u011bstsk\u00e1 galerie Litomy\u0161l\"},\"image\":{\"@id\":\"https:\/\/www.galerie.litomysl.cz\/#\/schema\/logo\/image\/\"}}]}<\/script>\n<!-- \/ Yoast SEO plugin. -->","yoast_head_json":{"title":"Travelling traditions - M\u011bstsk\u00e1 galerie Litomy\u0161l","robots":{"index":"index","follow":"follow","max-snippet":"max-snippet:-1","max-image-preview":"max-image-preview:large","max-video-preview":"max-video-preview:-1"},"canonical":"https:\/\/www.galerie.litomysl.cz\/en\/travelling-traditions\/","og_locale":"en_US","og_type":"article","og_title":"Travelling traditions - M\u011bstsk\u00e1 galerie Litomy\u0161l","og_description":"\u00a0 Tom\u00e1\u0161 D\u017eado\u0148Wandering Tradition, 2006 \u00a0 Tomas D\u017eado\u0148&#8217;s log caravan, entitled Wandering Tradition, reveals the weak points of our freedom and unrestraint, which predestine us to the role of eternal [&hellip;]","og_url":"https:\/\/www.galerie.litomysl.cz\/en\/travelling-traditions\/","og_site_name":"M\u011bstsk\u00e1 galerie Litomy\u0161l","article_modified_time":"2025-06-03T19:55:48+00:00","twitter_card":"summary_large_image","twitter_misc":{"Est. reading time":"2 minutes"},"schema":{"@context":"https:\/\/schema.org","@graph":[{"@type":"WebPage","@id":"https:\/\/www.galerie.litomysl.cz\/en\/travelling-traditions\/","url":"https:\/\/www.galerie.litomysl.cz\/en\/travelling-traditions\/","name":"Travelling traditions - M\u011bstsk\u00e1 galerie Litomy\u0161l","isPartOf":{"@id":"https:\/\/www.galerie.litomysl.cz\/#website"},"datePublished":"2025-06-03T13:28:21+00:00","dateModified":"2025-06-03T19:55:48+00:00","breadcrumb":{"@id":"https:\/\/www.galerie.litomysl.cz\/en\/travelling-traditions\/#breadcrumb"},"inLanguage":"en-US","potentialAction":[{"@type":"ReadAction","target":["https:\/\/www.galerie.litomysl.cz\/en\/travelling-traditions\/"]}]},{"@type":"BreadcrumbList","@id":"https:\/\/www.galerie.litomysl.cz\/en\/travelling-traditions\/#breadcrumb","itemListElement":[{"@type":"ListItem","position":1,"name":"Dom\u016f","item":"https:\/\/www.galerie.litomysl.cz\/en\/"},{"@type":"ListItem","position":2,"name":"Travelling traditions"}]},{"@type":"WebSite","@id":"https:\/\/www.galerie.litomysl.cz\/#website","url":"https:\/\/www.galerie.litomysl.cz\/","name":"M\u011bstsk\u00e1 galerie Litomy\u0161l","description":"","publisher":{"@id":"https:\/\/www.galerie.litomysl.cz\/#organization"},"potentialAction":[{"@type":"SearchAction","target":{"@type":"EntryPoint","urlTemplate":"https:\/\/www.galerie.litomysl.cz\/?s={search_term_string}"},"query-input":"required name=search_term_string"}],"inLanguage":"en-US"},{"@type":"Organization","@id":"https:\/\/www.galerie.litomysl.cz\/#organization","name":"M\u011bstsk\u00e1 galerie Litomy\u0161l","url":"https:\/\/www.galerie.litomysl.cz\/","logo":{"@type":"ImageObject","inLanguage":"en-US","@id":"https:\/\/www.galerie.litomysl.cz\/#\/schema\/logo\/image\/","url":"https:\/\/www.galerie.litomysl.cz\/wp-content\/uploads\/MGL-logo-c..svg","contentUrl":"https:\/\/www.galerie.litomysl.cz\/wp-content\/uploads\/MGL-logo-c..svg","width":212,"height":136,"caption":"M\u011bstsk\u00e1 galerie Litomy\u0161l"},"image":{"@id":"https:\/\/www.galerie.litomysl.cz\/#\/schema\/logo\/image\/"}}]}},"_links":{"self":[{"href":"https:\/\/www.galerie.litomysl.cz\/en\/wp-json\/wp\/v2\/pages\/14105"}],"collection":[{"href":"https:\/\/www.galerie.litomysl.cz\/en\/wp-json\/wp\/v2\/pages"}],"about":[{"href":"https:\/\/www.galerie.litomysl.cz\/en\/wp-json\/wp\/v2\/types\/page"}],"author":[{"embeddable":true,"href":"https:\/\/www.galerie.litomysl.cz\/en\/wp-json\/wp\/v2\/users\/7"}],"replies":[{"embeddable":true,"href":"https:\/\/www.galerie.litomysl.cz\/en\/wp-json\/wp\/v2\/comments?post=14105"}],"version-history":[{"count":4,"href":"https:\/\/www.galerie.litomysl.cz\/en\/wp-json\/wp\/v2\/pages\/14105\/revisions"}],"predecessor-version":[{"id":14133,"href":"https:\/\/www.galerie.litomysl.cz\/en\/wp-json\/wp\/v2\/pages\/14105\/revisions\/14133"}],"wp:attachment":[{"href":"https:\/\/www.galerie.litomysl.cz\/en\/wp-json\/wp\/v2\/media?parent=14105"}],"curies":[{"name":"wp","href":"https:\/\/api.w.org\/{rel}","templated":true}]}}