{"id":14099,"date":"2025-06-03T15:18:18","date_gmt":"2025-06-03T13:18:18","guid":{"rendered":"https:\/\/www.galerie.litomysl.cz\/hynek-skotak-mdr-2025\/"},"modified":"2025-06-03T21:47:57","modified_gmt":"2025-06-03T19:47:57","slug":"hynek-skotak-mdr-2025","status":"publish","type":"page","link":"https:\/\/www.galerie.litomysl.cz\/en\/hynek-skotak-mdr-2025\/","title":{"rendered":"Hynek Skot\u00e1k MDR, 2025"},"content":{"rendered":"\t\t<div data-elementor-type=\"wp-page\" data-elementor-id=\"14099\" class=\"elementor elementor-14099\">\n\t\t\t\t\t\t<div class=\"elementor-inner\">\n\t\t\t\t<div class=\"elementor-section-wrap\">\n\t\t\t\t\t\t\t\t\t<section data-particle_enable=\"false\" data-particle-mobile-disabled=\"false\" class=\"elementor-section elementor-top-section elementor-element elementor-element-a36915a elementor-section-boxed elementor-section-height-default elementor-section-height-default\" data-id=\"a36915a\" data-element_type=\"section\">\n\t\t\t\t\t\t<div class=\"elementor-container elementor-column-gap-default\">\n\t\t\t\t\t\t\t<div class=\"elementor-row\">\n\t\t\t\t\t<div class=\"elementor-column elementor-col-100 elementor-top-column elementor-element elementor-element-5040c840\" data-id=\"5040c840\" data-element_type=\"column\" data-settings=\"{&quot;_ob_column_has_pseudo&quot;:&quot;no&quot;}\">\n\t\t\t<div class=\"elementor-column-wrap elementor-element-populated\">\n\t\t\t\t\t\t\t<div class=\"elementor-widget-wrap\">\n\t\t\t\t\t\t<div class=\"elementor-element elementor-element-6c8d433 elementor-widget elementor-widget-text-editor\" data-id=\"6c8d433\" data-element_type=\"widget\" data-settings=\"{&quot;_ob_postman_use&quot;:&quot;no&quot;}\" data-widget_type=\"text-editor.default\">\n\t\t\t\t<div class=\"elementor-widget-container\">\n\t\t\t\t\t\t\t\t<div class=\"elementor-text-editor elementor-clearfix\">\n\t\t\t\t<p>\u00a0<\/p><h3><span style=\"color: #000000;\">Hynek Skot\u00e1k<\/span><br \/><span style=\"color: #000000;\"><em>MDR, 2025<\/em><\/span><\/h3><p>\u00a0<\/p><p><span style=\"color: #000000;\"><em>MDR<\/em> is an acronym for the name of Magdalena Dobromila Rettigov\u00e1 \u2013 a native of Litomy\u0161l. At the same time, it hides another anagram that will only be revealed to us after dark. The new exhibition space spread across three shop windows is located in Litomy\u0161l on M. D. Rettigov\u00e1 Street and will commence its exhibition activities there in June 2025 under the auspices of the Town Gallery. The pilot project attracts the attention of passers-by to the new showcase gallery with its minimalistic intervention that lights up the darkness of the peaceful historical town \u2013 in which the bishopric once resided and where many important personalities, including Bo\u017eena N\u011bmcov\u00e1, Alois Jir\u00e1sek and Bed\u0159ich Smetana, spent time. <\/span><\/p><p>\u00a0<\/p><p><span style=\"color: #000000;\">The light-intervention by sculptor and conceptual artist Hynek Skot\u00e1k, entitled <em>MDR<\/em>, responds to the peaceful nature of the city and to the cramming of the urban space with artistic artefacts from previous years. The gallery brings the spirit of the so-called alleys of love to M. D. Rettigov\u00e1 street: the red-light windows arouse curiosity, stimulate the imagination, while at the same time reveal nothing more about what is inside the ornate house at No. 118. <em>MDR<\/em> works with light in a very modest manner, with an exacting design framing the defined the area. The subversive nature of the installation urges us to ask question: Will there be a newly opened enterprise trading in pleasure here? However, MDR does not offer a clear answer and changes its character according to the time of day but shines most brightly in the dark. <\/span><\/p><p><span style=\"color: #800000;\"><strong>Curator\/ Marcela Strakov\u00e1<\/strong><\/span><br \/><span style=\"color: #000000;\">Location\/ Smetanovo n\u00e1m. no. 118 (windows facing Magdalena Dobromila Rettigova Street)<\/span><br \/><span style=\"color: #000000;\">GPS\/ 49.871188N, 16.310987E<\/span><\/p><p>\u00a0<\/p>\t\t\t\t\t<\/div>\n\t\t\t\t\t\t<\/div>\n\t\t\t\t<\/div>\n\t\t\t\t\t\t<\/div>\n\t\t\t\t\t<\/div>\n\t\t<\/div>\n\t\t\t\t\t\t\t\t<\/div>\n\t\t\t\t\t<\/div>\n\t\t<\/section>\n\t\t\t\t\t\t\t\t\t<\/div>\n\t\t\t<\/div>\n\t\t\t\t\t<\/div>\n\t\t","protected":false},"excerpt":{"rendered":"<p>\u00a0 Hynek Skot\u00e1kMDR, 2025 \u00a0 MDR is an acronym for the name of Magdalena Dobromila Rettigov\u00e1 \u2013 a native of Litomy\u0161l. At the same time, it hides another anagram that [&hellip;]<\/p>\n","protected":false},"author":7,"featured_media":0,"parent":0,"menu_order":0,"comment_status":"closed","ping_status":"closed","template":"","meta":{"inline_featured_image":false,"footnotes":""},"acf":[],"yoast_head":"<!-- This site is optimized with the Yoast SEO plugin v21.4 - https:\/\/yoast.com\/wordpress\/plugins\/seo\/ -->\n<title>Hynek Skot\u00e1k MDR, 2025 - M\u011bstsk\u00e1 galerie Litomy\u0161l<\/title>\n<meta name=\"robots\" content=\"index, follow, max-snippet:-1, max-image-preview:large, max-video-preview:-1\" \/>\n<link rel=\"canonical\" href=\"https:\/\/www.galerie.litomysl.cz\/en\/hynek-skotak-mdr-2025\/\" \/>\n<meta property=\"og:locale\" content=\"en_US\" \/>\n<meta property=\"og:type\" content=\"article\" \/>\n<meta property=\"og:title\" content=\"Hynek Skot\u00e1k MDR, 2025 - M\u011bstsk\u00e1 galerie Litomy\u0161l\" \/>\n<meta property=\"og:description\" content=\"\u00a0 Hynek Skot\u00e1kMDR, 2025 \u00a0 MDR is an acronym for the name of Magdalena Dobromila Rettigov\u00e1 \u2013 a native of Litomy\u0161l. At the same time, it hides another anagram that [&hellip;]\" \/>\n<meta property=\"og:url\" content=\"https:\/\/www.galerie.litomysl.cz\/en\/hynek-skotak-mdr-2025\/\" \/>\n<meta property=\"og:site_name\" content=\"M\u011bstsk\u00e1 galerie Litomy\u0161l\" \/>\n<meta property=\"article:modified_time\" content=\"2025-06-03T19:47:57+00:00\" \/>\n<meta name=\"twitter:card\" content=\"summary_large_image\" \/>\n<meta name=\"twitter:label1\" content=\"Est. reading time\" \/>\n\t<meta name=\"twitter:data1\" content=\"2 minutes\" \/>\n<script type=\"application\/ld+json\" class=\"yoast-schema-graph\">{\"@context\":\"https:\/\/schema.org\",\"@graph\":[{\"@type\":\"WebPage\",\"@id\":\"https:\/\/www.galerie.litomysl.cz\/en\/hynek-skotak-mdr-2025\/\",\"url\":\"https:\/\/www.galerie.litomysl.cz\/en\/hynek-skotak-mdr-2025\/\",\"name\":\"Hynek Skot\u00e1k MDR, 2025 - M\u011bstsk\u00e1 galerie Litomy\u0161l\",\"isPartOf\":{\"@id\":\"https:\/\/www.galerie.litomysl.cz\/#website\"},\"datePublished\":\"2025-06-03T13:18:18+00:00\",\"dateModified\":\"2025-06-03T19:47:57+00:00\",\"breadcrumb\":{\"@id\":\"https:\/\/www.galerie.litomysl.cz\/en\/hynek-skotak-mdr-2025\/#breadcrumb\"},\"inLanguage\":\"en-US\",\"potentialAction\":[{\"@type\":\"ReadAction\",\"target\":[\"https:\/\/www.galerie.litomysl.cz\/en\/hynek-skotak-mdr-2025\/\"]}]},{\"@type\":\"BreadcrumbList\",\"@id\":\"https:\/\/www.galerie.litomysl.cz\/en\/hynek-skotak-mdr-2025\/#breadcrumb\",\"itemListElement\":[{\"@type\":\"ListItem\",\"position\":1,\"name\":\"Dom\u016f\",\"item\":\"https:\/\/www.galerie.litomysl.cz\/en\/\"},{\"@type\":\"ListItem\",\"position\":2,\"name\":\"Hynek Skot\u00e1k MDR, 2025\"}]},{\"@type\":\"WebSite\",\"@id\":\"https:\/\/www.galerie.litomysl.cz\/#website\",\"url\":\"https:\/\/www.galerie.litomysl.cz\/\",\"name\":\"M\u011bstsk\u00e1 galerie Litomy\u0161l\",\"description\":\"\",\"publisher\":{\"@id\":\"https:\/\/www.galerie.litomysl.cz\/#organization\"},\"potentialAction\":[{\"@type\":\"SearchAction\",\"target\":{\"@type\":\"EntryPoint\",\"urlTemplate\":\"https:\/\/www.galerie.litomysl.cz\/?s={search_term_string}\"},\"query-input\":\"required name=search_term_string\"}],\"inLanguage\":\"en-US\"},{\"@type\":\"Organization\",\"@id\":\"https:\/\/www.galerie.litomysl.cz\/#organization\",\"name\":\"M\u011bstsk\u00e1 galerie Litomy\u0161l\",\"url\":\"https:\/\/www.galerie.litomysl.cz\/\",\"logo\":{\"@type\":\"ImageObject\",\"inLanguage\":\"en-US\",\"@id\":\"https:\/\/www.galerie.litomysl.cz\/#\/schema\/logo\/image\/\",\"url\":\"https:\/\/www.galerie.litomysl.cz\/wp-content\/uploads\/MGL-logo-c..svg\",\"contentUrl\":\"https:\/\/www.galerie.litomysl.cz\/wp-content\/uploads\/MGL-logo-c..svg\",\"width\":212,\"height\":136,\"caption\":\"M\u011bstsk\u00e1 galerie Litomy\u0161l\"},\"image\":{\"@id\":\"https:\/\/www.galerie.litomysl.cz\/#\/schema\/logo\/image\/\"}}]}<\/script>\n<!-- \/ Yoast SEO plugin. -->","yoast_head_json":{"title":"Hynek Skot\u00e1k MDR, 2025 - M\u011bstsk\u00e1 galerie Litomy\u0161l","robots":{"index":"index","follow":"follow","max-snippet":"max-snippet:-1","max-image-preview":"max-image-preview:large","max-video-preview":"max-video-preview:-1"},"canonical":"https:\/\/www.galerie.litomysl.cz\/en\/hynek-skotak-mdr-2025\/","og_locale":"en_US","og_type":"article","og_title":"Hynek Skot\u00e1k MDR, 2025 - M\u011bstsk\u00e1 galerie Litomy\u0161l","og_description":"\u00a0 Hynek Skot\u00e1kMDR, 2025 \u00a0 MDR is an acronym for the name of Magdalena Dobromila Rettigov\u00e1 \u2013 a native of Litomy\u0161l. At the same time, it hides another anagram that [&hellip;]","og_url":"https:\/\/www.galerie.litomysl.cz\/en\/hynek-skotak-mdr-2025\/","og_site_name":"M\u011bstsk\u00e1 galerie Litomy\u0161l","article_modified_time":"2025-06-03T19:47:57+00:00","twitter_card":"summary_large_image","twitter_misc":{"Est. reading time":"2 minutes"},"schema":{"@context":"https:\/\/schema.org","@graph":[{"@type":"WebPage","@id":"https:\/\/www.galerie.litomysl.cz\/en\/hynek-skotak-mdr-2025\/","url":"https:\/\/www.galerie.litomysl.cz\/en\/hynek-skotak-mdr-2025\/","name":"Hynek Skot\u00e1k MDR, 2025 - M\u011bstsk\u00e1 galerie Litomy\u0161l","isPartOf":{"@id":"https:\/\/www.galerie.litomysl.cz\/#website"},"datePublished":"2025-06-03T13:18:18+00:00","dateModified":"2025-06-03T19:47:57+00:00","breadcrumb":{"@id":"https:\/\/www.galerie.litomysl.cz\/en\/hynek-skotak-mdr-2025\/#breadcrumb"},"inLanguage":"en-US","potentialAction":[{"@type":"ReadAction","target":["https:\/\/www.galerie.litomysl.cz\/en\/hynek-skotak-mdr-2025\/"]}]},{"@type":"BreadcrumbList","@id":"https:\/\/www.galerie.litomysl.cz\/en\/hynek-skotak-mdr-2025\/#breadcrumb","itemListElement":[{"@type":"ListItem","position":1,"name":"Dom\u016f","item":"https:\/\/www.galerie.litomysl.cz\/en\/"},{"@type":"ListItem","position":2,"name":"Hynek Skot\u00e1k MDR, 2025"}]},{"@type":"WebSite","@id":"https:\/\/www.galerie.litomysl.cz\/#website","url":"https:\/\/www.galerie.litomysl.cz\/","name":"M\u011bstsk\u00e1 galerie Litomy\u0161l","description":"","publisher":{"@id":"https:\/\/www.galerie.litomysl.cz\/#organization"},"potentialAction":[{"@type":"SearchAction","target":{"@type":"EntryPoint","urlTemplate":"https:\/\/www.galerie.litomysl.cz\/?s={search_term_string}"},"query-input":"required name=search_term_string"}],"inLanguage":"en-US"},{"@type":"Organization","@id":"https:\/\/www.galerie.litomysl.cz\/#organization","name":"M\u011bstsk\u00e1 galerie Litomy\u0161l","url":"https:\/\/www.galerie.litomysl.cz\/","logo":{"@type":"ImageObject","inLanguage":"en-US","@id":"https:\/\/www.galerie.litomysl.cz\/#\/schema\/logo\/image\/","url":"https:\/\/www.galerie.litomysl.cz\/wp-content\/uploads\/MGL-logo-c..svg","contentUrl":"https:\/\/www.galerie.litomysl.cz\/wp-content\/uploads\/MGL-logo-c..svg","width":212,"height":136,"caption":"M\u011bstsk\u00e1 galerie Litomy\u0161l"},"image":{"@id":"https:\/\/www.galerie.litomysl.cz\/#\/schema\/logo\/image\/"}}]}},"_links":{"self":[{"href":"https:\/\/www.galerie.litomysl.cz\/en\/wp-json\/wp\/v2\/pages\/14099"}],"collection":[{"href":"https:\/\/www.galerie.litomysl.cz\/en\/wp-json\/wp\/v2\/pages"}],"about":[{"href":"https:\/\/www.galerie.litomysl.cz\/en\/wp-json\/wp\/v2\/types\/page"}],"author":[{"embeddable":true,"href":"https:\/\/www.galerie.litomysl.cz\/en\/wp-json\/wp\/v2\/users\/7"}],"replies":[{"embeddable":true,"href":"https:\/\/www.galerie.litomysl.cz\/en\/wp-json\/wp\/v2\/comments?post=14099"}],"version-history":[{"count":4,"href":"https:\/\/www.galerie.litomysl.cz\/en\/wp-json\/wp\/v2\/pages\/14099\/revisions"}],"predecessor-version":[{"id":14121,"href":"https:\/\/www.galerie.litomysl.cz\/en\/wp-json\/wp\/v2\/pages\/14099\/revisions\/14121"}],"wp:attachment":[{"href":"https:\/\/www.galerie.litomysl.cz\/en\/wp-json\/wp\/v2\/media?parent=14099"}],"curies":[{"name":"wp","href":"https:\/\/api.w.org\/{rel}","templated":true}]}}