{"id":14097,"date":"2025-06-03T15:15:28","date_gmt":"2025-06-03T13:15:28","guid":{"rendered":"https:\/\/www.galerie.litomysl.cz\/christof-zwiener\/"},"modified":"2025-06-03T15:15:28","modified_gmt":"2025-06-03T13:15:28","slug":"christof-zwiener","status":"publish","type":"page","link":"https:\/\/www.galerie.litomysl.cz\/en\/christof-zwiener\/","title":{"rendered":"Christof Zwiener"},"content":{"rendered":"\t\t<div data-elementor-type=\"wp-page\" data-elementor-id=\"14097\" class=\"elementor elementor-14097\">\n\t\t\t\t\t\t<div class=\"elementor-inner\">\n\t\t\t\t<div class=\"elementor-section-wrap\">\n\t\t\t\t\t\t\t\t\t<section data-particle_enable=\"false\" data-particle-mobile-disabled=\"false\" class=\"elementor-section elementor-top-section elementor-element elementor-element-6dd1509d elementor-section-boxed elementor-section-height-default elementor-section-height-default\" data-id=\"6dd1509d\" data-element_type=\"section\">\n\t\t\t\t\t\t<div class=\"elementor-container elementor-column-gap-default\">\n\t\t\t\t\t\t\t<div class=\"elementor-row\">\n\t\t\t\t\t<div class=\"elementor-column elementor-col-100 elementor-top-column elementor-element elementor-element-6510afa0\" data-id=\"6510afa0\" data-element_type=\"column\" data-settings=\"{&quot;_ob_column_has_pseudo&quot;:&quot;no&quot;}\">\n\t\t\t<div class=\"elementor-column-wrap elementor-element-populated\">\n\t\t\t\t\t\t\t<div class=\"elementor-widget-wrap\">\n\t\t\t\t\t\t<div class=\"elementor-element elementor-element-1d0e0c69 elementor-widget elementor-widget-text-editor\" data-id=\"1d0e0c69\" data-element_type=\"widget\" data-settings=\"{&quot;_ob_postman_use&quot;:&quot;no&quot;}\" data-widget_type=\"text-editor.default\">\n\t\t\t\t<div class=\"elementor-widget-container\">\n\t\t\t\t\t\t\t\t<div class=\"elementor-text-editor elementor-clearfix\">\n\t\t\t\t<p><span style=\"color: #000000;\"><\/span><\/p>\n<h3 class=\"wp-block-heading\"><span style=\"color: #000000;\"><strong>Christof Zwiener<br><\/strong><em><strong>Out of the Blue, 2025<\/strong><\/em><\/span><\/h3>\n<p><span style=\"color: #000000;\"><\/span><\/p>\n<p><span style=\"color: #000000;\">In the passage of the Na \u0160pit\u00e1lku Pharmacy, a work by Berlin artist Christof Zwiener breathes quietly. <em>Out of the Blue&#8217;s<\/em> presence is almost imperceptible \u2013 a sound installation whose rhythm resembles human breathing. As it gently inhales and exhales, the space turns into a living organism on the boundary between the audible and the overlooked. The inspiration was an unfinished composition by V\u00edt\u011bzslava Kapr\u00e1lov\u00e1, whose diseased lungs are figuratively transformed into a source of life. Sound, air, memory and the body are all intertwined in the work, resulting in a subliminal meditation on vulnerability and restlessness. What initially seems to be random noise gradually sets both space and perception vibrating \u2013 as if the city itself was holding its breath for a moment.    <\/span><\/p>\n<p><span style=\"color: #800000;\"><strong>Curator\/ \u017daneta Richterov\u00e1<\/strong><\/span><br><span style=\"color: #000000;\">Location \/ Na \u0160pit\u00e1lku Pharmacy , Toulovcovo n\u00e1m. 512 (passage to the courtyard) <\/span><br><span style=\"color: #000000;\">GPS \/ 49.871416N, 16.311394E<\/span><\/p>\n<p><span style=\"color: #000000;\"><\/span><\/p>\t\t\t\t\t<\/div>\n\t\t\t\t\t\t<\/div>\n\t\t\t\t<\/div>\n\t\t\t\t\t\t<\/div>\n\t\t\t\t\t<\/div>\n\t\t<\/div>\n\t\t\t\t\t\t\t\t<\/div>\n\t\t\t\t\t<\/div>\n\t\t<\/section>\n\t\t\t\t\t\t\t\t\t<\/div>\n\t\t\t<\/div>\n\t\t\t\t\t<\/div>\n\t\t","protected":false},"excerpt":{"rendered":"<p>Christof ZwienerOut of the Blue, 2025 In the passage of the Na \u0160pit\u00e1lku Pharmacy, a work by Berlin artist Christof Zwiener breathes quietly. Out of the Blue&#8217;s presence is almost [&hellip;]<\/p>\n","protected":false},"author":7,"featured_media":0,"parent":0,"menu_order":0,"comment_status":"closed","ping_status":"closed","template":"","meta":{"inline_featured_image":false,"footnotes":""},"acf":[],"yoast_head":"<!-- This site is optimized with the Yoast SEO plugin v21.4 - https:\/\/yoast.com\/wordpress\/plugins\/seo\/ -->\n<title>Christof Zwiener - M\u011bstsk\u00e1 galerie Litomy\u0161l<\/title>\n<meta name=\"robots\" content=\"index, follow, max-snippet:-1, max-image-preview:large, max-video-preview:-1\" \/>\n<link rel=\"canonical\" href=\"https:\/\/www.galerie.litomysl.cz\/en\/christof-zwiener\/\" \/>\n<meta property=\"og:locale\" content=\"en_US\" \/>\n<meta property=\"og:type\" content=\"article\" \/>\n<meta property=\"og:title\" content=\"Christof Zwiener - M\u011bstsk\u00e1 galerie Litomy\u0161l\" \/>\n<meta property=\"og:description\" content=\"Christof ZwienerOut of the Blue, 2025 In the passage of the Na \u0160pit\u00e1lku Pharmacy, a work by Berlin artist Christof Zwiener breathes quietly. Out of the Blue&#8217;s presence is almost [&hellip;]\" \/>\n<meta property=\"og:url\" content=\"https:\/\/www.galerie.litomysl.cz\/en\/christof-zwiener\/\" \/>\n<meta property=\"og:site_name\" content=\"M\u011bstsk\u00e1 galerie Litomy\u0161l\" \/>\n<meta name=\"twitter:card\" content=\"summary_large_image\" \/>\n<meta name=\"twitter:label1\" content=\"Est. reading time\" \/>\n\t<meta name=\"twitter:data1\" content=\"1 minute\" \/>\n<script type=\"application\/ld+json\" class=\"yoast-schema-graph\">{\"@context\":\"https:\/\/schema.org\",\"@graph\":[{\"@type\":\"WebPage\",\"@id\":\"https:\/\/www.galerie.litomysl.cz\/en\/christof-zwiener\/\",\"url\":\"https:\/\/www.galerie.litomysl.cz\/en\/christof-zwiener\/\",\"name\":\"Christof Zwiener - M\u011bstsk\u00e1 galerie Litomy\u0161l\",\"isPartOf\":{\"@id\":\"https:\/\/www.galerie.litomysl.cz\/#website\"},\"datePublished\":\"2025-06-03T13:15:28+00:00\",\"dateModified\":\"2025-06-03T13:15:28+00:00\",\"breadcrumb\":{\"@id\":\"https:\/\/www.galerie.litomysl.cz\/en\/christof-zwiener\/#breadcrumb\"},\"inLanguage\":\"en-US\",\"potentialAction\":[{\"@type\":\"ReadAction\",\"target\":[\"https:\/\/www.galerie.litomysl.cz\/en\/christof-zwiener\/\"]}]},{\"@type\":\"BreadcrumbList\",\"@id\":\"https:\/\/www.galerie.litomysl.cz\/en\/christof-zwiener\/#breadcrumb\",\"itemListElement\":[{\"@type\":\"ListItem\",\"position\":1,\"name\":\"Dom\u016f\",\"item\":\"https:\/\/www.galerie.litomysl.cz\/en\/\"},{\"@type\":\"ListItem\",\"position\":2,\"name\":\"Christof Zwiener\"}]},{\"@type\":\"WebSite\",\"@id\":\"https:\/\/www.galerie.litomysl.cz\/#website\",\"url\":\"https:\/\/www.galerie.litomysl.cz\/\",\"name\":\"M\u011bstsk\u00e1 galerie Litomy\u0161l\",\"description\":\"\",\"publisher\":{\"@id\":\"https:\/\/www.galerie.litomysl.cz\/#organization\"},\"potentialAction\":[{\"@type\":\"SearchAction\",\"target\":{\"@type\":\"EntryPoint\",\"urlTemplate\":\"https:\/\/www.galerie.litomysl.cz\/?s={search_term_string}\"},\"query-input\":\"required name=search_term_string\"}],\"inLanguage\":\"en-US\"},{\"@type\":\"Organization\",\"@id\":\"https:\/\/www.galerie.litomysl.cz\/#organization\",\"name\":\"M\u011bstsk\u00e1 galerie Litomy\u0161l\",\"url\":\"https:\/\/www.galerie.litomysl.cz\/\",\"logo\":{\"@type\":\"ImageObject\",\"inLanguage\":\"en-US\",\"@id\":\"https:\/\/www.galerie.litomysl.cz\/#\/schema\/logo\/image\/\",\"url\":\"https:\/\/www.galerie.litomysl.cz\/wp-content\/uploads\/MGL-logo-c..svg\",\"contentUrl\":\"https:\/\/www.galerie.litomysl.cz\/wp-content\/uploads\/MGL-logo-c..svg\",\"width\":212,\"height\":136,\"caption\":\"M\u011bstsk\u00e1 galerie Litomy\u0161l\"},\"image\":{\"@id\":\"https:\/\/www.galerie.litomysl.cz\/#\/schema\/logo\/image\/\"}}]}<\/script>\n<!-- \/ Yoast SEO plugin. -->","yoast_head_json":{"title":"Christof Zwiener - M\u011bstsk\u00e1 galerie Litomy\u0161l","robots":{"index":"index","follow":"follow","max-snippet":"max-snippet:-1","max-image-preview":"max-image-preview:large","max-video-preview":"max-video-preview:-1"},"canonical":"https:\/\/www.galerie.litomysl.cz\/en\/christof-zwiener\/","og_locale":"en_US","og_type":"article","og_title":"Christof Zwiener - M\u011bstsk\u00e1 galerie Litomy\u0161l","og_description":"Christof ZwienerOut of the Blue, 2025 In the passage of the Na \u0160pit\u00e1lku Pharmacy, a work by Berlin artist Christof Zwiener breathes quietly. Out of the Blue&#8217;s presence is almost [&hellip;]","og_url":"https:\/\/www.galerie.litomysl.cz\/en\/christof-zwiener\/","og_site_name":"M\u011bstsk\u00e1 galerie Litomy\u0161l","twitter_card":"summary_large_image","twitter_misc":{"Est. reading time":"1 minute"},"schema":{"@context":"https:\/\/schema.org","@graph":[{"@type":"WebPage","@id":"https:\/\/www.galerie.litomysl.cz\/en\/christof-zwiener\/","url":"https:\/\/www.galerie.litomysl.cz\/en\/christof-zwiener\/","name":"Christof Zwiener - M\u011bstsk\u00e1 galerie Litomy\u0161l","isPartOf":{"@id":"https:\/\/www.galerie.litomysl.cz\/#website"},"datePublished":"2025-06-03T13:15:28+00:00","dateModified":"2025-06-03T13:15:28+00:00","breadcrumb":{"@id":"https:\/\/www.galerie.litomysl.cz\/en\/christof-zwiener\/#breadcrumb"},"inLanguage":"en-US","potentialAction":[{"@type":"ReadAction","target":["https:\/\/www.galerie.litomysl.cz\/en\/christof-zwiener\/"]}]},{"@type":"BreadcrumbList","@id":"https:\/\/www.galerie.litomysl.cz\/en\/christof-zwiener\/#breadcrumb","itemListElement":[{"@type":"ListItem","position":1,"name":"Dom\u016f","item":"https:\/\/www.galerie.litomysl.cz\/en\/"},{"@type":"ListItem","position":2,"name":"Christof Zwiener"}]},{"@type":"WebSite","@id":"https:\/\/www.galerie.litomysl.cz\/#website","url":"https:\/\/www.galerie.litomysl.cz\/","name":"M\u011bstsk\u00e1 galerie Litomy\u0161l","description":"","publisher":{"@id":"https:\/\/www.galerie.litomysl.cz\/#organization"},"potentialAction":[{"@type":"SearchAction","target":{"@type":"EntryPoint","urlTemplate":"https:\/\/www.galerie.litomysl.cz\/?s={search_term_string}"},"query-input":"required name=search_term_string"}],"inLanguage":"en-US"},{"@type":"Organization","@id":"https:\/\/www.galerie.litomysl.cz\/#organization","name":"M\u011bstsk\u00e1 galerie Litomy\u0161l","url":"https:\/\/www.galerie.litomysl.cz\/","logo":{"@type":"ImageObject","inLanguage":"en-US","@id":"https:\/\/www.galerie.litomysl.cz\/#\/schema\/logo\/image\/","url":"https:\/\/www.galerie.litomysl.cz\/wp-content\/uploads\/MGL-logo-c..svg","contentUrl":"https:\/\/www.galerie.litomysl.cz\/wp-content\/uploads\/MGL-logo-c..svg","width":212,"height":136,"caption":"M\u011bstsk\u00e1 galerie Litomy\u0161l"},"image":{"@id":"https:\/\/www.galerie.litomysl.cz\/#\/schema\/logo\/image\/"}}]}},"_links":{"self":[{"href":"https:\/\/www.galerie.litomysl.cz\/en\/wp-json\/wp\/v2\/pages\/14097"}],"collection":[{"href":"https:\/\/www.galerie.litomysl.cz\/en\/wp-json\/wp\/v2\/pages"}],"about":[{"href":"https:\/\/www.galerie.litomysl.cz\/en\/wp-json\/wp\/v2\/types\/page"}],"author":[{"embeddable":true,"href":"https:\/\/www.galerie.litomysl.cz\/en\/wp-json\/wp\/v2\/users\/7"}],"replies":[{"embeddable":true,"href":"https:\/\/www.galerie.litomysl.cz\/en\/wp-json\/wp\/v2\/comments?post=14097"}],"version-history":[{"count":1,"href":"https:\/\/www.galerie.litomysl.cz\/en\/wp-json\/wp\/v2\/pages\/14097\/revisions"}],"predecessor-version":[{"id":14098,"href":"https:\/\/www.galerie.litomysl.cz\/en\/wp-json\/wp\/v2\/pages\/14097\/revisions\/14098"}],"wp:attachment":[{"href":"https:\/\/www.galerie.litomysl.cz\/en\/wp-json\/wp\/v2\/media?parent=14097"}],"curies":[{"name":"wp","href":"https:\/\/api.w.org\/{rel}","templated":true}]}}