{"id":13236,"date":"2025-01-07T23:20:28","date_gmt":"2025-01-07T22:20:28","guid":{"rendered":"https:\/\/www.galerie.litomysl.cz\/vazene-navstevnice-vazeni-navstevnici\/"},"modified":"2026-01-12T08:52:28","modified_gmt":"2026-01-12T07:52:28","slug":"vazene-navstevnice-vazeni-navstevnici","status":"publish","type":"page","link":"https:\/\/www.galerie.litomysl.cz\/en\/vazene-navstevnice-vazeni-navstevnici\/","title":{"rendered":"The House of the Knights &#8211; closed"},"content":{"rendered":"\t\t<div data-elementor-type=\"wp-page\" data-elementor-id=\"13236\" class=\"elementor elementor-13236 elementor-13115\">\n\t\t\t\t\t\t<div class=\"elementor-inner\">\n\t\t\t\t<div class=\"elementor-section-wrap\">\n\t\t\t\t\t\t\t\t\t<section data-particle_enable=\"false\" data-particle-mobile-disabled=\"false\" class=\"elementor-section elementor-top-section elementor-element elementor-element-4bf6a81a elementor-section-boxed elementor-section-height-default elementor-section-height-default\" data-id=\"4bf6a81a\" data-element_type=\"section\">\n\t\t\t\t\t\t<div class=\"elementor-container elementor-column-gap-default\">\n\t\t\t\t\t\t\t<div class=\"elementor-row\">\n\t\t\t\t\t<div class=\"elementor-column elementor-col-100 elementor-top-column elementor-element elementor-element-19f46eb3\" data-id=\"19f46eb3\" data-element_type=\"column\" data-settings=\"{&quot;_ob_column_has_pseudo&quot;:&quot;no&quot;}\">\n\t\t\t<div class=\"elementor-column-wrap elementor-element-populated\">\n\t\t\t\t\t\t\t<div class=\"elementor-widget-wrap\">\n\t\t\t\t\t\t<div class=\"elementor-element elementor-element-38673de0 elementor-widget elementor-widget-text-editor\" data-id=\"38673de0\" data-element_type=\"widget\" data-settings=\"{&quot;_ob_postman_use&quot;:&quot;no&quot;}\" data-widget_type=\"text-editor.default\">\n\t\t\t\t<div class=\"elementor-widget-container\">\n\t\t\t\t\t\t\t\t<div class=\"elementor-text-editor elementor-clearfix\">\n\t\t\t\t<h2> <\/h2>\n<h1><span style=\"color: #000000;\"><strong><em>DEAR VISITORS<\/em><\/strong>,<\/span><\/h1>\n\t\t\t\t\t<\/div>\n\t\t\t\t\t\t<\/div>\n\t\t\t\t<\/div>\n\t\t\t\t\t\t<\/div>\n\t\t\t\t\t<\/div>\n\t\t<\/div>\n\t\t\t\t\t\t\t\t<\/div>\n\t\t\t\t\t<\/div>\n\t\t<\/section>\n\t\t\t\t<section data-particle_enable=\"false\" data-particle-mobile-disabled=\"false\" class=\"elementor-section elementor-top-section elementor-element elementor-element-eb1c2d4 elementor-section-boxed elementor-section-height-default elementor-section-height-default\" data-id=\"eb1c2d4\" data-element_type=\"section\">\n\t\t\t\t\t\t<div class=\"elementor-container elementor-column-gap-default\">\n\t\t\t\t\t\t\t<div class=\"elementor-row\">\n\t\t\t\t\t<div class=\"elementor-column elementor-col-100 elementor-top-column elementor-element elementor-element-badcc08\" data-id=\"badcc08\" data-element_type=\"column\" data-settings=\"{&quot;_ob_column_has_pseudo&quot;:&quot;no&quot;}\">\n\t\t\t<div class=\"elementor-column-wrap elementor-element-populated\">\n\t\t\t\t\t\t\t<div class=\"elementor-widget-wrap\">\n\t\t\t\t\t\t<div class=\"elementor-element elementor-element-ecc2379 elementor-widget elementor-widget-text-editor\" data-id=\"ecc2379\" data-element_type=\"widget\" data-settings=\"{&quot;_ob_postman_use&quot;:&quot;no&quot;}\" data-widget_type=\"text-editor.default\">\n\t\t\t\t<div class=\"elementor-widget-container\">\n\t\t\t\t\t\t\t\t<div class=\"elementor-text-editor elementor-clearfix\">\n\t\t\t\t<p style=\"margin-top: 0cm; background: white;\"><span style=\"color: black;\">On January 5, 2025, we temporarily suspended our operations in<a style=\"color: #000000;\" href=\"https:\/\/www.galerie.litomysl.cz\/en\/house-at-the-knights\/\"><strong> the <span style=\"color: #000000;\">House of the Knights <\/span><\/strong><\/a>on Smetana Square. We have handed over the gallery to the company <span style=\"color: #000000;\"><a style=\"color: #000000;\" href=\"https:\/\/www.2km.cz\/\">Kmo\u0161ek &amp; Kmo\u0161ek s.r.o.<\/a><\/span>which took over the building renovation of the house. <\/span><\/p>\n<p style=\"margin-top: 0cm; background: white; box-sizing: border-box; margin-bottom: 0.9rem; font-variant-ligatures: normal; font-variant-caps: normal; orphans: 2; text-align: start; widows: 2; -webkit-text-stroke-width: 0px; text-decoration-thickness: initial; text-decoration-style: initial; text-decoration-color: initial; word-spacing: 0px;\"><span style=\"box-sizing: border-box;\"><span style=\"color: black;\">The author of the architectural design of the reconstruction, which should be completed in 2027, is the well-known Brno architectural studio <span style=\"color: #000000;\"><a style=\"color: #000000;\" href=\"http:\/\/www.arch.cz\/kuba.pilar\/\">Kuba &amp; Pila\u0159 architekti<\/a>.<\/span> The main idea of his project is to connect the existing exhibition space and facilities with the still underused rear wing of the house. The gallery will thus be revitalised with new exhibition spaces and the visitor facilities will also undergo a major modernisation.  <\/span><\/span><\/p>\n<p style=\"margin-top: 0cm; background: white; box-sizing: border-box; margin-bottom: 0.9rem; font-variant-ligatures: normal; font-variant-caps: normal; orphans: 2; text-align: start; widows: 2; -webkit-text-stroke-width: 0px; text-decoration-thickness: initial; text-decoration-style: initial; text-decoration-color: initial; word-spacing: 0px;\"><span style=\"box-sizing: border-box;\"><span style=\"color: black;\">In 2027, visitors to the House of the Knights will find a new studio for educational activities, a cosy caf\u00e9 connected to the gallery courtyard and a welcoming library with specialist literature on art, design and architecture.<\/span><\/span><\/p>\n<p style=\"margin-top: 0cm; background: white; box-sizing: border-box; margin-bottom: 0.9rem; font-variant-ligatures: normal; font-variant-caps: normal; orphans: 2; text-align: start; widows: 2; -webkit-text-stroke-width: 0px; text-decoration-thickness: initial; text-decoration-style: initial; text-decoration-color: initial; word-spacing: 0px;\"><span style=\"box-sizing: border-box;\"><span style=\"color: black;\">During the reconstruction of the House of the Knights we will attack you with art in the Town Picture Gallery (June-September) or through exhibitions of Smetana&#8217;s Art Litomy\u0161l and Window Gallery. <\/span><\/span><\/p>\n<p style=\"margin-top: 0cm; background: white; box-sizing: border-box; margin-bottom: 0.9rem; font-variant-ligatures: normal; font-variant-caps: normal; orphans: 2; text-align: start; widows: 2; -webkit-text-stroke-width: 0px; text-decoration-thickness: initial; text-decoration-style: initial; text-decoration-color: initial; word-spacing: 0px;\"><strong><span style=\"box-sizing: border-box;\"><span style=\"color: black;\">Please follow our website and social networks!<\/span><\/span><\/strong><\/p>\n<p style=\"margin-top: 0cm; background: white; box-sizing: border-box; margin-bottom: 0.9rem; font-variant-ligatures: normal; font-variant-caps: normal; orphans: 2; text-align: start; widows: 2; -webkit-text-stroke-width: 0px; text-decoration-thickness: initial; text-decoration-style: initial; text-decoration-color: initial; word-spacing: 0px;\"><span style=\"box-sizing: border-box;\"><span style=\"color: black;\">Thank you for your support,<\/span><\/span><span style=\"color: white;\"><br style=\"box-sizing: border-box;\"><\/span><em style=\"box-sizing: border-box;\"><span style=\"color: black;\"><span style=\"box-sizing: border-box;\">Your gallery<\/span><\/span><\/em><\/p>\n\t\t\t\t\t<\/div>\n\t\t\t\t\t\t<\/div>\n\t\t\t\t<\/div>\n\t\t\t\t\t\t<\/div>\n\t\t\t\t\t<\/div>\n\t\t<\/div>\n\t\t\t\t\t\t\t\t<\/div>\n\t\t\t\t\t<\/div>\n\t\t<\/section>\n\t\t\t\t<section data-particle_enable=\"false\" data-particle-mobile-disabled=\"false\" class=\"elementor-section elementor-top-section elementor-element elementor-element-8c4f67c elementor-section-boxed elementor-section-height-default elementor-section-height-default\" data-id=\"8c4f67c\" data-element_type=\"section\">\n\t\t\t\t\t\t<div class=\"elementor-container elementor-column-gap-default\">\n\t\t\t\t\t\t\t<div class=\"elementor-row\">\n\t\t\t\t\t<div class=\"elementor-column elementor-col-100 elementor-top-column elementor-element elementor-element-819581e\" data-id=\"819581e\" data-element_type=\"column\" data-settings=\"{&quot;_ob_column_has_pseudo&quot;:&quot;no&quot;}\">\n\t\t\t<div class=\"elementor-column-wrap elementor-element-populated\">\n\t\t\t\t\t\t\t<div class=\"elementor-widget-wrap\">\n\t\t\t\t\t\t<div class=\"elementor-element elementor-element-72b459a elementor-widget elementor-widget-spacer\" data-id=\"72b459a\" data-element_type=\"widget\" data-widget_type=\"spacer.default\">\n\t\t\t\t<div class=\"elementor-widget-container\">\n\t\t\t\t\t<div class=\"elementor-spacer\">\n\t\t\t<div class=\"elementor-spacer-inner\"><\/div>\n\t\t<\/div>\n\t\t\t\t<\/div>\n\t\t\t\t<\/div>\n\t\t\t\t\t\t<\/div>\n\t\t\t\t\t<\/div>\n\t\t<\/div>\n\t\t\t\t\t\t\t\t<\/div>\n\t\t\t\t\t<\/div>\n\t\t<\/section>\n\t\t\t\t<section data-particle_enable=\"false\" data-particle-mobile-disabled=\"false\" class=\"elementor-section elementor-top-section elementor-element elementor-element-09a42c7 elementor-section-boxed elementor-section-height-default elementor-section-height-default\" data-id=\"09a42c7\" data-element_type=\"section\">\n\t\t\t\t\t\t<div class=\"elementor-container elementor-column-gap-default\">\n\t\t\t\t\t\t\t<div class=\"elementor-row\">\n\t\t\t\t\t<div class=\"elementor-column elementor-col-33 elementor-top-column elementor-element elementor-element-838415d\" data-id=\"838415d\" data-element_type=\"column\" data-settings=\"{&quot;_ob_column_has_pseudo&quot;:&quot;no&quot;}\">\n\t\t\t<div class=\"elementor-column-wrap elementor-element-populated\">\n\t\t\t\t\t\t\t<div class=\"elementor-widget-wrap\">\n\t\t\t\t\t\t<div class=\"elementor-element elementor-element-88a95b5 elementor-widget elementor-widget-image\" data-id=\"88a95b5\" data-element_type=\"widget\" data-widget_type=\"image.default\">\n\t\t\t\t<div class=\"elementor-widget-container\">\n\t\t\t\t\t\t\t\t<div class=\"elementor-image\">\n\t\t\t\t\t\t\t\t\t<figure class=\"wp-caption\">\n\t\t\t\t\t\t\t\t\t\t<img loading=\"lazy\" decoding=\"async\" width=\"672\" height=\"1008\" src=\"https:\/\/www.galerie.litomysl.cz\/wp-content\/uploads\/dum_u_rytiru_5_MGL.png\" class=\"attachment-large size-large wp-image-15363\" alt=\"\" srcset=\"https:\/\/www.galerie.litomysl.cz\/wp-content\/uploads\/dum_u_rytiru_5_MGL.png 672w, https:\/\/www.galerie.litomysl.cz\/wp-content\/uploads\/dum_u_rytiru_5_MGL-200x300.png 200w\" sizes=\"(max-width: 672px) 100vw, 672px\" \/>\t\t\t\t\t\t\t\t\t\t\t<figcaption class=\"widget-image-caption wp-caption-text\">The courtyard of the House of the Knights. Photo: Tereza Jirou\u0161kov\u00e1 (wwworks.) <\/figcaption>\n\t\t\t\t\t\t\t\t\t\t<\/figure>\n\t\t\t\t\t\t\t\t<\/div>\n\t\t\t\t\t\t<\/div>\n\t\t\t\t<\/div>\n\t\t\t\t\t\t<\/div>\n\t\t\t\t\t<\/div>\n\t\t<\/div>\n\t\t\t\t<div class=\"elementor-column elementor-col-33 elementor-top-column elementor-element elementor-element-5205db4\" data-id=\"5205db4\" data-element_type=\"column\" data-settings=\"{&quot;_ob_column_has_pseudo&quot;:&quot;no&quot;}\">\n\t\t\t<div class=\"elementor-column-wrap elementor-element-populated\">\n\t\t\t\t\t\t\t<div class=\"elementor-widget-wrap\">\n\t\t\t\t\t\t<div class=\"elementor-element elementor-element-6bd66fb elementor-widget elementor-widget-image\" data-id=\"6bd66fb\" data-element_type=\"widget\" data-widget_type=\"image.default\">\n\t\t\t\t<div class=\"elementor-widget-container\">\n\t\t\t\t\t\t\t\t<div class=\"elementor-image\">\n\t\t\t\t\t\t\t\t\t<figure class=\"wp-caption\">\n\t\t\t\t\t\t\t\t\t\t<img loading=\"lazy\" decoding=\"async\" width=\"672\" height=\"1008\" src=\"https:\/\/www.galerie.litomysl.cz\/wp-content\/uploads\/dum_u_rytiru_2_MGL.png\" class=\"attachment-large size-large wp-image-15354\" alt=\"\" srcset=\"https:\/\/www.galerie.litomysl.cz\/wp-content\/uploads\/dum_u_rytiru_2_MGL.png 672w, https:\/\/www.galerie.litomysl.cz\/wp-content\/uploads\/dum_u_rytiru_2_MGL-200x300.png 200w\" sizes=\"(max-width: 672px) 100vw, 672px\" \/>\t\t\t\t\t\t\t\t\t\t\t<figcaption class=\"widget-image-caption wp-caption-text\">The courtyard of the House of the Knights. Photo: Tereza Jirou\u0161kov\u00e1 (wwworks.) <\/figcaption>\n\t\t\t\t\t\t\t\t\t\t<\/figure>\n\t\t\t\t\t\t\t\t<\/div>\n\t\t\t\t\t\t<\/div>\n\t\t\t\t<\/div>\n\t\t\t\t\t\t<\/div>\n\t\t\t\t\t<\/div>\n\t\t<\/div>\n\t\t\t\t<div class=\"elementor-column elementor-col-33 elementor-top-column elementor-element elementor-element-1f0239f\" data-id=\"1f0239f\" data-element_type=\"column\" data-settings=\"{&quot;_ob_column_has_pseudo&quot;:&quot;no&quot;}\">\n\t\t\t<div class=\"elementor-column-wrap elementor-element-populated\">\n\t\t\t\t\t\t\t<div class=\"elementor-widget-wrap\">\n\t\t\t\t\t\t<div class=\"elementor-element elementor-element-056ae7f elementor-widget elementor-widget-image\" data-id=\"056ae7f\" data-element_type=\"widget\" data-widget_type=\"image.default\">\n\t\t\t\t<div class=\"elementor-widget-container\">\n\t\t\t\t\t\t\t\t<div class=\"elementor-image\">\n\t\t\t\t\t\t\t\t\t<figure class=\"wp-caption\">\n\t\t\t\t\t\t\t\t\t\t<img loading=\"lazy\" decoding=\"async\" width=\"672\" height=\"1008\" src=\"https:\/\/www.galerie.litomysl.cz\/wp-content\/uploads\/dum_u_rytiru_1_MGL.png\" class=\"attachment-large size-large wp-image-15351\" alt=\"\" srcset=\"https:\/\/www.galerie.litomysl.cz\/wp-content\/uploads\/dum_u_rytiru_1_MGL.png 672w, https:\/\/www.galerie.litomysl.cz\/wp-content\/uploads\/dum_u_rytiru_1_MGL-200x300.png 200w\" sizes=\"(max-width: 672px) 100vw, 672px\" \/>\t\t\t\t\t\t\t\t\t\t\t<figcaption class=\"widget-image-caption wp-caption-text\">The courtyard of the House of the Knights. Photo: Tereza Jirou\u0161kov\u00e1 (wwworks.) <\/figcaption>\n\t\t\t\t\t\t\t\t\t\t<\/figure>\n\t\t\t\t\t\t\t\t<\/div>\n\t\t\t\t\t\t<\/div>\n\t\t\t\t<\/div>\n\t\t\t\t\t\t<\/div>\n\t\t\t\t\t<\/div>\n\t\t<\/div>\n\t\t\t\t\t\t\t\t<\/div>\n\t\t\t\t\t<\/div>\n\t\t<\/section>\n\t\t\t\t\t\t\t\t\t<\/div>\n\t\t\t<\/div>\n\t\t\t\t\t<\/div>\n\t\t","protected":false},"excerpt":{"rendered":"<p>DEAR VISITORS, On January 5, 2025, we temporarily suspended our operations in the House of the Knights on Smetana Square. We have handed over the gallery to the company Kmo\u0161ek [&hellip;]<\/p>\n","protected":false},"author":7,"featured_media":4108,"parent":0,"menu_order":0,"comment_status":"closed","ping_status":"closed","template":"","meta":{"inline_featured_image":false,"footnotes":""},"acf":[],"yoast_head":"<!-- This site is optimized with the Yoast SEO plugin v21.4 - https:\/\/yoast.com\/wordpress\/plugins\/seo\/ -->\n<title>The House of the Knights - closed<\/title>\n<meta name=\"description\" content=\"Due to complete renovation, the House of Knights is closed to visitors. It will reopen in 2027.\" \/>\n<meta name=\"robots\" content=\"index, follow, max-snippet:-1, max-image-preview:large, max-video-preview:-1\" \/>\n<link rel=\"canonical\" href=\"https:\/\/www.galerie.litomysl.cz\/en\/vazene-navstevnice-vazeni-navstevnici\/\" \/>\n<meta property=\"og:locale\" content=\"en_US\" \/>\n<meta property=\"og:type\" content=\"article\" \/>\n<meta property=\"og:title\" content=\"The House of the Knights - closed\" \/>\n<meta property=\"og:description\" content=\"Due to complete renovation, the House of Knights is closed to visitors. It will reopen in 2027.\" \/>\n<meta property=\"og:url\" content=\"https:\/\/www.galerie.litomysl.cz\/en\/vazene-navstevnice-vazeni-navstevnici\/\" \/>\n<meta property=\"og:site_name\" content=\"M\u011bstsk\u00e1 galerie Litomy\u0161l\" \/>\n<meta property=\"article:modified_time\" content=\"2026-01-12T07:52:28+00:00\" \/>\n<meta property=\"og:image\" content=\"https:\/\/www.galerie.litomysl.cz\/wp-content\/uploads\/363_5ff287a8ac-2.jpg\" \/>\n\t<meta property=\"og:image:width\" content=\"800\" \/>\n\t<meta property=\"og:image:height\" content=\"1200\" \/>\n\t<meta property=\"og:image:type\" content=\"image\/jpeg\" \/>\n<meta name=\"twitter:card\" content=\"summary_large_image\" \/>\n<meta name=\"twitter:label1\" content=\"Est. reading time\" \/>\n\t<meta name=\"twitter:data1\" content=\"1 minute\" \/>\n<script type=\"application\/ld+json\" class=\"yoast-schema-graph\">{\"@context\":\"https:\/\/schema.org\",\"@graph\":[{\"@type\":\"WebPage\",\"@id\":\"https:\/\/www.galerie.litomysl.cz\/en\/vazene-navstevnice-vazeni-navstevnici\/\",\"url\":\"https:\/\/www.galerie.litomysl.cz\/en\/vazene-navstevnice-vazeni-navstevnici\/\",\"name\":\"The House of the Knights - closed\",\"isPartOf\":{\"@id\":\"https:\/\/www.galerie.litomysl.cz\/#website\"},\"datePublished\":\"2025-01-07T22:20:28+00:00\",\"dateModified\":\"2026-01-12T07:52:28+00:00\",\"description\":\"Due to complete renovation, the House of Knights is closed to visitors. It will reopen in 2027.\",\"breadcrumb\":{\"@id\":\"https:\/\/www.galerie.litomysl.cz\/en\/vazene-navstevnice-vazeni-navstevnici\/#breadcrumb\"},\"inLanguage\":\"en-US\",\"potentialAction\":[{\"@type\":\"ReadAction\",\"target\":[\"https:\/\/www.galerie.litomysl.cz\/en\/vazene-navstevnice-vazeni-navstevnici\/\"]}]},{\"@type\":\"BreadcrumbList\",\"@id\":\"https:\/\/www.galerie.litomysl.cz\/en\/vazene-navstevnice-vazeni-navstevnici\/#breadcrumb\",\"itemListElement\":[{\"@type\":\"ListItem\",\"position\":1,\"name\":\"Dom\u016f\",\"item\":\"https:\/\/www.galerie.litomysl.cz\/en\/\"},{\"@type\":\"ListItem\",\"position\":2,\"name\":\"The House of the Knights &#8211; closed\"}]},{\"@type\":\"WebSite\",\"@id\":\"https:\/\/www.galerie.litomysl.cz\/#website\",\"url\":\"https:\/\/www.galerie.litomysl.cz\/\",\"name\":\"M\u011bstsk\u00e1 galerie Litomy\u0161l\",\"description\":\"\",\"publisher\":{\"@id\":\"https:\/\/www.galerie.litomysl.cz\/#organization\"},\"potentialAction\":[{\"@type\":\"SearchAction\",\"target\":{\"@type\":\"EntryPoint\",\"urlTemplate\":\"https:\/\/www.galerie.litomysl.cz\/?s={search_term_string}\"},\"query-input\":\"required name=search_term_string\"}],\"inLanguage\":\"en-US\"},{\"@type\":\"Organization\",\"@id\":\"https:\/\/www.galerie.litomysl.cz\/#organization\",\"name\":\"M\u011bstsk\u00e1 galerie Litomy\u0161l\",\"url\":\"https:\/\/www.galerie.litomysl.cz\/\",\"logo\":{\"@type\":\"ImageObject\",\"inLanguage\":\"en-US\",\"@id\":\"https:\/\/www.galerie.litomysl.cz\/#\/schema\/logo\/image\/\",\"url\":\"https:\/\/www.galerie.litomysl.cz\/wp-content\/uploads\/MGL-logo-c..svg\",\"contentUrl\":\"https:\/\/www.galerie.litomysl.cz\/wp-content\/uploads\/MGL-logo-c..svg\",\"width\":212,\"height\":136,\"caption\":\"M\u011bstsk\u00e1 galerie Litomy\u0161l\"},\"image\":{\"@id\":\"https:\/\/www.galerie.litomysl.cz\/#\/schema\/logo\/image\/\"}}]}<\/script>\n<!-- \/ Yoast SEO plugin. -->","yoast_head_json":{"title":"The House of the Knights - closed","description":"Due to complete renovation, the House of Knights is closed to visitors. It will reopen in 2027.","robots":{"index":"index","follow":"follow","max-snippet":"max-snippet:-1","max-image-preview":"max-image-preview:large","max-video-preview":"max-video-preview:-1"},"canonical":"https:\/\/www.galerie.litomysl.cz\/en\/vazene-navstevnice-vazeni-navstevnici\/","og_locale":"en_US","og_type":"article","og_title":"The House of the Knights - closed","og_description":"Due to complete renovation, the House of Knights is closed to visitors. It will reopen in 2027.","og_url":"https:\/\/www.galerie.litomysl.cz\/en\/vazene-navstevnice-vazeni-navstevnici\/","og_site_name":"M\u011bstsk\u00e1 galerie Litomy\u0161l","article_modified_time":"2026-01-12T07:52:28+00:00","og_image":[{"width":800,"height":1200,"url":"https:\/\/www.galerie.litomysl.cz\/wp-content\/uploads\/363_5ff287a8ac-2.jpg","type":"image\/jpeg"}],"twitter_card":"summary_large_image","twitter_misc":{"Est. reading time":"1 minute"},"schema":{"@context":"https:\/\/schema.org","@graph":[{"@type":"WebPage","@id":"https:\/\/www.galerie.litomysl.cz\/en\/vazene-navstevnice-vazeni-navstevnici\/","url":"https:\/\/www.galerie.litomysl.cz\/en\/vazene-navstevnice-vazeni-navstevnici\/","name":"The House of the Knights - closed","isPartOf":{"@id":"https:\/\/www.galerie.litomysl.cz\/#website"},"datePublished":"2025-01-07T22:20:28+00:00","dateModified":"2026-01-12T07:52:28+00:00","description":"Due to complete renovation, the House of Knights is closed to visitors. It will reopen in 2027.","breadcrumb":{"@id":"https:\/\/www.galerie.litomysl.cz\/en\/vazene-navstevnice-vazeni-navstevnici\/#breadcrumb"},"inLanguage":"en-US","potentialAction":[{"@type":"ReadAction","target":["https:\/\/www.galerie.litomysl.cz\/en\/vazene-navstevnice-vazeni-navstevnici\/"]}]},{"@type":"BreadcrumbList","@id":"https:\/\/www.galerie.litomysl.cz\/en\/vazene-navstevnice-vazeni-navstevnici\/#breadcrumb","itemListElement":[{"@type":"ListItem","position":1,"name":"Dom\u016f","item":"https:\/\/www.galerie.litomysl.cz\/en\/"},{"@type":"ListItem","position":2,"name":"The House of the Knights &#8211; closed"}]},{"@type":"WebSite","@id":"https:\/\/www.galerie.litomysl.cz\/#website","url":"https:\/\/www.galerie.litomysl.cz\/","name":"M\u011bstsk\u00e1 galerie Litomy\u0161l","description":"","publisher":{"@id":"https:\/\/www.galerie.litomysl.cz\/#organization"},"potentialAction":[{"@type":"SearchAction","target":{"@type":"EntryPoint","urlTemplate":"https:\/\/www.galerie.litomysl.cz\/?s={search_term_string}"},"query-input":"required name=search_term_string"}],"inLanguage":"en-US"},{"@type":"Organization","@id":"https:\/\/www.galerie.litomysl.cz\/#organization","name":"M\u011bstsk\u00e1 galerie Litomy\u0161l","url":"https:\/\/www.galerie.litomysl.cz\/","logo":{"@type":"ImageObject","inLanguage":"en-US","@id":"https:\/\/www.galerie.litomysl.cz\/#\/schema\/logo\/image\/","url":"https:\/\/www.galerie.litomysl.cz\/wp-content\/uploads\/MGL-logo-c..svg","contentUrl":"https:\/\/www.galerie.litomysl.cz\/wp-content\/uploads\/MGL-logo-c..svg","width":212,"height":136,"caption":"M\u011bstsk\u00e1 galerie Litomy\u0161l"},"image":{"@id":"https:\/\/www.galerie.litomysl.cz\/#\/schema\/logo\/image\/"}}]}},"_links":{"self":[{"href":"https:\/\/www.galerie.litomysl.cz\/en\/wp-json\/wp\/v2\/pages\/13236"}],"collection":[{"href":"https:\/\/www.galerie.litomysl.cz\/en\/wp-json\/wp\/v2\/pages"}],"about":[{"href":"https:\/\/www.galerie.litomysl.cz\/en\/wp-json\/wp\/v2\/types\/page"}],"author":[{"embeddable":true,"href":"https:\/\/www.galerie.litomysl.cz\/en\/wp-json\/wp\/v2\/users\/7"}],"replies":[{"embeddable":true,"href":"https:\/\/www.galerie.litomysl.cz\/en\/wp-json\/wp\/v2\/comments?post=13236"}],"version-history":[{"count":7,"href":"https:\/\/www.galerie.litomysl.cz\/en\/wp-json\/wp\/v2\/pages\/13236\/revisions"}],"predecessor-version":[{"id":15913,"href":"https:\/\/www.galerie.litomysl.cz\/en\/wp-json\/wp\/v2\/pages\/13236\/revisions\/15913"}],"wp:featuredmedia":[{"embeddable":true,"href":"https:\/\/www.galerie.litomysl.cz\/en\/wp-json\/wp\/v2\/media\/4108"}],"wp:attachment":[{"href":"https:\/\/www.galerie.litomysl.cz\/en\/wp-json\/wp\/v2\/media?parent=13236"}],"curies":[{"name":"wp","href":"https:\/\/api.w.org\/{rel}","templated":true}]}}