{"id":11129,"date":"2024-03-20T14:12:54","date_gmt":"2024-03-20T13:12:54","guid":{"rendered":"https:\/\/www.galerie.litomysl.cz\/map\/"},"modified":"2024-03-20T14:12:56","modified_gmt":"2024-03-20T13:12:56","slug":"map","status":"publish","type":"page","link":"https:\/\/www.galerie.litomysl.cz\/en\/map\/","title":{"rendered":"MAP"},"content":{"rendered":"\n<h2 class=\"wp-block-heading\">MAP IV<\/h2>\n\n<p>We have joined the MAP project. This allows us to offer educational events free of charge to the schools that are also involved in the project.<\/p>\n\n<figure class=\"wp-block-image size-large\"><img loading=\"lazy\" decoding=\"async\" width=\"1024\" height=\"683\" src=\"https:\/\/www.galerie.litomysl.cz\/wp-content\/uploads\/IMG_0355-1024x683.jpg\" alt=\"\" class=\"wp-image-9662\" srcset=\"https:\/\/www.galerie.litomysl.cz\/wp-content\/uploads\/IMG_0355-1024x683.jpg 1024w, https:\/\/www.galerie.litomysl.cz\/wp-content\/uploads\/IMG_0355-300x200.jpg 300w, https:\/\/www.galerie.litomysl.cz\/wp-content\/uploads\/IMG_0355-768x512.jpg 768w, https:\/\/www.galerie.litomysl.cz\/wp-content\/uploads\/IMG_0355-1536x1024.jpg 1536w, https:\/\/www.galerie.litomysl.cz\/wp-content\/uploads\/IMG_0355-2048x1365.jpg 2048w, https:\/\/www.galerie.litomysl.cz\/wp-content\/uploads\/IMG_0355-scaled.jpg 1620w\" sizes=\"(max-width: 1024px) 100vw, 1024px\" \/><\/figure>\n\n<p><strong><em>PROJECT DAYS<\/em><\/strong><\/p>\n\n<p>A total of six project days will be held for primary schools. Three in 2024 and three in 2025.<\/p>\n\n<p><strong>25 March 2024 Animation Project Day<\/strong><\/p>\n\n<p>Lecturers with the association <a href=\"https:\/\/www.ultrafun.eu\/\"><strong>ULTRAFUN<\/strong><\/a>who cooperate with the Karel Zeman Museum, will guide pupils through the world of animation and try out some basic animation techniques together.<\/p>\n\n<p>The project day will include three workshops with three school groups (primary school level I and II).<\/p>\n\n<p><strong>Available times:<\/strong><\/p>\n\n<p>8.00-9.30<\/p>\n\n<p>10.00-11.30 OCCUPIED<\/p>\n\n<p>12.30-14.00<\/p>\n\n<p>Venue: the House of the Knights (Smetanovo n\u00e1m. 110, 57001 Litomy\u0161l)<\/p>\n\n<p>You can apply by email: <a href=\"mailto:edukace@galerie.litomysl.cz\"><strong>edukace@galerie.litomysl.cz<\/strong><\/a><\/p>\n\n<p>Coming up:<\/p>\n\n<p>2024<\/p>\n\n<p><strong>May <\/strong><strong> Science and<\/strong> Technology Project Day<\/p>\n\n<p><strong>October <\/strong>Project Day<strong> Sustainable Design<\/strong><\/p>\n\n<p>2025<\/p>\n\n<p><strong>January <\/strong>Project Day<strong> Animation<\/strong><\/p>\n\n<p><strong>April <\/strong> <strong>Science and<\/strong> Technology Project Day<\/p>\n\n<p><strong>October <\/strong>Project Day<strong> Sustainable Design<\/strong><\/p>\n\n<p><\/p>\n\n<p><strong><em>ANIMATION CLUB<\/em><\/strong><\/p>\n\n<p>We offer pupils of schools involved in MAP the opportunity to attend an animation club. During the eight afternoon sessions we will try to write a script, create a storyboard, prepare a scene and make the animation itself. <\/p>\n\n<p>The club will be designed for children from 10 to 15 years old. Students will develop their artistic skills (spatial imagination, modelling, drawing, working with materials) and digital literacy (animation techniques, video production, working with sound, etc.).<\/p>\n\n<p><strong>The first run of the ring will take place in autumn 2024. <\/strong><\/p>\n\n<p><strong>The second run of the ring will take place in the spring of 2025.<\/strong><\/p>\n\n<p><\/p>\n\n<p><\/p>\n\n<p><\/p>\n\n<figure class=\"wp-block-gallery has-nested-images columns-default is-cropped wp-block-gallery-1 is-layout-flex wp-block-gallery-is-layout-flex\"><\/figure>\n\n<figure class=\"wp-block-gallery has-nested-images columns-default is-cropped wp-block-gallery-2 is-layout-flex wp-block-gallery-is-layout-flex\"><\/figure>\n","protected":false},"excerpt":{"rendered":"<p>MAP IV We have joined the MAP project. This allows us to offer educational events free of charge to the schools that are also involved in the project. PROJECT DAYS [&hellip;]<\/p>\n","protected":false},"author":8,"featured_media":3997,"parent":0,"menu_order":0,"comment_status":"closed","ping_status":"closed","template":"","meta":{"inline_featured_image":false,"footnotes":""},"acf":[],"yoast_head":"<!-- This site is optimized with the Yoast SEO plugin v21.4 - https:\/\/yoast.com\/wordpress\/plugins\/seo\/ -->\n<title>MAP - M\u011bstsk\u00e1 galerie Litomy\u0161l<\/title>\n<meta name=\"description\" content=\"We have joined the MAP project. This enables us to offer free educational events to schools that are also involved in the project.\" \/>\n<meta name=\"robots\" content=\"index, follow, max-snippet:-1, max-image-preview:large, max-video-preview:-1\" \/>\n<link rel=\"canonical\" href=\"https:\/\/www.galerie.litomysl.cz\/en\/map\/\" \/>\n<meta property=\"og:locale\" content=\"en_US\" \/>\n<meta property=\"og:type\" content=\"article\" \/>\n<meta property=\"og:title\" content=\"MAP - M\u011bstsk\u00e1 galerie Litomy\u0161l\" \/>\n<meta property=\"og:description\" content=\"We have joined the MAP project. This enables us to offer free educational events to schools that are also involved in the project.\" \/>\n<meta property=\"og:url\" content=\"https:\/\/www.galerie.litomysl.cz\/en\/map\/\" \/>\n<meta property=\"og:site_name\" content=\"M\u011bstsk\u00e1 galerie Litomy\u0161l\" \/>\n<meta property=\"article:modified_time\" content=\"2024-03-20T13:12:56+00:00\" \/>\n<meta property=\"og:image\" content=\"https:\/\/www.galerie.litomysl.cz\/wp-content\/uploads\/Edukace-01.jpg\" \/>\n\t<meta property=\"og:image:width\" content=\"1721\" \/>\n\t<meta property=\"og:image:height\" content=\"380\" \/>\n\t<meta property=\"og:image:type\" content=\"image\/jpeg\" \/>\n<meta name=\"twitter:card\" content=\"summary_large_image\" \/>\n<meta name=\"twitter:label1\" content=\"Est. reading time\" \/>\n\t<meta name=\"twitter:data1\" content=\"1 minute\" \/>\n<script type=\"application\/ld+json\" class=\"yoast-schema-graph\">{\"@context\":\"https:\/\/schema.org\",\"@graph\":[{\"@type\":\"WebPage\",\"@id\":\"https:\/\/www.galerie.litomysl.cz\/en\/map\/\",\"url\":\"https:\/\/www.galerie.litomysl.cz\/en\/map\/\",\"name\":\"MAP - M\u011bstsk\u00e1 galerie Litomy\u0161l\",\"isPartOf\":{\"@id\":\"https:\/\/www.galerie.litomysl.cz\/#website\"},\"datePublished\":\"2024-03-20T13:12:54+00:00\",\"dateModified\":\"2024-03-20T13:12:56+00:00\",\"description\":\"We have joined the MAP project. This enables us to offer free educational events to schools that are also involved in the project.\",\"breadcrumb\":{\"@id\":\"https:\/\/www.galerie.litomysl.cz\/en\/map\/#breadcrumb\"},\"inLanguage\":\"en-US\",\"potentialAction\":[{\"@type\":\"ReadAction\",\"target\":[\"https:\/\/www.galerie.litomysl.cz\/en\/map\/\"]}]},{\"@type\":\"BreadcrumbList\",\"@id\":\"https:\/\/www.galerie.litomysl.cz\/en\/map\/#breadcrumb\",\"itemListElement\":[{\"@type\":\"ListItem\",\"position\":1,\"name\":\"Dom\u016f\",\"item\":\"https:\/\/www.galerie.litomysl.cz\/en\/\"},{\"@type\":\"ListItem\",\"position\":2,\"name\":\"MAP\"}]},{\"@type\":\"WebSite\",\"@id\":\"https:\/\/www.galerie.litomysl.cz\/#website\",\"url\":\"https:\/\/www.galerie.litomysl.cz\/\",\"name\":\"M\u011bstsk\u00e1 galerie Litomy\u0161l\",\"description\":\"\",\"publisher\":{\"@id\":\"https:\/\/www.galerie.litomysl.cz\/#organization\"},\"potentialAction\":[{\"@type\":\"SearchAction\",\"target\":{\"@type\":\"EntryPoint\",\"urlTemplate\":\"https:\/\/www.galerie.litomysl.cz\/?s={search_term_string}\"},\"query-input\":\"required name=search_term_string\"}],\"inLanguage\":\"en-US\"},{\"@type\":\"Organization\",\"@id\":\"https:\/\/www.galerie.litomysl.cz\/#organization\",\"name\":\"M\u011bstsk\u00e1 galerie Litomy\u0161l\",\"url\":\"https:\/\/www.galerie.litomysl.cz\/\",\"logo\":{\"@type\":\"ImageObject\",\"inLanguage\":\"en-US\",\"@id\":\"https:\/\/www.galerie.litomysl.cz\/#\/schema\/logo\/image\/\",\"url\":\"https:\/\/www.galerie.litomysl.cz\/wp-content\/uploads\/MGL-logo-c..svg\",\"contentUrl\":\"https:\/\/www.galerie.litomysl.cz\/wp-content\/uploads\/MGL-logo-c..svg\",\"width\":212,\"height\":136,\"caption\":\"M\u011bstsk\u00e1 galerie Litomy\u0161l\"},\"image\":{\"@id\":\"https:\/\/www.galerie.litomysl.cz\/#\/schema\/logo\/image\/\"}}]}<\/script>\n<!-- \/ Yoast SEO plugin. -->","yoast_head_json":{"title":"MAP - M\u011bstsk\u00e1 galerie Litomy\u0161l","description":"We have joined the MAP project. This enables us to offer free educational events to schools that are also involved in the project.","robots":{"index":"index","follow":"follow","max-snippet":"max-snippet:-1","max-image-preview":"max-image-preview:large","max-video-preview":"max-video-preview:-1"},"canonical":"https:\/\/www.galerie.litomysl.cz\/en\/map\/","og_locale":"en_US","og_type":"article","og_title":"MAP - M\u011bstsk\u00e1 galerie Litomy\u0161l","og_description":"We have joined the MAP project. This enables us to offer free educational events to schools that are also involved in the project.","og_url":"https:\/\/www.galerie.litomysl.cz\/en\/map\/","og_site_name":"M\u011bstsk\u00e1 galerie Litomy\u0161l","article_modified_time":"2024-03-20T13:12:56+00:00","og_image":[{"width":1721,"height":380,"url":"https:\/\/www.galerie.litomysl.cz\/wp-content\/uploads\/Edukace-01.jpg","type":"image\/jpeg"}],"twitter_card":"summary_large_image","twitter_misc":{"Est. reading time":"1 minute"},"schema":{"@context":"https:\/\/schema.org","@graph":[{"@type":"WebPage","@id":"https:\/\/www.galerie.litomysl.cz\/en\/map\/","url":"https:\/\/www.galerie.litomysl.cz\/en\/map\/","name":"MAP - M\u011bstsk\u00e1 galerie Litomy\u0161l","isPartOf":{"@id":"https:\/\/www.galerie.litomysl.cz\/#website"},"datePublished":"2024-03-20T13:12:54+00:00","dateModified":"2024-03-20T13:12:56+00:00","description":"We have joined the MAP project. This enables us to offer free educational events to schools that are also involved in the project.","breadcrumb":{"@id":"https:\/\/www.galerie.litomysl.cz\/en\/map\/#breadcrumb"},"inLanguage":"en-US","potentialAction":[{"@type":"ReadAction","target":["https:\/\/www.galerie.litomysl.cz\/en\/map\/"]}]},{"@type":"BreadcrumbList","@id":"https:\/\/www.galerie.litomysl.cz\/en\/map\/#breadcrumb","itemListElement":[{"@type":"ListItem","position":1,"name":"Dom\u016f","item":"https:\/\/www.galerie.litomysl.cz\/en\/"},{"@type":"ListItem","position":2,"name":"MAP"}]},{"@type":"WebSite","@id":"https:\/\/www.galerie.litomysl.cz\/#website","url":"https:\/\/www.galerie.litomysl.cz\/","name":"M\u011bstsk\u00e1 galerie Litomy\u0161l","description":"","publisher":{"@id":"https:\/\/www.galerie.litomysl.cz\/#organization"},"potentialAction":[{"@type":"SearchAction","target":{"@type":"EntryPoint","urlTemplate":"https:\/\/www.galerie.litomysl.cz\/?s={search_term_string}"},"query-input":"required name=search_term_string"}],"inLanguage":"en-US"},{"@type":"Organization","@id":"https:\/\/www.galerie.litomysl.cz\/#organization","name":"M\u011bstsk\u00e1 galerie Litomy\u0161l","url":"https:\/\/www.galerie.litomysl.cz\/","logo":{"@type":"ImageObject","inLanguage":"en-US","@id":"https:\/\/www.galerie.litomysl.cz\/#\/schema\/logo\/image\/","url":"https:\/\/www.galerie.litomysl.cz\/wp-content\/uploads\/MGL-logo-c..svg","contentUrl":"https:\/\/www.galerie.litomysl.cz\/wp-content\/uploads\/MGL-logo-c..svg","width":212,"height":136,"caption":"M\u011bstsk\u00e1 galerie Litomy\u0161l"},"image":{"@id":"https:\/\/www.galerie.litomysl.cz\/#\/schema\/logo\/image\/"}}]}},"_links":{"self":[{"href":"https:\/\/www.galerie.litomysl.cz\/en\/wp-json\/wp\/v2\/pages\/11129"}],"collection":[{"href":"https:\/\/www.galerie.litomysl.cz\/en\/wp-json\/wp\/v2\/pages"}],"about":[{"href":"https:\/\/www.galerie.litomysl.cz\/en\/wp-json\/wp\/v2\/types\/page"}],"author":[{"embeddable":true,"href":"https:\/\/www.galerie.litomysl.cz\/en\/wp-json\/wp\/v2\/users\/8"}],"replies":[{"embeddable":true,"href":"https:\/\/www.galerie.litomysl.cz\/en\/wp-json\/wp\/v2\/comments?post=11129"}],"version-history":[{"count":1,"href":"https:\/\/www.galerie.litomysl.cz\/en\/wp-json\/wp\/v2\/pages\/11129\/revisions"}],"predecessor-version":[{"id":11130,"href":"https:\/\/www.galerie.litomysl.cz\/en\/wp-json\/wp\/v2\/pages\/11129\/revisions\/11130"}],"wp:featuredmedia":[{"embeddable":true,"href":"https:\/\/www.galerie.litomysl.cz\/en\/wp-json\/wp\/v2\/media\/3997"}],"wp:attachment":[{"href":"https:\/\/www.galerie.litomysl.cz\/en\/wp-json\/wp\/v2\/media?parent=11129"}],"curies":[{"name":"wp","href":"https:\/\/api.w.org\/{rel}","templated":true}]}}