{"id":8355,"date":"2023-12-01T10:04:37","date_gmt":"2023-12-01T09:04:37","guid":{"rendered":"https:\/\/www.galerie.litomysl.cz\/oeffentlichkeit\/"},"modified":"2023-12-05T09:52:06","modified_gmt":"2023-12-05T08:52:06","slug":"oeffentlichkeit","status":"publish","type":"page","link":"https:\/\/www.galerie.litomysl.cz\/de\/oeffentlichkeit\/","title":{"rendered":"\u00d6ffentlichkeit"},"content":{"rendered":"\t\t<div data-elementor-type=\"wp-page\" data-elementor-id=\"8355\" class=\"elementor elementor-8355 elementor-2530\">\n\t\t\t\t\t\t<div class=\"elementor-inner\">\n\t\t\t\t<div class=\"elementor-section-wrap\">\n\t\t\t\t\t\t\t\t\t<section data-particle_enable=\"false\" data-particle-mobile-disabled=\"false\" class=\"elementor-section elementor-top-section elementor-element elementor-element-a7691a9 elementor-section-full_width menu-edukace hstyl-dva  elementor-section-height-min-height elementor-section-height-default elementor-section-items-middle\" data-id=\"a7691a9\" data-element_type=\"section\" data-settings=\"{&quot;background_background&quot;:&quot;classic&quot;}\">\n\t\t\t\t\t\t<div class=\"elementor-container elementor-column-gap-default\">\n\t\t\t\t\t\t\t<div class=\"elementor-row\">\n\t\t\t\t\t<div class=\"elementor-column elementor-col-100 elementor-top-column elementor-element elementor-element-52fed29\" data-id=\"52fed29\" data-element_type=\"column\" data-settings=\"{&quot;_ob_column_has_pseudo&quot;:&quot;no&quot;}\">\n\t\t\t<div class=\"elementor-column-wrap elementor-element-populated\">\n\t\t\t\t\t\t\t<div class=\"elementor-widget-wrap\">\n\t\t\t\t\t\t<div class=\"elementor-element elementor-element-ffc73e9 elementor-widget elementor-widget-text-editor\" data-id=\"ffc73e9\" data-element_type=\"widget\" data-settings=\"{&quot;_ob_postman_use&quot;:&quot;no&quot;}\" data-widget_type=\"text-editor.default\">\n\t\t\t\t<div class=\"elementor-widget-container\">\n\t\t\t\t\t\t\t\t<div class=\"elementor-text-editor elementor-clearfix\">\n\t\t\t\t<h1>\u00d6FFENTLICHKEIT<\/h1>\n\t\t\t\t\t<\/div>\n\t\t\t\t\t\t<\/div>\n\t\t\t\t<\/div>\n\t\t\t\t<div class=\"elementor-element elementor-element-561bc65 elementor-invisible elementor-widget elementor-widget-text-editor\" data-id=\"561bc65\" data-element_type=\"widget\" data-settings=\"{&quot;_animation&quot;:&quot;fadeIn&quot;,&quot;_ob_postman_use&quot;:&quot;no&quot;}\" data-widget_type=\"text-editor.default\">\n\t\t\t\t<div class=\"elementor-widget-container\">\n\t\t\t\t\t\t\t\t<div class=\"elementor-text-editor elementor-clearfix\">\n\t\t\t\t<h5><a href=\"#mgl-dilny\">Kunstworkshops<\/a> | <a href=\"#mgl-vecery\">Abende mit der Galerie<\/a><\/h5>\n\t\t\t\t\t<\/div>\n\t\t\t\t\t\t<\/div>\n\t\t\t\t<\/div>\n\t\t\t\t\t\t<\/div>\n\t\t\t\t\t<\/div>\n\t\t<\/div>\n\t\t\t\t\t\t\t\t<\/div>\n\t\t\t\t\t<\/div>\n\t\t<\/section>\n\t\t\t\t<section data-particle_enable=\"false\" data-particle-mobile-disabled=\"false\" class=\"elementor-section elementor-top-section elementor-element elementor-element-90e7586 text-cerny hstyl-dva elementor-section-boxed elementor-section-height-default elementor-section-height-default\" data-id=\"90e7586\" data-element_type=\"section\" id=\"edukace\">\n\t\t\t\t\t\t<div class=\"elementor-container elementor-column-gap-default\">\n\t\t\t\t\t\t\t<div class=\"elementor-row\">\n\t\t\t\t\t<div class=\"elementor-column elementor-col-100 elementor-top-column elementor-element elementor-element-956a701\" data-id=\"956a701\" data-element_type=\"column\" data-settings=\"{&quot;_ob_column_has_pseudo&quot;:&quot;no&quot;}\">\n\t\t\t<div class=\"elementor-column-wrap\">\n\t\t\t\t\t\t\t<div class=\"elementor-widget-wrap\">\n\t\t\t\t\t\t\t\t<\/div>\n\t\t\t\t\t<\/div>\n\t\t<\/div>\n\t\t\t\t\t\t\t\t<\/div>\n\t\t\t\t\t<\/div>\n\t\t<\/section>\n\t\t\t\t<section data-particle_enable=\"false\" data-particle-mobile-disabled=\"false\" class=\"elementor-section elementor-top-section elementor-element elementor-element-d7bbb04 elementor-section-full_width text-cerny hstyl-dva animated-slow elementor-section-height-default elementor-section-height-default elementor-invisible\" data-id=\"d7bbb04\" data-element_type=\"section\" id=\"mgl-dilny\" data-settings=\"{&quot;animation&quot;:&quot;fadeInUp&quot;}\">\n\t\t\t\t\t\t<div class=\"elementor-container elementor-column-gap-default\">\n\t\t\t\t\t\t\t<div class=\"elementor-row\">\n\t\t\t\t\t<div class=\"elementor-column elementor-col-100 elementor-top-column elementor-element elementor-element-c90e4a7\" data-id=\"c90e4a7\" data-element_type=\"column\" id=\"skoly\" data-settings=\"{&quot;_ob_column_has_pseudo&quot;:&quot;no&quot;}\">\n\t\t\t<div class=\"elementor-column-wrap elementor-element-populated\">\n\t\t\t\t\t\t\t<div class=\"elementor-widget-wrap\">\n\t\t\t\t\t\t<div class=\"elementor-element elementor-element-0f1764b elementor-widget elementor-widget-text-editor\" data-id=\"0f1764b\" data-element_type=\"widget\" data-settings=\"{&quot;_ob_postman_use&quot;:&quot;no&quot;}\" data-widget_type=\"text-editor.default\">\n\t\t\t\t<div class=\"elementor-widget-container\">\n\t\t\t\t\t\t\t\t<div class=\"elementor-text-editor elementor-clearfix\">\n\t\t\t\t<h2>Kunst-Workshops<\/h2>\n\t\t\t\t\t<\/div>\n\t\t\t\t\t\t<\/div>\n\t\t\t\t<\/div>\n\t\t\t\t<div class=\"elementor-element elementor-element-380760f elementor-position-left elementor-vertical-align-top elementor-widget elementor-widget-image-box\" data-id=\"380760f\" data-element_type=\"widget\" data-widget_type=\"image-box.default\">\n\t\t\t\t<div class=\"elementor-widget-container\">\n\t\t\t<div class=\"elementor-image-box-wrapper\"><figure class=\"elementor-image-box-img\"><a href=\"https:\/\/www.galerie.litomysl.cz\/de\/\"><img loading=\"lazy\" decoding=\"async\" width=\"1920\" height=\"1280\" src=\"https:\/\/www.galerie.litomysl.cz\/wp-content\/uploads\/TJFOTO-89-scaled.jpg\" class=\"attachment-full size-full wp-image-4242\" alt=\"\" srcset=\"https:\/\/www.galerie.litomysl.cz\/wp-content\/uploads\/TJFOTO-89-scaled.jpg 1920w, https:\/\/www.galerie.litomysl.cz\/wp-content\/uploads\/TJFOTO-89-300x200.jpg 300w, https:\/\/www.galerie.litomysl.cz\/wp-content\/uploads\/TJFOTO-89-1024x683.jpg 1024w, https:\/\/www.galerie.litomysl.cz\/wp-content\/uploads\/TJFOTO-89-768x512.jpg 768w, https:\/\/www.galerie.litomysl.cz\/wp-content\/uploads\/TJFOTO-89-1536x1024.jpg 1536w, https:\/\/www.galerie.litomysl.cz\/wp-content\/uploads\/TJFOTO-89-2048x1365.jpg 2048w\" sizes=\"(max-width: 1920px) 100vw, 1920px\" \/><\/a><\/figure><div class=\"elementor-image-box-content\"><p class=\"elementor-image-box-description\">Die Workshops f\u00fcr Kinder und Erwachsene finden einmal im Monat im Haus zu den Rittern statt und sind inhaltlich so ausgerichtet, dass sie von Jung und Alt gleicherma\u00dfen bew\u00e4ltigt werden k\u00f6nnen. Lernen Sie unkonventionelle Kunsttechniken kennen und stellen Sie ein originelles Geschenk f\u00fcr sich oder Ihre Lieben her. Informationen \u00fcber den n\u00e4chsten Kunstworkshop finden Sie im Veranstaltungskalender. .\n<\/p><\/div><\/div>\t\t<\/div>\n\t\t\t\t<\/div>\n\t\t\t\t\t\t<\/div>\n\t\t\t\t\t<\/div>\n\t\t<\/div>\n\t\t\t\t\t\t\t\t<\/div>\n\t\t\t\t\t<\/div>\n\t\t<\/section>\n\t\t\t\t<section data-particle_enable=\"false\" data-particle-mobile-disabled=\"false\" class=\"elementor-section elementor-top-section elementor-element elementor-element-a217792 elementor-section-full_width text-cerny hstyl-dva animated-slow elementor-section-height-default elementor-section-height-default elementor-invisible\" data-id=\"a217792\" data-element_type=\"section\" id=\"mgl-vecery\" data-settings=\"{&quot;animation&quot;:&quot;fadeInUp&quot;,&quot;background_background&quot;:&quot;classic&quot;}\">\n\t\t\t\t\t\t<div class=\"elementor-container elementor-column-gap-default\">\n\t\t\t\t\t\t\t<div class=\"elementor-row\">\n\t\t\t\t\t<div class=\"elementor-column elementor-col-100 elementor-top-column elementor-element elementor-element-dac99d3\" data-id=\"dac99d3\" data-element_type=\"column\" id=\"skoly\" data-settings=\"{&quot;_ob_column_has_pseudo&quot;:&quot;no&quot;}\">\n\t\t\t<div class=\"elementor-column-wrap elementor-element-populated\">\n\t\t\t\t\t\t\t<div class=\"elementor-widget-wrap\">\n\t\t\t\t\t\t<div class=\"elementor-element elementor-element-97ac3fd elementor-widget elementor-widget-text-editor\" data-id=\"97ac3fd\" data-element_type=\"widget\" data-settings=\"{&quot;_ob_postman_use&quot;:&quot;no&quot;}\" data-widget_type=\"text-editor.default\">\n\t\t\t\t<div class=\"elementor-widget-container\">\n\t\t\t\t\t\t\t\t<div class=\"elementor-text-editor elementor-clearfix\">\n\t\t\t\t<h2>Abende mit der Galerie<\/h2>\n\t\t\t\t\t<\/div>\n\t\t\t\t\t\t<\/div>\n\t\t\t\t<\/div>\n\t\t\t\t<div class=\"elementor-element elementor-element-d2c81d3 elementor-position-left elementor-vertical-align-top elementor-widget elementor-widget-image-box\" data-id=\"d2c81d3\" data-element_type=\"widget\" data-widget_type=\"image-box.default\">\n\t\t\t\t<div class=\"elementor-widget-container\">\n\t\t\t<div class=\"elementor-image-box-wrapper\"><figure class=\"elementor-image-box-img\"><a href=\"https:\/\/www.galerie.litomysl.cz\/de\/\"><img loading=\"lazy\" decoding=\"async\" width=\"1920\" height=\"1280\" src=\"https:\/\/www.galerie.litomysl.cz\/wp-content\/uploads\/TJFOTO-6-2-scaled.jpg\" class=\"attachment-full size-full wp-image-4894\" alt=\"\" srcset=\"https:\/\/www.galerie.litomysl.cz\/wp-content\/uploads\/TJFOTO-6-2-scaled.jpg 1920w, https:\/\/www.galerie.litomysl.cz\/wp-content\/uploads\/TJFOTO-6-2-300x200.jpg 300w, https:\/\/www.galerie.litomysl.cz\/wp-content\/uploads\/TJFOTO-6-2-1024x683.jpg 1024w, https:\/\/www.galerie.litomysl.cz\/wp-content\/uploads\/TJFOTO-6-2-768x512.jpg 768w, https:\/\/www.galerie.litomysl.cz\/wp-content\/uploads\/TJFOTO-6-2-1536x1024.jpg 1536w, https:\/\/www.galerie.litomysl.cz\/wp-content\/uploads\/TJFOTO-6-2-2048x1365.jpg 2048w\" sizes=\"(max-width: 1920px) 100vw, 1920px\" \/><\/a><\/figure><div class=\"elementor-image-box-content\"><p class=\"elementor-image-box-description\">An einem Donnerstag im Monat, zu einer ungew\u00f6hnlichen Zeit zwischen 17:30 und 20:00 Uhr, wenn die Gesch\u00e4fte und Galerien geschlossen sind, aber das Kino oder Theater noch nicht begonnen hat, k\u00f6nnen Sie den Abend in unserem Haus zu den Rittern verbringen. Wir bereiten jedes Mal etwas Besonderes f\u00fcr Sie vor.\nInformationen \u00fcber den n\u00e4chsten Galerieabend finden Sie im Veranstaltungskalender.\n\n<\/p><\/div><\/div>\t\t<\/div>\n\t\t\t\t<\/div>\n\t\t\t\t\t\t<\/div>\n\t\t\t\t\t<\/div>\n\t\t<\/div>\n\t\t\t\t\t\t\t\t<\/div>\n\t\t\t\t\t<\/div>\n\t\t<\/section>\n\t\t\t\t<section data-particle_enable=\"false\" data-particle-mobile-disabled=\"false\" class=\"elementor-section elementor-top-section elementor-element elementor-element-26f96fc elementor-section-boxed elementor-section-height-default elementor-section-height-default\" data-id=\"26f96fc\" data-element_type=\"section\" data-settings=\"{&quot;background_background&quot;:&quot;classic&quot;}\">\n\t\t\t\t\t\t<div class=\"elementor-container elementor-column-gap-default\">\n\t\t\t\t\t\t\t<div class=\"elementor-row\">\n\t\t\t\t\t<div class=\"elementor-column elementor-col-100 elementor-top-column elementor-element elementor-element-e41a11d\" data-id=\"e41a11d\" data-element_type=\"column\" data-settings=\"{&quot;_ob_column_has_pseudo&quot;:&quot;no&quot;}\">\n\t\t\t<div class=\"elementor-column-wrap elementor-element-populated\">\n\t\t\t\t\t\t\t<div class=\"elementor-widget-wrap\">\n\t\t\t\t\t\t<div class=\"elementor-element elementor-element-4a863fd elementor-widget elementor-widget-spacer\" data-id=\"4a863fd\" data-element_type=\"widget\" data-widget_type=\"spacer.default\">\n\t\t\t\t<div class=\"elementor-widget-container\">\n\t\t\t\t\t<div class=\"elementor-spacer\">\n\t\t\t<div class=\"elementor-spacer-inner\"><\/div>\n\t\t<\/div>\n\t\t\t\t<\/div>\n\t\t\t\t<\/div>\n\t\t\t\t\t\t<\/div>\n\t\t\t\t\t<\/div>\n\t\t<\/div>\n\t\t\t\t\t\t\t\t<\/div>\n\t\t\t\t\t<\/div>\n\t\t<\/section>\n\t\t\t\t\t\t\t\t\t<\/div>\n\t\t\t<\/div>\n\t\t\t\t\t<\/div>\n\t\t","protected":false},"excerpt":{"rendered":"<p>\u00d6FFENTLICHKEIT Kunstworkshops | Abende mit der Galerie Kunst-Workshops Die Workshops f\u00fcr Kinder und Erwachsene finden einmal im Monat im Haus zu den Rittern statt und sind inhaltlich so ausgerichtet, dass [&hellip;]<\/p>\n","protected":false},"author":3,"featured_media":0,"parent":0,"menu_order":0,"comment_status":"closed","ping_status":"closed","template":"","meta":{"inline_featured_image":false,"footnotes":""},"acf":[],"yoast_head":"<!-- This site is optimized with the Yoast SEO plugin v21.4 - https:\/\/yoast.com\/wordpress\/plugins\/seo\/ -->\n<title>\u00d6ffentlichkeit - M\u011bstsk\u00e1 galerie Litomy\u0161l<\/title>\n<meta name=\"robots\" content=\"index, follow, max-snippet:-1, max-image-preview:large, max-video-preview:-1\" \/>\n<link rel=\"canonical\" href=\"https:\/\/www.galerie.litomysl.cz\/de\/oeffentlichkeit\/\" \/>\n<meta property=\"og:locale\" content=\"de_DE\" \/>\n<meta property=\"og:type\" content=\"article\" \/>\n<meta property=\"og:title\" content=\"\u00d6ffentlichkeit - M\u011bstsk\u00e1 galerie Litomy\u0161l\" \/>\n<meta property=\"og:description\" content=\"\u00d6FFENTLICHKEIT Kunstworkshops | Abende mit der Galerie Kunst-Workshops Die Workshops f\u00fcr Kinder und Erwachsene finden einmal im Monat im Haus zu den Rittern statt und sind inhaltlich so ausgerichtet, dass [&hellip;]\" \/>\n<meta property=\"og:url\" content=\"https:\/\/www.galerie.litomysl.cz\/de\/oeffentlichkeit\/\" \/>\n<meta property=\"og:site_name\" content=\"M\u011bstsk\u00e1 galerie Litomy\u0161l\" \/>\n<meta property=\"article:modified_time\" content=\"2023-12-05T08:52:06+00:00\" \/>\n<meta property=\"og:image\" content=\"https:\/\/www.galerie.litomysl.cz\/wp-content\/uploads\/TJFOTO-89-scaled.jpg\" \/>\n<meta name=\"twitter:card\" content=\"summary_large_image\" \/>\n<meta name=\"twitter:label1\" content=\"Gesch\u00e4tzte Lesezeit\" \/>\n\t<meta name=\"twitter:data1\" content=\"1\u00a0Minute\" \/>\n<script type=\"application\/ld+json\" class=\"yoast-schema-graph\">{\"@context\":\"https:\/\/schema.org\",\"@graph\":[{\"@type\":\"WebPage\",\"@id\":\"https:\/\/www.galerie.litomysl.cz\/de\/oeffentlichkeit\/\",\"url\":\"https:\/\/www.galerie.litomysl.cz\/de\/oeffentlichkeit\/\",\"name\":\"\u00d6ffentlichkeit - M\u011bstsk\u00e1 galerie Litomy\u0161l\",\"isPartOf\":{\"@id\":\"https:\/\/www.galerie.litomysl.cz\/#website\"},\"datePublished\":\"2023-12-01T09:04:37+00:00\",\"dateModified\":\"2023-12-05T08:52:06+00:00\",\"breadcrumb\":{\"@id\":\"https:\/\/www.galerie.litomysl.cz\/de\/oeffentlichkeit\/#breadcrumb\"},\"inLanguage\":\"de\",\"potentialAction\":[{\"@type\":\"ReadAction\",\"target\":[\"https:\/\/www.galerie.litomysl.cz\/de\/oeffentlichkeit\/\"]}]},{\"@type\":\"BreadcrumbList\",\"@id\":\"https:\/\/www.galerie.litomysl.cz\/de\/oeffentlichkeit\/#breadcrumb\",\"itemListElement\":[{\"@type\":\"ListItem\",\"position\":1,\"name\":\"Dom\u016f\",\"item\":\"https:\/\/www.galerie.litomysl.cz\/de\/\"},{\"@type\":\"ListItem\",\"position\":2,\"name\":\"\u00d6ffentlichkeit\"}]},{\"@type\":\"WebSite\",\"@id\":\"https:\/\/www.galerie.litomysl.cz\/#website\",\"url\":\"https:\/\/www.galerie.litomysl.cz\/\",\"name\":\"M\u011bstsk\u00e1 galerie Litomy\u0161l\",\"description\":\"\",\"publisher\":{\"@id\":\"https:\/\/www.galerie.litomysl.cz\/#organization\"},\"potentialAction\":[{\"@type\":\"SearchAction\",\"target\":{\"@type\":\"EntryPoint\",\"urlTemplate\":\"https:\/\/www.galerie.litomysl.cz\/?s={search_term_string}\"},\"query-input\":\"required name=search_term_string\"}],\"inLanguage\":\"de\"},{\"@type\":\"Organization\",\"@id\":\"https:\/\/www.galerie.litomysl.cz\/#organization\",\"name\":\"M\u011bstsk\u00e1 galerie Litomy\u0161l\",\"url\":\"https:\/\/www.galerie.litomysl.cz\/\",\"logo\":{\"@type\":\"ImageObject\",\"inLanguage\":\"de\",\"@id\":\"https:\/\/www.galerie.litomysl.cz\/#\/schema\/logo\/image\/\",\"url\":\"https:\/\/www.galerie.litomysl.cz\/wp-content\/uploads\/MGL-logo-c..svg\",\"contentUrl\":\"https:\/\/www.galerie.litomysl.cz\/wp-content\/uploads\/MGL-logo-c..svg\",\"width\":212,\"height\":136,\"caption\":\"M\u011bstsk\u00e1 galerie Litomy\u0161l\"},\"image\":{\"@id\":\"https:\/\/www.galerie.litomysl.cz\/#\/schema\/logo\/image\/\"}}]}<\/script>\n<!-- \/ Yoast SEO plugin. -->","yoast_head_json":{"title":"\u00d6ffentlichkeit - M\u011bstsk\u00e1 galerie Litomy\u0161l","robots":{"index":"index","follow":"follow","max-snippet":"max-snippet:-1","max-image-preview":"max-image-preview:large","max-video-preview":"max-video-preview:-1"},"canonical":"https:\/\/www.galerie.litomysl.cz\/de\/oeffentlichkeit\/","og_locale":"de_DE","og_type":"article","og_title":"\u00d6ffentlichkeit - M\u011bstsk\u00e1 galerie Litomy\u0161l","og_description":"\u00d6FFENTLICHKEIT Kunstworkshops | Abende mit der Galerie Kunst-Workshops Die Workshops f\u00fcr Kinder und Erwachsene finden einmal im Monat im Haus zu den Rittern statt und sind inhaltlich so ausgerichtet, dass [&hellip;]","og_url":"https:\/\/www.galerie.litomysl.cz\/de\/oeffentlichkeit\/","og_site_name":"M\u011bstsk\u00e1 galerie Litomy\u0161l","article_modified_time":"2023-12-05T08:52:06+00:00","og_image":[{"url":"https:\/\/www.galerie.litomysl.cz\/wp-content\/uploads\/TJFOTO-89-scaled.jpg"}],"twitter_card":"summary_large_image","twitter_misc":{"Gesch\u00e4tzte Lesezeit":"1\u00a0Minute"},"schema":{"@context":"https:\/\/schema.org","@graph":[{"@type":"WebPage","@id":"https:\/\/www.galerie.litomysl.cz\/de\/oeffentlichkeit\/","url":"https:\/\/www.galerie.litomysl.cz\/de\/oeffentlichkeit\/","name":"\u00d6ffentlichkeit - M\u011bstsk\u00e1 galerie Litomy\u0161l","isPartOf":{"@id":"https:\/\/www.galerie.litomysl.cz\/#website"},"datePublished":"2023-12-01T09:04:37+00:00","dateModified":"2023-12-05T08:52:06+00:00","breadcrumb":{"@id":"https:\/\/www.galerie.litomysl.cz\/de\/oeffentlichkeit\/#breadcrumb"},"inLanguage":"de","potentialAction":[{"@type":"ReadAction","target":["https:\/\/www.galerie.litomysl.cz\/de\/oeffentlichkeit\/"]}]},{"@type":"BreadcrumbList","@id":"https:\/\/www.galerie.litomysl.cz\/de\/oeffentlichkeit\/#breadcrumb","itemListElement":[{"@type":"ListItem","position":1,"name":"Dom\u016f","item":"https:\/\/www.galerie.litomysl.cz\/de\/"},{"@type":"ListItem","position":2,"name":"\u00d6ffentlichkeit"}]},{"@type":"WebSite","@id":"https:\/\/www.galerie.litomysl.cz\/#website","url":"https:\/\/www.galerie.litomysl.cz\/","name":"M\u011bstsk\u00e1 galerie Litomy\u0161l","description":"","publisher":{"@id":"https:\/\/www.galerie.litomysl.cz\/#organization"},"potentialAction":[{"@type":"SearchAction","target":{"@type":"EntryPoint","urlTemplate":"https:\/\/www.galerie.litomysl.cz\/?s={search_term_string}"},"query-input":"required name=search_term_string"}],"inLanguage":"de"},{"@type":"Organization","@id":"https:\/\/www.galerie.litomysl.cz\/#organization","name":"M\u011bstsk\u00e1 galerie Litomy\u0161l","url":"https:\/\/www.galerie.litomysl.cz\/","logo":{"@type":"ImageObject","inLanguage":"de","@id":"https:\/\/www.galerie.litomysl.cz\/#\/schema\/logo\/image\/","url":"https:\/\/www.galerie.litomysl.cz\/wp-content\/uploads\/MGL-logo-c..svg","contentUrl":"https:\/\/www.galerie.litomysl.cz\/wp-content\/uploads\/MGL-logo-c..svg","width":212,"height":136,"caption":"M\u011bstsk\u00e1 galerie Litomy\u0161l"},"image":{"@id":"https:\/\/www.galerie.litomysl.cz\/#\/schema\/logo\/image\/"}}]}},"_links":{"self":[{"href":"https:\/\/www.galerie.litomysl.cz\/de\/wp-json\/wp\/v2\/pages\/8355"}],"collection":[{"href":"https:\/\/www.galerie.litomysl.cz\/de\/wp-json\/wp\/v2\/pages"}],"about":[{"href":"https:\/\/www.galerie.litomysl.cz\/de\/wp-json\/wp\/v2\/types\/page"}],"author":[{"embeddable":true,"href":"https:\/\/www.galerie.litomysl.cz\/de\/wp-json\/wp\/v2\/users\/3"}],"replies":[{"embeddable":true,"href":"https:\/\/www.galerie.litomysl.cz\/de\/wp-json\/wp\/v2\/comments?post=8355"}],"version-history":[{"count":3,"href":"https:\/\/www.galerie.litomysl.cz\/de\/wp-json\/wp\/v2\/pages\/8355\/revisions"}],"predecessor-version":[{"id":8442,"href":"https:\/\/www.galerie.litomysl.cz\/de\/wp-json\/wp\/v2\/pages\/8355\/revisions\/8442"}],"wp:attachment":[{"href":"https:\/\/www.galerie.litomysl.cz\/de\/wp-json\/wp\/v2\/media?parent=8355"}],"curies":[{"name":"wp","href":"https:\/\/api.w.org\/{rel}","templated":true}]}}