{"id":8349,"date":"2023-11-30T12:39:37","date_gmt":"2023-11-30T11:39:37","guid":{"rendered":"https:\/\/www.galerie.litomysl.cz\/sammlung\/"},"modified":"2023-12-05T09:46:37","modified_gmt":"2023-12-05T08:46:37","slug":"sammlung","status":"publish","type":"page","link":"https:\/\/www.galerie.litomysl.cz\/de\/sammlung\/","title":{"rendered":"Sammlung"},"content":{"rendered":"\t\t<div data-elementor-type=\"wp-page\" data-elementor-id=\"8349\" class=\"elementor elementor-8349 elementor-1334\">\n\t\t\t\t\t\t<div class=\"elementor-inner\">\n\t\t\t\t<div class=\"elementor-section-wrap\">\n\t\t\t\t\t\t\t\t\t<section data-particle_enable=\"false\" data-particle-mobile-disabled=\"false\" class=\"elementor-section elementor-top-section elementor-element elementor-element-a7691a9 elementor-section-full_width text-cerny menu-onas hstyl-dva  elementor-section-height-default elementor-section-height-default\" data-id=\"a7691a9\" data-element_type=\"section\" data-settings=\"{&quot;background_background&quot;:&quot;classic&quot;}\">\n\t\t\t\t\t\t<div class=\"elementor-container elementor-column-gap-default\">\n\t\t\t\t\t\t\t<div class=\"elementor-row\">\n\t\t\t\t\t<div class=\"elementor-column elementor-col-100 elementor-top-column elementor-element elementor-element-52fed29\" data-id=\"52fed29\" data-element_type=\"column\" data-settings=\"{&quot;_ob_column_has_pseudo&quot;:&quot;no&quot;}\">\n\t\t\t<div class=\"elementor-column-wrap elementor-element-populated\">\n\t\t\t\t\t\t\t<div class=\"elementor-widget-wrap\">\n\t\t\t\t\t\t<div class=\"elementor-element elementor-element-ffc73e9 elementor-widget elementor-widget-text-editor\" data-id=\"ffc73e9\" data-element_type=\"widget\" data-settings=\"{&quot;_ob_postman_use&quot;:&quot;no&quot;}\" data-widget_type=\"text-editor.default\">\n\t\t\t\t<div class=\"elementor-widget-container\">\n\t\t\t\t\t\t\t\t<div class=\"elementor-text-editor elementor-clearfix\">\n\t\t\t\t<h1>KOLLEKTION<\/h1>\n\t\t\t\t\t<\/div>\n\t\t\t\t\t\t<\/div>\n\t\t\t\t<\/div>\n\t\t\t\t<div class=\"elementor-element elementor-element-172b5b7 sbirka-timeline elementor-widget elementor-widget-image\" data-id=\"172b5b7\" data-element_type=\"widget\" data-widget_type=\"image.default\">\n\t\t\t\t<div class=\"elementor-widget-container\">\n\t\t\t\t\t\t\t\t<div class=\"elementor-image\">\n\t\t\t\t\t\t\t\t\t\t\t\t<img loading=\"lazy\" decoding=\"async\" width=\"928\" height=\"96\" src=\"https:\/\/www.galerie.litomysl.cz\/wp-content\/uploads\/MGL-sbirka-img.png\" class=\"attachment-2048x2048 size-2048x2048 wp-image-3402\" alt=\"\" srcset=\"https:\/\/www.galerie.litomysl.cz\/wp-content\/uploads\/MGL-sbirka-img.png 928w, https:\/\/www.galerie.litomysl.cz\/wp-content\/uploads\/MGL-sbirka-img-300x31.png 300w, https:\/\/www.galerie.litomysl.cz\/wp-content\/uploads\/MGL-sbirka-img-768x79.png 768w\" sizes=\"(max-width: 928px) 100vw, 928px\" \/>\t\t\t\t\t\t\t\t\t\t\t\t\t\t<\/div>\n\t\t\t\t\t\t<\/div>\n\t\t\t\t<\/div>\n\t\t\t\t\t\t<\/div>\n\t\t\t\t\t<\/div>\n\t\t<\/div>\n\t\t\t\t\t\t\t\t<\/div>\n\t\t\t\t\t<\/div>\n\t\t<\/section>\n\t\t\t\t<section data-particle_enable=\"false\" data-particle-mobile-disabled=\"false\" class=\"elementor-section elementor-top-section elementor-element elementor-element-d7bbb04 elementor-section-full_width hstyl-tri text-cerny elementor-section-height-default elementor-section-height-default\" data-id=\"d7bbb04\" data-element_type=\"section\">\n\t\t\t\t\t\t<div class=\"elementor-container elementor-column-gap-default\">\n\t\t\t\t\t\t\t<div class=\"elementor-row\">\n\t\t\t\t\t<div class=\"elementor-column elementor-col-50 elementor-top-column elementor-element elementor-element-94524f9\" data-id=\"94524f9\" data-element_type=\"column\" data-settings=\"{&quot;background_background&quot;:&quot;classic&quot;,&quot;_ob_column_has_pseudo&quot;:&quot;no&quot;}\">\n\t\t\t<div class=\"elementor-column-wrap elementor-element-populated\">\n\t\t\t\t\t\t\t<div class=\"elementor-widget-wrap\">\n\t\t\t\t\t\t<div class=\"elementor-element elementor-element-3d989bf elementor-widget elementor-widget-text-editor\" data-id=\"3d989bf\" data-element_type=\"widget\" data-settings=\"{&quot;_ob_postman_use&quot;:&quot;no&quot;}\" data-widget_type=\"text-editor.default\">\n\t\t\t\t<div class=\"elementor-widget-container\">\n\t\t\t\t\t\t\t\t<div class=\"elementor-text-editor elementor-clearfix\">\n\t\t\t\t<p>Die von der Stadtgalerie Litomy\u0161l verwaltete Sammlung der bildenden Kunst besteht aus mehreren Sammlungen, die sich in ihrer Entstehungsweise und somit in ihrer Zusammensetzung unterscheiden. Sie konzentriert sich vor allem auf Werke von K\u00fcnstlern aus der Region Litomy\u0161l, aber auch auf Sammlungsst\u00fccke, die \u00fcberregionalen Charakter haben. Sie konzentriert sich auf Werke aus dem Zeitraum des 19. Jahrhunderts bis zum heutigen Tag.<\/p>\n<p>Die Sammlung basiert auf Werken von Einwohnern von Litomy\u0161l und K\u00fcnstlern, die f\u00fcr einen bestimmten Zeitraum in Litomy\u0161l oder der Umgebung lebten. Beispiele sind Werke von Julius Ma\u0159\u00e1k und seinen Sch\u00fclern sowie von Anton\u00edn Dvo\u0159\u00e1k, Max \u0160vabinsk\u00fd, Josef Volesk\u00fd, Josef Mati\u010dka, Olbram Zoubek usw. Die Sammlung umfasst auch Werke von bedeutenden Pers\u00f6nlichkeiten der tschechischen Kunstwelt &#8211; Josef \u010capek, Emil Filla, Otakar Kub\u00edn, Franti\u0161ek Tich\u00fd und andere.<\/p>\n<h3>Geschichte der Sammlung<\/h3>\n<p>Historisch gesehen besteht die Sammlung aus den Best\u00e4nden der 1925 gegr\u00fcndeten St\u00e4dtischen Gem\u00e4ldegalerie aus der Vorkriegszeit. Ihre Entwicklung wurde in den fr\u00fchen 1960er Jahren des letzten Jahrhunderts praktisch eingestellt. .<\/p>\n<p>In den Jahren 1977 und 1986 wurde eine Gruppe von Gem\u00e4lden aus dem Nachlass des Malers Josef Mati\u010dka und seiner Frau Anna hinzugef\u00fcgt, die sowohl eine Reihe von Werken dieses K\u00fcnstlers als auch Gem\u00e4lde von Malern aus der ersten H\u00e4lfte des 20. Jahrhunderts enth\u00e4lt. Unter ihnen ragen die Werke bedeutender tschechischer kubistischer Maler heraus.<\/p>\n<p>Diese beiden Sammlungen, die v\u00f6llig unabh\u00e4ngig voneinander entstanden sind, umfassen eine Gruppe von Gem\u00e4lden und anderen Artefakten, die das Museum Litomy\u0161l zwischen 1960 und 2004 schrittweise f\u00fcr seine Sammlungen erwarb. Nach 2004 wurde die Sammlung der bildenden Kunst durch die sp\u00e4ter gegr\u00fcndete Stadtgalerie Litomy\u0161l erweitert.<\/p>\n<p>Alle oben genannten Fonds sind per Gesetz im CES des Ministeriums f\u00fcr Kultur der Tschechischen Republik enthalten. Nur der letzte &#8220;Fonds&#8221;, den die Stadtgalerie Litomy\u0161l verwaltet &#8211; der Stadtfonds &#8211; ist nicht im CES des ICCR enthalten.<\/p>\n\t\t\t\t\t<\/div>\n\t\t\t\t\t\t<\/div>\n\t\t\t\t<\/div>\n\t\t\t\t<div class=\"elementor-element elementor-element-12e4f81 elementor-align-left but-0 elementor-widget elementor-widget-button\" data-id=\"12e4f81\" data-element_type=\"widget\" data-widget_type=\"button.default\">\n\t\t\t\t<div class=\"elementor-widget-container\">\n\t\t\t\t\t<div class=\"elementor-button-wrapper\">\n\t\t\t<a href=\"https:\/\/www.galerie.litomysl.cz\/de\/fuer-forscher\/\" class=\"elementor-button-link elementor-button elementor-size-sm\" role=\"button\">\n\t\t\t\t\t\t<span class=\"elementor-button-content-wrapper\">\n\t\t\t\t\t\t<span class=\"elementor-button-text\">F\u00fcr Forscher &nbsp; &nbsp;&gt;<\/span>\n\t\t<\/span>\n\t\t\t\t\t<\/a>\n\t\t<\/div>\n\t\t\t\t<\/div>\n\t\t\t\t<\/div>\n\t\t\t\t<div class=\"elementor-element elementor-element-53aa00d elementor-align-left but-1 elementor-widget elementor-widget-button\" data-id=\"53aa00d\" data-element_type=\"widget\" data-widget_type=\"button.default\">\n\t\t\t\t<div class=\"elementor-widget-container\">\n\t\t\t\t\t<div class=\"elementor-button-wrapper\">\n\t\t\t<a href=\"http:\/\/sbirky.galerie.litomysl.cz\/\" class=\"elementor-button-link elementor-button elementor-size-sm\" role=\"button\">\n\t\t\t\t\t\t<span class=\"elementor-button-content-wrapper\">\n\t\t\t\t\t\t<span class=\"elementor-button-text\">Sammlungen online &nbsp; &nbsp;&gt;<\/span>\n\t\t<\/span>\n\t\t\t\t\t<\/a>\n\t\t<\/div>\n\t\t\t\t<\/div>\n\t\t\t\t<\/div>\n\t\t\t\t\t\t<\/div>\n\t\t\t\t\t<\/div>\n\t\t<\/div>\n\t\t\t\t<div class=\"elementor-column elementor-col-50 elementor-top-column elementor-element elementor-element-c90e4a7\" data-id=\"c90e4a7\" data-element_type=\"column\" data-settings=\"{&quot;_ob_column_has_pseudo&quot;:&quot;no&quot;}\">\n\t\t\t<div class=\"elementor-column-wrap elementor-element-populated\">\n\t\t\t\t\t\t\t<div class=\"elementor-widget-wrap\">\n\t\t\t\t\t\t<div class=\"elementor-element elementor-element-4b23eb6 elementor-widget elementor-widget-text-editor\" data-id=\"4b23eb6\" data-element_type=\"widget\" data-settings=\"{&quot;_ob_postman_use&quot;:&quot;no&quot;}\" data-widget_type=\"text-editor.default\">\n\t\t\t\t<div class=\"elementor-widget-container\">\n\t\t\t\t\t\t\t\t<div class=\"elementor-text-editor elementor-clearfix\">\n\t\t\t\t<h3><strong>Pers\u00f6nlichkeiten<\/strong><\/h3>\n\t\t\t\t\t<\/div>\n\t\t\t\t\t\t<\/div>\n\t\t\t\t<\/div>\n\t\t\t\t<div class=\"elementor-element elementor-element-d256d62 elementor-position-left elementor-vertical-align-top elementor-widget elementor-widget-image-box\" data-id=\"d256d62\" data-element_type=\"widget\" data-widget_type=\"image-box.default\">\n\t\t\t\t<div class=\"elementor-widget-container\">\n\t\t\t<div class=\"elementor-image-box-wrapper\"><figure class=\"elementor-image-box-img\"><img loading=\"lazy\" decoding=\"async\" width=\"300\" height=\"300\" src=\"https:\/\/www.galerie.litomysl.cz\/wp-content\/uploads\/MGL-Julius-Marak-300x300.jpg\" class=\"attachment-medium size-medium wp-image-3406\" alt=\"\" srcset=\"https:\/\/www.galerie.litomysl.cz\/wp-content\/uploads\/MGL-Julius-Marak-300x300.jpg 300w, https:\/\/www.galerie.litomysl.cz\/wp-content\/uploads\/MGL-Julius-Marak-150x150.jpg 150w, https:\/\/www.galerie.litomysl.cz\/wp-content\/uploads\/MGL-Julius-Marak.jpg 626w\" sizes=\"(max-width: 300px) 100vw, 300px\" \/><\/figure><div class=\"elementor-image-box-content\"><p class=\"elementor-image-box-description\"><b>Julius Ma\u0159\u00e1k<\/b><br>\n(1832-1899)<br>\nBegr\u00fcnder der modernen tschechischen Landschaftsmalerei<\/p><\/div><\/div>\t\t<\/div>\n\t\t\t\t<\/div>\n\t\t\t\t<div class=\"elementor-element elementor-element-72dfdce elementor-position-left elementor-vertical-align-top elementor-widget elementor-widget-image-box\" data-id=\"72dfdce\" data-element_type=\"widget\" data-widget_type=\"image-box.default\">\n\t\t\t\t<div class=\"elementor-widget-container\">\n\t\t\t<div class=\"elementor-image-box-wrapper\"><figure class=\"elementor-image-box-img\"><img loading=\"lazy\" decoding=\"async\" width=\"300\" height=\"254\" src=\"https:\/\/www.galerie.litomysl.cz\/wp-content\/uploads\/05_Kartarka-v-Gregorce-Lit-211-300x254.jpg\" class=\"attachment-medium size-medium wp-image-5181\" alt=\"\" srcset=\"https:\/\/www.galerie.litomysl.cz\/wp-content\/uploads\/05_Kartarka-v-Gregorce-Lit-211-300x254.jpg 300w, https:\/\/www.galerie.litomysl.cz\/wp-content\/uploads\/05_Kartarka-v-Gregorce-Lit-211-1024x866.jpg 1024w, https:\/\/www.galerie.litomysl.cz\/wp-content\/uploads\/05_Kartarka-v-Gregorce-Lit-211-768x649.jpg 768w, https:\/\/www.galerie.litomysl.cz\/wp-content\/uploads\/05_Kartarka-v-Gregorce-Lit-211-1536x1299.jpg 1536w, https:\/\/www.galerie.litomysl.cz\/wp-content\/uploads\/05_Kartarka-v-Gregorce-Lit-211-2048x1732.jpg 2048w, https:\/\/www.galerie.litomysl.cz\/wp-content\/uploads\/05_Kartarka-v-Gregorce-Lit-211-scaled.jpg 1920w\" sizes=\"(max-width: 300px) 100vw, 300px\" \/><\/figure><div class=\"elementor-image-box-content\"><p class=\"elementor-image-box-description\"><b>Josef Mati\u010dka<\/b><br>\n(1893-1976)<br>\nM\u00e4zen der Galerie Litomy\u0161l <\/p><\/div><\/div>\t\t<\/div>\n\t\t\t\t<\/div>\n\t\t\t\t<div class=\"elementor-element elementor-element-c90e208 elementor-position-left elementor-vertical-align-top elementor-widget elementor-widget-image-box\" data-id=\"c90e208\" data-element_type=\"widget\" data-widget_type=\"image-box.default\">\n\t\t\t\t<div class=\"elementor-widget-container\">\n\t\t\t<div class=\"elementor-image-box-wrapper\"><figure class=\"elementor-image-box-img\"><img loading=\"lazy\" decoding=\"async\" width=\"300\" height=\"300\" src=\"https:\/\/www.galerie.litomysl.cz\/wp-content\/uploads\/MGL-Max-Svabinsky-300x300.jpg\" class=\"attachment-medium size-medium wp-image-3408\" alt=\"\" srcset=\"https:\/\/www.galerie.litomysl.cz\/wp-content\/uploads\/MGL-Max-Svabinsky-300x300.jpg 300w, https:\/\/www.galerie.litomysl.cz\/wp-content\/uploads\/MGL-Max-Svabinsky-150x150.jpg 150w, https:\/\/www.galerie.litomysl.cz\/wp-content\/uploads\/MGL-Max-Svabinsky.jpg 626w\" sizes=\"(max-width: 300px) 100vw, 300px\" \/><\/figure><div class=\"elementor-image-box-content\"><p class=\"elementor-image-box-description\"><b>Max \u0160vabinsk\u00fd<\/b><br>\n(1873-1962)<br>\nein bedeutender Vertreter des Symbolismus und ein hervorragender Portr\u00e4tist<\/p><\/div><\/div>\t\t<\/div>\n\t\t\t\t<\/div>\n\t\t\t\t<div class=\"elementor-element elementor-element-f6d7471 elementor-position-left elementor-vertical-align-top elementor-widget elementor-widget-image-box\" data-id=\"f6d7471\" data-element_type=\"widget\" data-widget_type=\"image-box.default\">\n\t\t\t\t<div class=\"elementor-widget-container\">\n\t\t\t<div class=\"elementor-image-box-wrapper\"><figure class=\"elementor-image-box-img\"><img loading=\"lazy\" decoding=\"async\" width=\"203\" height=\"300\" src=\"https:\/\/www.galerie.litomysl.cz\/wp-content\/uploads\/G652_20_00356_2-203x300.jpg\" class=\"attachment-medium size-medium wp-image-5209\" alt=\"\" srcset=\"https:\/\/www.galerie.litomysl.cz\/wp-content\/uploads\/G652_20_00356_2-203x300.jpg 203w, https:\/\/www.galerie.litomysl.cz\/wp-content\/uploads\/G652_20_00356_2-692x1024.jpg 692w, https:\/\/www.galerie.litomysl.cz\/wp-content\/uploads\/G652_20_00356_2-768x1136.jpg 768w, https:\/\/www.galerie.litomysl.cz\/wp-content\/uploads\/G652_20_00356_2-1038x1536.jpg 1038w, https:\/\/www.galerie.litomysl.cz\/wp-content\/uploads\/G652_20_00356_2-scaled.jpg 1298w\" sizes=\"(max-width: 203px) 100vw, 203px\" \/><\/figure><div class=\"elementor-image-box-content\"><p class=\"elementor-image-box-description\"><b>Milada Mare\u0161ov\u00e1<\/b><br>\n(1901-1987)<br>\nDie Malerin konzentrierte sich auf das Leben der Menschen in der Stadt.<\/p><\/div><\/div>\t\t<\/div>\n\t\t\t\t<\/div>\n\t\t\t\t<div class=\"elementor-element elementor-element-c90217b elementor-position-left elementor-vertical-align-top elementor-widget elementor-widget-image-box\" data-id=\"c90217b\" data-element_type=\"widget\" data-widget_type=\"image-box.default\">\n\t\t\t\t<div class=\"elementor-widget-container\">\n\t\t\t<div class=\"elementor-image-box-wrapper\"><figure class=\"elementor-image-box-img\"><img loading=\"lazy\" decoding=\"async\" width=\"300\" height=\"242\" src=\"https:\/\/www.galerie.litomysl.cz\/wp-content\/uploads\/M_85_77_Prochazkova_Linka_Zahradni_restaurace_1907-1-300x242.jpg\" class=\"attachment-medium size-medium wp-image-5200\" alt=\"\" srcset=\"https:\/\/www.galerie.litomysl.cz\/wp-content\/uploads\/M_85_77_Prochazkova_Linka_Zahradni_restaurace_1907-1-300x242.jpg 300w, https:\/\/www.galerie.litomysl.cz\/wp-content\/uploads\/M_85_77_Prochazkova_Linka_Zahradni_restaurace_1907-1.jpg 686w\" sizes=\"(max-width: 300px) 100vw, 300px\" \/><\/figure><div class=\"elementor-image-box-content\"><p class=\"elementor-image-box-description\"><b>Linka Proch\u00e1zkov\u00e1<\/b><br>\n(1884-1960)<br>\nMalerin, die als einzige Frau an der zweiten Ausstellung der Osma-Gruppe teilnahm.<\/p><\/div><\/div>\t\t<\/div>\n\t\t\t\t<\/div>\n\t\t\t\t<div class=\"elementor-element elementor-element-205f4ce elementor-position-left elementor-vertical-align-top elementor-widget elementor-widget-image-box\" data-id=\"205f4ce\" data-element_type=\"widget\" data-widget_type=\"image-box.default\">\n\t\t\t\t<div class=\"elementor-widget-container\">\n\t\t\t<div class=\"elementor-image-box-wrapper\"><figure class=\"elementor-image-box-img\"><img loading=\"lazy\" decoding=\"async\" width=\"300\" height=\"261\" src=\"https:\/\/www.galerie.litomysl.cz\/wp-content\/uploads\/M_88_77_FIllA_EMIL_-Kosik_s_ovocem_a_sklenice_1914-300x261.jpg\" class=\"attachment-medium size-medium wp-image-5212\" alt=\"\" srcset=\"https:\/\/www.galerie.litomysl.cz\/wp-content\/uploads\/M_88_77_FIllA_EMIL_-Kosik_s_ovocem_a_sklenice_1914-300x261.jpg 300w, https:\/\/www.galerie.litomysl.cz\/wp-content\/uploads\/M_88_77_FIllA_EMIL_-Kosik_s_ovocem_a_sklenice_1914-1024x890.jpg 1024w, https:\/\/www.galerie.litomysl.cz\/wp-content\/uploads\/M_88_77_FIllA_EMIL_-Kosik_s_ovocem_a_sklenice_1914-768x667.jpg 768w, https:\/\/www.galerie.litomysl.cz\/wp-content\/uploads\/M_88_77_FIllA_EMIL_-Kosik_s_ovocem_a_sklenice_1914-1536x1335.jpg 1536w, https:\/\/www.galerie.litomysl.cz\/wp-content\/uploads\/M_88_77_FIllA_EMIL_-Kosik_s_ovocem_a_sklenice_1914-2048x1780.jpg 2048w, https:\/\/www.galerie.litomysl.cz\/wp-content\/uploads\/M_88_77_FIllA_EMIL_-Kosik_s_ovocem_a_sklenice_1914-scaled.jpg 1920w\" sizes=\"(max-width: 300px) 100vw, 300px\" \/><\/figure><div class=\"elementor-image-box-content\"><p class=\"elementor-image-box-description\"><b>Emil Filla<\/b><br>\n(1882-1953)<br>\nWegbereiter des Expressionismus und Kubismus in B\u00f6hmen<\/p><\/div><\/div>\t\t<\/div>\n\t\t\t\t<\/div>\n\t\t\t\t\t\t<\/div>\n\t\t\t\t\t<\/div>\n\t\t<\/div>\n\t\t\t\t\t\t\t\t<\/div>\n\t\t\t\t\t<\/div>\n\t\t<\/section>\n\t\t\t\t\t\t\t\t\t<\/div>\n\t\t\t<\/div>\n\t\t\t\t\t<\/div>\n\t\t","protected":false},"excerpt":{"rendered":"<p>KOLLEKTION Die von der Stadtgalerie Litomy\u0161l verwaltete Sammlung der bildenden Kunst besteht aus mehreren Sammlungen, die sich in ihrer Entstehungsweise und somit in ihrer Zusammensetzung unterscheiden. Sie konzentriert sich vor [&hellip;]<\/p>\n","protected":false},"author":3,"featured_media":0,"parent":0,"menu_order":0,"comment_status":"closed","ping_status":"closed","template":"","meta":{"inline_featured_image":false,"footnotes":""},"acf":[],"yoast_head":"<!-- This site is optimized with the Yoast SEO plugin v21.4 - https:\/\/yoast.com\/wordpress\/plugins\/seo\/ -->\n<title>Sammlung - M\u011bstsk\u00e1 galerie Litomy\u0161l<\/title>\n<meta name=\"robots\" content=\"index, follow, max-snippet:-1, max-image-preview:large, max-video-preview:-1\" \/>\n<link rel=\"canonical\" href=\"https:\/\/www.galerie.litomysl.cz\/de\/sammlung\/\" \/>\n<meta property=\"og:locale\" content=\"de_DE\" \/>\n<meta property=\"og:type\" content=\"article\" \/>\n<meta property=\"og:title\" content=\"Sammlung - M\u011bstsk\u00e1 galerie Litomy\u0161l\" \/>\n<meta property=\"og:description\" content=\"KOLLEKTION Die von der Stadtgalerie Litomy\u0161l verwaltete Sammlung der bildenden Kunst besteht aus mehreren Sammlungen, die sich in ihrer Entstehungsweise und somit in ihrer Zusammensetzung unterscheiden. Sie konzentriert sich vor [&hellip;]\" \/>\n<meta property=\"og:url\" content=\"https:\/\/www.galerie.litomysl.cz\/de\/sammlung\/\" \/>\n<meta property=\"og:site_name\" content=\"M\u011bstsk\u00e1 galerie Litomy\u0161l\" \/>\n<meta property=\"article:modified_time\" content=\"2023-12-05T08:46:37+00:00\" \/>\n<meta property=\"og:image\" content=\"https:\/\/www.galerie.litomysl.cz\/wp-content\/uploads\/MGL-sbirka-img.png\" \/>\n<meta name=\"twitter:card\" content=\"summary_large_image\" \/>\n<meta name=\"twitter:label1\" content=\"Gesch\u00e4tzte Lesezeit\" \/>\n\t<meta name=\"twitter:data1\" content=\"2\u00a0Minuten\" \/>\n<script type=\"application\/ld+json\" class=\"yoast-schema-graph\">{\"@context\":\"https:\/\/schema.org\",\"@graph\":[{\"@type\":\"WebPage\",\"@id\":\"https:\/\/www.galerie.litomysl.cz\/de\/sammlung\/\",\"url\":\"https:\/\/www.galerie.litomysl.cz\/de\/sammlung\/\",\"name\":\"Sammlung - M\u011bstsk\u00e1 galerie Litomy\u0161l\",\"isPartOf\":{\"@id\":\"https:\/\/www.galerie.litomysl.cz\/#website\"},\"datePublished\":\"2023-11-30T11:39:37+00:00\",\"dateModified\":\"2023-12-05T08:46:37+00:00\",\"breadcrumb\":{\"@id\":\"https:\/\/www.galerie.litomysl.cz\/de\/sammlung\/#breadcrumb\"},\"inLanguage\":\"de\",\"potentialAction\":[{\"@type\":\"ReadAction\",\"target\":[\"https:\/\/www.galerie.litomysl.cz\/de\/sammlung\/\"]}]},{\"@type\":\"BreadcrumbList\",\"@id\":\"https:\/\/www.galerie.litomysl.cz\/de\/sammlung\/#breadcrumb\",\"itemListElement\":[{\"@type\":\"ListItem\",\"position\":1,\"name\":\"Dom\u016f\",\"item\":\"https:\/\/www.galerie.litomysl.cz\/de\/\"},{\"@type\":\"ListItem\",\"position\":2,\"name\":\"Sammlung\"}]},{\"@type\":\"WebSite\",\"@id\":\"https:\/\/www.galerie.litomysl.cz\/#website\",\"url\":\"https:\/\/www.galerie.litomysl.cz\/\",\"name\":\"M\u011bstsk\u00e1 galerie Litomy\u0161l\",\"description\":\"\",\"publisher\":{\"@id\":\"https:\/\/www.galerie.litomysl.cz\/#organization\"},\"potentialAction\":[{\"@type\":\"SearchAction\",\"target\":{\"@type\":\"EntryPoint\",\"urlTemplate\":\"https:\/\/www.galerie.litomysl.cz\/?s={search_term_string}\"},\"query-input\":\"required name=search_term_string\"}],\"inLanguage\":\"de\"},{\"@type\":\"Organization\",\"@id\":\"https:\/\/www.galerie.litomysl.cz\/#organization\",\"name\":\"M\u011bstsk\u00e1 galerie Litomy\u0161l\",\"url\":\"https:\/\/www.galerie.litomysl.cz\/\",\"logo\":{\"@type\":\"ImageObject\",\"inLanguage\":\"de\",\"@id\":\"https:\/\/www.galerie.litomysl.cz\/#\/schema\/logo\/image\/\",\"url\":\"https:\/\/www.galerie.litomysl.cz\/wp-content\/uploads\/MGL-logo-c..svg\",\"contentUrl\":\"https:\/\/www.galerie.litomysl.cz\/wp-content\/uploads\/MGL-logo-c..svg\",\"width\":212,\"height\":136,\"caption\":\"M\u011bstsk\u00e1 galerie Litomy\u0161l\"},\"image\":{\"@id\":\"https:\/\/www.galerie.litomysl.cz\/#\/schema\/logo\/image\/\"}}]}<\/script>\n<!-- \/ Yoast SEO plugin. -->","yoast_head_json":{"title":"Sammlung - M\u011bstsk\u00e1 galerie Litomy\u0161l","robots":{"index":"index","follow":"follow","max-snippet":"max-snippet:-1","max-image-preview":"max-image-preview:large","max-video-preview":"max-video-preview:-1"},"canonical":"https:\/\/www.galerie.litomysl.cz\/de\/sammlung\/","og_locale":"de_DE","og_type":"article","og_title":"Sammlung - M\u011bstsk\u00e1 galerie Litomy\u0161l","og_description":"KOLLEKTION Die von der Stadtgalerie Litomy\u0161l verwaltete Sammlung der bildenden Kunst besteht aus mehreren Sammlungen, die sich in ihrer Entstehungsweise und somit in ihrer Zusammensetzung unterscheiden. Sie konzentriert sich vor [&hellip;]","og_url":"https:\/\/www.galerie.litomysl.cz\/de\/sammlung\/","og_site_name":"M\u011bstsk\u00e1 galerie Litomy\u0161l","article_modified_time":"2023-12-05T08:46:37+00:00","og_image":[{"url":"https:\/\/www.galerie.litomysl.cz\/wp-content\/uploads\/MGL-sbirka-img.png"}],"twitter_card":"summary_large_image","twitter_misc":{"Gesch\u00e4tzte Lesezeit":"2\u00a0Minuten"},"schema":{"@context":"https:\/\/schema.org","@graph":[{"@type":"WebPage","@id":"https:\/\/www.galerie.litomysl.cz\/de\/sammlung\/","url":"https:\/\/www.galerie.litomysl.cz\/de\/sammlung\/","name":"Sammlung - M\u011bstsk\u00e1 galerie Litomy\u0161l","isPartOf":{"@id":"https:\/\/www.galerie.litomysl.cz\/#website"},"datePublished":"2023-11-30T11:39:37+00:00","dateModified":"2023-12-05T08:46:37+00:00","breadcrumb":{"@id":"https:\/\/www.galerie.litomysl.cz\/de\/sammlung\/#breadcrumb"},"inLanguage":"de","potentialAction":[{"@type":"ReadAction","target":["https:\/\/www.galerie.litomysl.cz\/de\/sammlung\/"]}]},{"@type":"BreadcrumbList","@id":"https:\/\/www.galerie.litomysl.cz\/de\/sammlung\/#breadcrumb","itemListElement":[{"@type":"ListItem","position":1,"name":"Dom\u016f","item":"https:\/\/www.galerie.litomysl.cz\/de\/"},{"@type":"ListItem","position":2,"name":"Sammlung"}]},{"@type":"WebSite","@id":"https:\/\/www.galerie.litomysl.cz\/#website","url":"https:\/\/www.galerie.litomysl.cz\/","name":"M\u011bstsk\u00e1 galerie Litomy\u0161l","description":"","publisher":{"@id":"https:\/\/www.galerie.litomysl.cz\/#organization"},"potentialAction":[{"@type":"SearchAction","target":{"@type":"EntryPoint","urlTemplate":"https:\/\/www.galerie.litomysl.cz\/?s={search_term_string}"},"query-input":"required name=search_term_string"}],"inLanguage":"de"},{"@type":"Organization","@id":"https:\/\/www.galerie.litomysl.cz\/#organization","name":"M\u011bstsk\u00e1 galerie Litomy\u0161l","url":"https:\/\/www.galerie.litomysl.cz\/","logo":{"@type":"ImageObject","inLanguage":"de","@id":"https:\/\/www.galerie.litomysl.cz\/#\/schema\/logo\/image\/","url":"https:\/\/www.galerie.litomysl.cz\/wp-content\/uploads\/MGL-logo-c..svg","contentUrl":"https:\/\/www.galerie.litomysl.cz\/wp-content\/uploads\/MGL-logo-c..svg","width":212,"height":136,"caption":"M\u011bstsk\u00e1 galerie Litomy\u0161l"},"image":{"@id":"https:\/\/www.galerie.litomysl.cz\/#\/schema\/logo\/image\/"}}]}},"_links":{"self":[{"href":"https:\/\/www.galerie.litomysl.cz\/de\/wp-json\/wp\/v2\/pages\/8349"}],"collection":[{"href":"https:\/\/www.galerie.litomysl.cz\/de\/wp-json\/wp\/v2\/pages"}],"about":[{"href":"https:\/\/www.galerie.litomysl.cz\/de\/wp-json\/wp\/v2\/types\/page"}],"author":[{"embeddable":true,"href":"https:\/\/www.galerie.litomysl.cz\/de\/wp-json\/wp\/v2\/users\/3"}],"replies":[{"embeddable":true,"href":"https:\/\/www.galerie.litomysl.cz\/de\/wp-json\/wp\/v2\/comments?post=8349"}],"version-history":[{"count":3,"href":"https:\/\/www.galerie.litomysl.cz\/de\/wp-json\/wp\/v2\/pages\/8349\/revisions"}],"predecessor-version":[{"id":8436,"href":"https:\/\/www.galerie.litomysl.cz\/de\/wp-json\/wp\/v2\/pages\/8349\/revisions\/8436"}],"wp:attachment":[{"href":"https:\/\/www.galerie.litomysl.cz\/de\/wp-json\/wp\/v2\/media?parent=8349"}],"curies":[{"name":"wp","href":"https:\/\/api.w.org\/{rel}","templated":true}]}}