{"id":8345,"date":"2023-11-30T11:49:11","date_gmt":"2023-11-30T10:49:11","guid":{"rendered":"https:\/\/www.galerie.litomysl.cz\/vorstadtlager\/"},"modified":"2025-07-10T16:11:20","modified_gmt":"2025-07-10T14:11:20","slug":"vorstadtlager","status":"publish","type":"page","link":"https:\/\/www.galerie.litomysl.cz\/de\/vorstadtlager\/","title":{"rendered":"Sommercamp f\u00fcr Kids"},"content":{"rendered":"<h2>VORSTADTLAGER<\/h2>\n<p>Das Vorstadt-Kunstcamp findet jedes Jahr im August statt. Die t\u00e4glichen Kreationen und Spiele werden durch den traditionellen Mittwochsausflug zu einigen nahe gelegenen Orten, die mit einem bekannten K\u00fcnstler in Verbindung stehen, unterbrochen.<\/p>\n<figure class=\"gallery-item\"><a href=\"https:\/\/www.galerie.litomysl.cz\/wp-content\/uploads\/IMG_20220812_123258-scaled.jpg\" data-elementor-open-lightbox=\"yes\" data-elementor-lightbox-slideshow=\"9b3cbb1\" data-elementor-lightbox-title=\"IMG_20220812_123258\"><img loading=\"lazy\" decoding=\"async\" src=\"https:\/\/www.galerie.litomysl.cz\/wp-content\/uploads\/\/IMG_20220812_123258-1536x864.jpg\" sizes=\"(max-width: 800px) 100vw, 800px\" srcset=\"https:\/\/www.galerie.litomysl.cz\/wp-content\/uploads\/\/IMG_20220812_123258-1536x864.jpg 1536w, https:\/\/www.galerie.litomysl.cz\/wp-content\/uploads\/IMG_20220812_123258-300x169.jpg 300w, https:\/\/www.galerie.litomysl.cz\/wp-content\/uploads\/IMG_20220812_123258-1024x576.jpg 1024w, https:\/\/www.galerie.litomysl.cz\/wp-content\/uploads\/IMG_20220812_123258-768x432.jpg 768w, https:\/\/www.galerie.litomysl.cz\/wp-content\/uploads\/IMG_20220812_123258-2048x1152.jpg 2048w, https:\/\/www.galerie.litomysl.cz\/wp-content\/uploads\/IMG_20220812_123258-scaled.jpg 1920w\" alt=\"\" width=\"800\" height=\"450\"><\/a><\/figure>\n<figure class=\"gallery-item\"><a href=\"https:\/\/www.galerie.litomysl.cz\/wp-content\/uploads\/IMG_20220810_143436-scaled.jpg\" data-elementor-open-lightbox=\"yes\" data-elementor-lightbox-slideshow=\"9b3cbb1\" data-elementor-lightbox-title=\"IMG_20220810_143436\"><img loading=\"lazy\" decoding=\"async\" src=\"https:\/\/www.galerie.litomysl.cz\/wp-content\/uploads\/\/IMG_20220810_143436-1536x864.jpg\" sizes=\"(max-width: 800px) 100vw, 800px\" srcset=\"https:\/\/www.galerie.litomysl.cz\/wp-content\/uploads\/\/IMG_20220810_143436-1536x864.jpg 1536w, https:\/\/www.galerie.litomysl.cz\/wp-content\/uploads\/IMG_20220810_143436-300x169.jpg 300w, https:\/\/www.galerie.litomysl.cz\/wp-content\/uploads\/IMG_20220810_143436-1024x576.jpg 1024w, https:\/\/www.galerie.litomysl.cz\/wp-content\/uploads\/IMG_20220810_143436-768x432.jpg 768w, https:\/\/www.galerie.litomysl.cz\/wp-content\/uploads\/IMG_20220810_143436-2048x1152.jpg 2048w, https:\/\/www.galerie.litomysl.cz\/wp-content\/uploads\/IMG_20220810_143436-scaled.jpg 1920w\" alt=\"\" width=\"800\" height=\"450\"><\/a><\/figure>\n<figure class=\"gallery-item\"><a href=\"https:\/\/www.galerie.litomysl.cz\/wp-content\/uploads\/IMG_20220810_113445-scaled.jpg\" data-elementor-open-lightbox=\"yes\" data-elementor-lightbox-slideshow=\"9b3cbb1\" data-elementor-lightbox-title=\"IMG_20220810_113445\"><img loading=\"lazy\" decoding=\"async\" src=\"https:\/\/www.galerie.litomysl.cz\/wp-content\/uploads\/\/IMG_20220810_113445-1536x864.jpg\" sizes=\"(max-width: 800px) 100vw, 800px\" srcset=\"https:\/\/www.galerie.litomysl.cz\/wp-content\/uploads\/\/IMG_20220810_113445-1536x864.jpg 1536w, https:\/\/www.galerie.litomysl.cz\/wp-content\/uploads\/IMG_20220810_113445-300x169.jpg 300w, https:\/\/www.galerie.litomysl.cz\/wp-content\/uploads\/IMG_20220810_113445-1024x576.jpg 1024w, https:\/\/www.galerie.litomysl.cz\/wp-content\/uploads\/IMG_20220810_113445-768x432.jpg 768w, https:\/\/www.galerie.litomysl.cz\/wp-content\/uploads\/IMG_20220810_113445-2048x1152.jpg 2048w, https:\/\/www.galerie.litomysl.cz\/wp-content\/uploads\/IMG_20220810_113445-scaled.jpg 1920w\" alt=\"\" width=\"800\" height=\"450\"><\/a><\/figure>\n<figure class=\"gallery-item\"><a href=\"https:\/\/www.galerie.litomysl.cz\/wp-content\/uploads\/IMG_20220808_083404-scaled.jpg\" data-elementor-open-lightbox=\"yes\" data-elementor-lightbox-slideshow=\"9b3cbb1\" data-elementor-lightbox-title=\"IMG_20220808_083404\"><img loading=\"lazy\" decoding=\"async\" src=\"https:\/\/www.galerie.litomysl.cz\/wp-content\/uploads\/\/IMG_20220808_083404-1536x864.jpg\" sizes=\"(max-width: 800px) 100vw, 800px\" srcset=\"https:\/\/www.galerie.litomysl.cz\/wp-content\/uploads\/\/IMG_20220808_083404-1536x864.jpg 1536w, https:\/\/www.galerie.litomysl.cz\/wp-content\/uploads\/IMG_20220808_083404-300x169.jpg 300w, https:\/\/www.galerie.litomysl.cz\/wp-content\/uploads\/IMG_20220808_083404-1024x576.jpg 1024w, https:\/\/www.galerie.litomysl.cz\/wp-content\/uploads\/IMG_20220808_083404-768x432.jpg 768w, https:\/\/www.galerie.litomysl.cz\/wp-content\/uploads\/IMG_20220808_083404-2048x1152.jpg 2048w, https:\/\/www.galerie.litomysl.cz\/wp-content\/uploads\/IMG_20220808_083404-scaled.jpg 1920w\" alt=\"\" width=\"800\" height=\"450\"><\/a><\/figure>\n<figure class=\"gallery-item\"><a href=\"https:\/\/www.galerie.litomysl.cz\/wp-content\/uploads\/IMG_20220808_124914-scaled.jpg\" data-elementor-open-lightbox=\"yes\" data-elementor-lightbox-slideshow=\"9b3cbb1\" data-elementor-lightbox-title=\"IMG_20220808_124914\"><img loading=\"lazy\" decoding=\"async\" src=\"https:\/\/www.galerie.litomysl.cz\/wp-content\/uploads\/\/IMG_20220808_124914-1536x864.jpg\" sizes=\"(max-width: 800px) 100vw, 800px\" srcset=\"https:\/\/www.galerie.litomysl.cz\/wp-content\/uploads\/\/IMG_20220808_124914-1536x864.jpg 1536w, https:\/\/www.galerie.litomysl.cz\/wp-content\/uploads\/IMG_20220808_124914-300x169.jpg 300w, https:\/\/www.galerie.litomysl.cz\/wp-content\/uploads\/IMG_20220808_124914-1024x576.jpg 1024w, https:\/\/www.galerie.litomysl.cz\/wp-content\/uploads\/IMG_20220808_124914-768x432.jpg 768w, https:\/\/www.galerie.litomysl.cz\/wp-content\/uploads\/IMG_20220808_124914-2048x1152.jpg 2048w, https:\/\/www.galerie.litomysl.cz\/wp-content\/uploads\/IMG_20220808_124914-scaled.jpg 1920w\" alt=\"\" width=\"800\" height=\"450\"><\/a><\/figure>\n<figure class=\"gallery-item\"><a href=\"https:\/\/www.galerie.litomysl.cz\/wp-content\/uploads\/IMG_20220808_132629-scaled.jpg\" data-elementor-open-lightbox=\"yes\" data-elementor-lightbox-slideshow=\"9b3cbb1\" data-elementor-lightbox-title=\"IMG_20220808_132629\"><img loading=\"lazy\" decoding=\"async\" src=\"https:\/\/www.galerie.litomysl.cz\/wp-content\/uploads\/\/IMG_20220808_132629-1536x864.jpg\" sizes=\"(max-width: 800px) 100vw, 800px\" srcset=\"https:\/\/www.galerie.litomysl.cz\/wp-content\/uploads\/\/IMG_20220808_132629-1536x864.jpg 1536w, https:\/\/www.galerie.litomysl.cz\/wp-content\/uploads\/IMG_20220808_132629-300x169.jpg 300w, https:\/\/www.galerie.litomysl.cz\/wp-content\/uploads\/IMG_20220808_132629-1024x576.jpg 1024w, https:\/\/www.galerie.litomysl.cz\/wp-content\/uploads\/IMG_20220808_132629-768x432.jpg 768w, https:\/\/www.galerie.litomysl.cz\/wp-content\/uploads\/IMG_20220808_132629-2048x1152.jpg 2048w, https:\/\/www.galerie.litomysl.cz\/wp-content\/uploads\/IMG_20220808_132629-scaled.jpg 1920w\" alt=\"\" width=\"800\" height=\"450\"><\/a><\/figure>\n<figure class=\"gallery-item\"><a href=\"https:\/\/www.galerie.litomysl.cz\/wp-content\/uploads\/IMG_20220811_122604-scaled.jpg\" data-elementor-open-lightbox=\"yes\" data-elementor-lightbox-slideshow=\"9b3cbb1\" data-elementor-lightbox-title=\"IMG_20220811_122604\"><img loading=\"lazy\" decoding=\"async\" src=\"https:\/\/www.galerie.litomysl.cz\/wp-content\/uploads\/\/IMG_20220811_122604-864x1536.jpg\" sizes=\"(max-width: 800px) 100vw, 800px\" srcset=\"https:\/\/www.galerie.litomysl.cz\/wp-content\/uploads\/\/IMG_20220811_122604-864x1536.jpg 864w, https:\/\/www.galerie.litomysl.cz\/wp-content\/uploads\/IMG_20220811_122604-169x300.jpg 169w, https:\/\/www.galerie.litomysl.cz\/wp-content\/uploads\/IMG_20220811_122604-576x1024.jpg 576w, https:\/\/www.galerie.litomysl.cz\/wp-content\/uploads\/IMG_20220811_122604-768x1365.jpg 768w, https:\/\/www.galerie.litomysl.cz\/wp-content\/uploads\/IMG_20220811_122604-1152x2048.jpg 1152w, https:\/\/www.galerie.litomysl.cz\/wp-content\/uploads\/IMG_20220811_122604-scaled.jpg 608w\" alt=\"\" width=\"800\" height=\"1422\"><\/a><\/figure>\n","protected":false},"excerpt":{"rendered":"<p>VORSTADTLAGER Das Vorstadt-Kunstcamp findet jedes Jahr im August statt. Die t\u00e4glichen Kreationen und Spiele werden durch den traditionellen Mittwochsausflug zu einigen nahe gelegenen Orten, die mit einem bekannten K\u00fcnstler in [&hellip;]<\/p>\n","protected":false},"author":3,"featured_media":0,"parent":0,"menu_order":0,"comment_status":"closed","ping_status":"closed","template":"","meta":{"inline_featured_image":false,"footnotes":""},"acf":[],"yoast_head":"<!-- This site is optimized with the Yoast SEO plugin v21.4 - https:\/\/yoast.com\/wordpress\/plugins\/seo\/ -->\n<title>Sommercamp f\u00fcr Kids - M\u011bstsk\u00e1 galerie Litomy\u0161l<\/title>\n<meta name=\"robots\" content=\"index, follow, max-snippet:-1, max-image-preview:large, max-video-preview:-1\" \/>\n<link rel=\"canonical\" href=\"https:\/\/www.galerie.litomysl.cz\/de\/vorstadtlager\/\" \/>\n<meta property=\"og:locale\" content=\"de_DE\" \/>\n<meta property=\"og:type\" content=\"article\" \/>\n<meta property=\"og:title\" content=\"Sommercamp f\u00fcr Kids - M\u011bstsk\u00e1 galerie Litomy\u0161l\" \/>\n<meta property=\"og:description\" content=\"VORSTADTLAGER Das Vorstadt-Kunstcamp findet jedes Jahr im August statt. Die t\u00e4glichen Kreationen und Spiele werden durch den traditionellen Mittwochsausflug zu einigen nahe gelegenen Orten, die mit einem bekannten K\u00fcnstler in [&hellip;]\" \/>\n<meta property=\"og:url\" content=\"https:\/\/www.galerie.litomysl.cz\/de\/vorstadtlager\/\" \/>\n<meta property=\"og:site_name\" content=\"M\u011bstsk\u00e1 galerie Litomy\u0161l\" \/>\n<meta property=\"article:modified_time\" content=\"2025-07-10T14:11:20+00:00\" \/>\n<meta property=\"og:image\" content=\"https:\/\/www.galerie.litomysl.cz\/wp-content\/uploads\/IMG_20220812_123258-1536x864.jpg\" \/>\n<meta name=\"twitter:card\" content=\"summary_large_image\" \/>\n<script type=\"application\/ld+json\" class=\"yoast-schema-graph\">{\"@context\":\"https:\/\/schema.org\",\"@graph\":[{\"@type\":\"WebPage\",\"@id\":\"https:\/\/www.galerie.litomysl.cz\/de\/vorstadtlager\/\",\"url\":\"https:\/\/www.galerie.litomysl.cz\/de\/vorstadtlager\/\",\"name\":\"Sommercamp f\u00fcr Kids - M\u011bstsk\u00e1 galerie Litomy\u0161l\",\"isPartOf\":{\"@id\":\"https:\/\/www.galerie.litomysl.cz\/#website\"},\"datePublished\":\"2023-11-30T10:49:11+00:00\",\"dateModified\":\"2025-07-10T14:11:20+00:00\",\"breadcrumb\":{\"@id\":\"https:\/\/www.galerie.litomysl.cz\/de\/vorstadtlager\/#breadcrumb\"},\"inLanguage\":\"de\",\"potentialAction\":[{\"@type\":\"ReadAction\",\"target\":[\"https:\/\/www.galerie.litomysl.cz\/de\/vorstadtlager\/\"]}]},{\"@type\":\"BreadcrumbList\",\"@id\":\"https:\/\/www.galerie.litomysl.cz\/de\/vorstadtlager\/#breadcrumb\",\"itemListElement\":[{\"@type\":\"ListItem\",\"position\":1,\"name\":\"Dom\u016f\",\"item\":\"https:\/\/www.galerie.litomysl.cz\/de\/\"},{\"@type\":\"ListItem\",\"position\":2,\"name\":\"Vorstadtlager\"}]},{\"@type\":\"WebSite\",\"@id\":\"https:\/\/www.galerie.litomysl.cz\/#website\",\"url\":\"https:\/\/www.galerie.litomysl.cz\/\",\"name\":\"M\u011bstsk\u00e1 galerie Litomy\u0161l\",\"description\":\"\",\"publisher\":{\"@id\":\"https:\/\/www.galerie.litomysl.cz\/#organization\"},\"potentialAction\":[{\"@type\":\"SearchAction\",\"target\":{\"@type\":\"EntryPoint\",\"urlTemplate\":\"https:\/\/www.galerie.litomysl.cz\/?s={search_term_string}\"},\"query-input\":\"required name=search_term_string\"}],\"inLanguage\":\"de\"},{\"@type\":\"Organization\",\"@id\":\"https:\/\/www.galerie.litomysl.cz\/#organization\",\"name\":\"M\u011bstsk\u00e1 galerie Litomy\u0161l\",\"url\":\"https:\/\/www.galerie.litomysl.cz\/\",\"logo\":{\"@type\":\"ImageObject\",\"inLanguage\":\"de\",\"@id\":\"https:\/\/www.galerie.litomysl.cz\/#\/schema\/logo\/image\/\",\"url\":\"https:\/\/www.galerie.litomysl.cz\/wp-content\/uploads\/MGL-logo-c..svg\",\"contentUrl\":\"https:\/\/www.galerie.litomysl.cz\/wp-content\/uploads\/MGL-logo-c..svg\",\"width\":212,\"height\":136,\"caption\":\"M\u011bstsk\u00e1 galerie Litomy\u0161l\"},\"image\":{\"@id\":\"https:\/\/www.galerie.litomysl.cz\/#\/schema\/logo\/image\/\"}}]}<\/script>\n<!-- \/ Yoast SEO plugin. -->","yoast_head_json":{"title":"Sommercamp f\u00fcr Kids - M\u011bstsk\u00e1 galerie Litomy\u0161l","robots":{"index":"index","follow":"follow","max-snippet":"max-snippet:-1","max-image-preview":"max-image-preview:large","max-video-preview":"max-video-preview:-1"},"canonical":"https:\/\/www.galerie.litomysl.cz\/de\/vorstadtlager\/","og_locale":"de_DE","og_type":"article","og_title":"Sommercamp f\u00fcr Kids - M\u011bstsk\u00e1 galerie Litomy\u0161l","og_description":"VORSTADTLAGER Das Vorstadt-Kunstcamp findet jedes Jahr im August statt. Die t\u00e4glichen Kreationen und Spiele werden durch den traditionellen Mittwochsausflug zu einigen nahe gelegenen Orten, die mit einem bekannten K\u00fcnstler in [&hellip;]","og_url":"https:\/\/www.galerie.litomysl.cz\/de\/vorstadtlager\/","og_site_name":"M\u011bstsk\u00e1 galerie Litomy\u0161l","article_modified_time":"2025-07-10T14:11:20+00:00","og_image":[{"url":"https:\/\/www.galerie.litomysl.cz\/wp-content\/uploads\/IMG_20220812_123258-1536x864.jpg"}],"twitter_card":"summary_large_image","schema":{"@context":"https:\/\/schema.org","@graph":[{"@type":"WebPage","@id":"https:\/\/www.galerie.litomysl.cz\/de\/vorstadtlager\/","url":"https:\/\/www.galerie.litomysl.cz\/de\/vorstadtlager\/","name":"Sommercamp f\u00fcr Kids - M\u011bstsk\u00e1 galerie Litomy\u0161l","isPartOf":{"@id":"https:\/\/www.galerie.litomysl.cz\/#website"},"datePublished":"2023-11-30T10:49:11+00:00","dateModified":"2025-07-10T14:11:20+00:00","breadcrumb":{"@id":"https:\/\/www.galerie.litomysl.cz\/de\/vorstadtlager\/#breadcrumb"},"inLanguage":"de","potentialAction":[{"@type":"ReadAction","target":["https:\/\/www.galerie.litomysl.cz\/de\/vorstadtlager\/"]}]},{"@type":"BreadcrumbList","@id":"https:\/\/www.galerie.litomysl.cz\/de\/vorstadtlager\/#breadcrumb","itemListElement":[{"@type":"ListItem","position":1,"name":"Dom\u016f","item":"https:\/\/www.galerie.litomysl.cz\/de\/"},{"@type":"ListItem","position":2,"name":"Vorstadtlager"}]},{"@type":"WebSite","@id":"https:\/\/www.galerie.litomysl.cz\/#website","url":"https:\/\/www.galerie.litomysl.cz\/","name":"M\u011bstsk\u00e1 galerie Litomy\u0161l","description":"","publisher":{"@id":"https:\/\/www.galerie.litomysl.cz\/#organization"},"potentialAction":[{"@type":"SearchAction","target":{"@type":"EntryPoint","urlTemplate":"https:\/\/www.galerie.litomysl.cz\/?s={search_term_string}"},"query-input":"required name=search_term_string"}],"inLanguage":"de"},{"@type":"Organization","@id":"https:\/\/www.galerie.litomysl.cz\/#organization","name":"M\u011bstsk\u00e1 galerie Litomy\u0161l","url":"https:\/\/www.galerie.litomysl.cz\/","logo":{"@type":"ImageObject","inLanguage":"de","@id":"https:\/\/www.galerie.litomysl.cz\/#\/schema\/logo\/image\/","url":"https:\/\/www.galerie.litomysl.cz\/wp-content\/uploads\/MGL-logo-c..svg","contentUrl":"https:\/\/www.galerie.litomysl.cz\/wp-content\/uploads\/MGL-logo-c..svg","width":212,"height":136,"caption":"M\u011bstsk\u00e1 galerie Litomy\u0161l"},"image":{"@id":"https:\/\/www.galerie.litomysl.cz\/#\/schema\/logo\/image\/"}}]}},"_links":{"self":[{"href":"https:\/\/www.galerie.litomysl.cz\/de\/wp-json\/wp\/v2\/pages\/8345"}],"collection":[{"href":"https:\/\/www.galerie.litomysl.cz\/de\/wp-json\/wp\/v2\/pages"}],"about":[{"href":"https:\/\/www.galerie.litomysl.cz\/de\/wp-json\/wp\/v2\/types\/page"}],"author":[{"embeddable":true,"href":"https:\/\/www.galerie.litomysl.cz\/de\/wp-json\/wp\/v2\/users\/3"}],"replies":[{"embeddable":true,"href":"https:\/\/www.galerie.litomysl.cz\/de\/wp-json\/wp\/v2\/comments?post=8345"}],"version-history":[{"count":4,"href":"https:\/\/www.galerie.litomysl.cz\/de\/wp-json\/wp\/v2\/pages\/8345\/revisions"}],"predecessor-version":[{"id":11036,"href":"https:\/\/www.galerie.litomysl.cz\/de\/wp-json\/wp\/v2\/pages\/8345\/revisions\/11036"}],"wp:attachment":[{"href":"https:\/\/www.galerie.litomysl.cz\/de\/wp-json\/wp\/v2\/media?parent=8345"}],"curies":[{"name":"wp","href":"https:\/\/api.w.org\/{rel}","templated":true}]}}