{"id":8343,"date":"2023-11-30T11:41:54","date_gmt":"2023-11-30T10:41:54","guid":{"rendered":"https:\/\/www.galerie.litomysl.cz\/bedingungen-fuer-die-bereitstellung-einer-fotografischen-dokumentation\/"},"modified":"2023-12-05T09:31:29","modified_gmt":"2023-12-05T08:31:29","slug":"bedingungen-fuer-die-bereitstellung-einer-fotografischen-dokumentation","status":"publish","type":"page","link":"https:\/\/www.galerie.litomysl.cz\/de\/bedingungen-fuer-die-bereitstellung-einer-fotografischen-dokumentation\/","title":{"rendered":"Bedingungen f\u00fcr die Bereitstellung einer fotografischen Dokumentation"},"content":{"rendered":"\t\t<div data-elementor-type=\"wp-page\" data-elementor-id=\"8343\" class=\"elementor elementor-8343 elementor-5140\">\n\t\t\t\t\t\t<div class=\"elementor-inner\">\n\t\t\t\t<div class=\"elementor-section-wrap\">\n\t\t\t\t\t\t\t\t\t<section data-particle_enable=\"false\" data-particle-mobile-disabled=\"false\" class=\"elementor-section elementor-top-section elementor-element elementor-element-21908c31 elementor-section-boxed elementor-section-height-default elementor-section-height-default\" data-id=\"21908c31\" data-element_type=\"section\">\n\t\t\t\t\t\t<div class=\"elementor-container elementor-column-gap-default\">\n\t\t\t\t\t\t\t<div class=\"elementor-row\">\n\t\t\t\t\t<div class=\"elementor-column elementor-col-100 elementor-top-column elementor-element elementor-element-28742258\" data-id=\"28742258\" data-element_type=\"column\" data-settings=\"{&quot;_ob_column_has_pseudo&quot;:&quot;no&quot;}\">\n\t\t\t<div class=\"elementor-column-wrap elementor-element-populated\">\n\t\t\t\t\t\t\t<div class=\"elementor-widget-wrap\">\n\t\t\t\t\t\t<div class=\"elementor-element elementor-element-2e1ef71a elementor-widget elementor-widget-text-editor\" data-id=\"2e1ef71a\" data-element_type=\"widget\" data-settings=\"{&quot;_ob_postman_use&quot;:&quot;no&quot;}\" data-widget_type=\"text-editor.default\">\n\t\t\t\t<div class=\"elementor-widget-container\">\n\t\t\t\t\t\t\t\t<div class=\"elementor-text-editor elementor-clearfix\">\n\t\t\t\t<\/p>\n<h3><span style=\"color: #000000;\">BEDINGUNGEN F\u00dcR DIE BEREITSTELLUNG EINER FOTOGRAFISCHEN DOKUMENTATION<\/span><\/h3>\n<\/p>\n<p><span style=\"color: #000000;\">Die Stadtgalerie Litomy\u0161l stellt die Fotodokumentation von Sammlungsobjekten in digitaler Form kostenlos f\u00fcr wissenschaftliche Zwecke und Studienzwecke (Bachelor-, Diplom- oder Dissertationsarbeiten, wissenschaftliche Berufsstudien) sowie f\u00fcr Kataloge und Drucksachen im Zusammenhang mit Ausstellungen zur Verf\u00fcgung, f\u00fcr die einige Werke aus der Sammlung der MGL ausgeliehen werden.<\/span><\/p>\n<p><span style=\"color: #000000;\">Zu Ver\u00f6ffentlichungszwecken (unabh\u00e4ngige Studien, Monographien) ist die Bereitstellung von Fotodokumentation geb\u00fchrenpflichtig. F\u00fcr die einmalige Nutzung eines Fotos zu diesen Zwecken ist eine Geb\u00fchr von 500 CZK zu entrichten. Wird die Fotodokumentation eines noch nicht professionell digitalisierten Werks zu Ver\u00f6ffentlichungszwecken angefordert, wird f\u00fcr die Digitalisierung ein zus\u00e4tzlicher Betrag von 800 CZK berechnet. Die Geb\u00fchr wird per Rechnung oder in bar erhoben.<\/span><\/p>\n<p><span style=\"color: #000000;\">Die gesamte Fotodokumentation aus der MGL-Sammlung wird dem Antragsteller auf der Grundlage eines Lizenzvertrages zur Verf\u00fcgung gestellt, in dem sich der Antragsteller verpflichtet, das Bildmaterial nur f\u00fcr den Zweck zu verwenden, f\u00fcr den es zur Verf\u00fcgung gestellt wurde, und es nicht an Dritte weiterzugeben.<\/span><\/p>\n<p><span style=\"color: #000000;\">Die Reproduktionsfl\u00e4che darf nicht ausgeschnitten werden, der reproduzierte Gegenstand darf nicht \u00fcberdruckt oder anderweitig ver\u00e4ndert werden.<\/span><\/p>\n<p><span style=\"color: #000000;\">Der Antragsteller ist stets verpflichtet, grundlegende Informationen \u00fcber das Exponat (Name des Autors, Titel des Werks, Datum, ggf. Name des Fotografen) und die Information, dass das Werk aus der Sammlung der Stadtgalerie Litomy\u0161l stammt, anzugeben.<\/span><\/p>\n<p><span style=\"color: #000000;\">Werke von lebenden K\u00fcnstlern und von K\u00fcnstlern, die noch nicht l\u00e4nger als 70 Jahre tot sind, sind urheberrechtlich gesch\u00fctzt und d\u00fcrfen nicht ohne die Zustimmung des Urhebers oder seiner Erben verwendet werden. Es liegt in der Verantwortung des Antragstellers, sich das Urheberrecht f\u00fcr die Reproduktion solcher Kunstwerke zu sichern.<\/span><\/p>\n<p><span style=\"color: #000000;\">Jede weitere Nutzung des Bildmaterials (zus\u00e4tzliche Ausgaben usw.), die nicht in der urspr\u00fcnglichen Anmeldung angegeben ist, setzt den Abschluss eines weiteren Lizenzvertrags voraus.<\/span><\/p>\n<\/p>\n<\/p><\/p>\n\t\t\t\t\t<\/div>\n\t\t\t\t\t\t<\/div>\n\t\t\t\t<\/div>\n\t\t\t\t\t\t<\/div>\n\t\t\t\t\t<\/div>\n\t\t<\/div>\n\t\t\t\t\t\t\t\t<\/div>\n\t\t\t\t\t<\/div>\n\t\t<\/section>\n\t\t\t\t\t\t\t\t\t<\/div>\n\t\t\t<\/div>\n\t\t\t\t\t<\/div>\n\t\t","protected":false},"excerpt":{"rendered":"<p>BEDINGUNGEN F\u00dcR DIE BEREITSTELLUNG EINER FOTOGRAFISCHEN DOKUMENTATION Die Stadtgalerie Litomy\u0161l stellt die Fotodokumentation von Sammlungsobjekten in digitaler Form kostenlos f\u00fcr wissenschaftliche Zwecke und Studienzwecke (Bachelor-, Diplom- oder Dissertationsarbeiten, wissenschaftliche Berufsstudien) [&hellip;]<\/p>\n","protected":false},"author":7,"featured_media":0,"parent":0,"menu_order":0,"comment_status":"closed","ping_status":"closed","template":"","meta":{"inline_featured_image":false,"footnotes":""},"acf":[],"yoast_head":"<!-- This site is optimized with the Yoast SEO plugin v21.4 - https:\/\/yoast.com\/wordpress\/plugins\/seo\/ -->\n<title>Bedingungen f\u00fcr die Bereitstellung einer fotografischen Dokumentation - M\u011bstsk\u00e1 galerie Litomy\u0161l<\/title>\n<meta name=\"robots\" content=\"index, follow, max-snippet:-1, max-image-preview:large, max-video-preview:-1\" \/>\n<link rel=\"canonical\" href=\"https:\/\/www.galerie.litomysl.cz\/de\/bedingungen-fuer-die-bereitstellung-einer-fotografischen-dokumentation\/\" \/>\n<meta property=\"og:locale\" content=\"de_DE\" \/>\n<meta property=\"og:type\" content=\"article\" \/>\n<meta property=\"og:title\" content=\"Bedingungen f\u00fcr die Bereitstellung einer fotografischen Dokumentation - M\u011bstsk\u00e1 galerie Litomy\u0161l\" \/>\n<meta property=\"og:description\" content=\"BEDINGUNGEN F\u00dcR DIE BEREITSTELLUNG EINER FOTOGRAFISCHEN DOKUMENTATION Die Stadtgalerie Litomy\u0161l stellt die Fotodokumentation von Sammlungsobjekten in digitaler Form kostenlos f\u00fcr wissenschaftliche Zwecke und Studienzwecke (Bachelor-, Diplom- oder Dissertationsarbeiten, wissenschaftliche Berufsstudien) [&hellip;]\" \/>\n<meta property=\"og:url\" content=\"https:\/\/www.galerie.litomysl.cz\/de\/bedingungen-fuer-die-bereitstellung-einer-fotografischen-dokumentation\/\" \/>\n<meta property=\"og:site_name\" content=\"M\u011bstsk\u00e1 galerie Litomy\u0161l\" \/>\n<meta property=\"article:modified_time\" content=\"2023-12-05T08:31:29+00:00\" \/>\n<meta name=\"twitter:card\" content=\"summary_large_image\" \/>\n<meta name=\"twitter:label1\" content=\"Gesch\u00e4tzte Lesezeit\" \/>\n\t<meta name=\"twitter:data1\" content=\"2\u00a0Minuten\" \/>\n<script type=\"application\/ld+json\" class=\"yoast-schema-graph\">{\"@context\":\"https:\/\/schema.org\",\"@graph\":[{\"@type\":\"WebPage\",\"@id\":\"https:\/\/www.galerie.litomysl.cz\/de\/bedingungen-fuer-die-bereitstellung-einer-fotografischen-dokumentation\/\",\"url\":\"https:\/\/www.galerie.litomysl.cz\/de\/bedingungen-fuer-die-bereitstellung-einer-fotografischen-dokumentation\/\",\"name\":\"Bedingungen f\u00fcr die Bereitstellung einer fotografischen Dokumentation - M\u011bstsk\u00e1 galerie Litomy\u0161l\",\"isPartOf\":{\"@id\":\"https:\/\/www.galerie.litomysl.cz\/#website\"},\"datePublished\":\"2023-11-30T10:41:54+00:00\",\"dateModified\":\"2023-12-05T08:31:29+00:00\",\"breadcrumb\":{\"@id\":\"https:\/\/www.galerie.litomysl.cz\/de\/bedingungen-fuer-die-bereitstellung-einer-fotografischen-dokumentation\/#breadcrumb\"},\"inLanguage\":\"de\",\"potentialAction\":[{\"@type\":\"ReadAction\",\"target\":[\"https:\/\/www.galerie.litomysl.cz\/de\/bedingungen-fuer-die-bereitstellung-einer-fotografischen-dokumentation\/\"]}]},{\"@type\":\"BreadcrumbList\",\"@id\":\"https:\/\/www.galerie.litomysl.cz\/de\/bedingungen-fuer-die-bereitstellung-einer-fotografischen-dokumentation\/#breadcrumb\",\"itemListElement\":[{\"@type\":\"ListItem\",\"position\":1,\"name\":\"Dom\u016f\",\"item\":\"https:\/\/www.galerie.litomysl.cz\/de\/\"},{\"@type\":\"ListItem\",\"position\":2,\"name\":\"Bedingungen f\u00fcr die Bereitstellung einer fotografischen Dokumentation\"}]},{\"@type\":\"WebSite\",\"@id\":\"https:\/\/www.galerie.litomysl.cz\/#website\",\"url\":\"https:\/\/www.galerie.litomysl.cz\/\",\"name\":\"M\u011bstsk\u00e1 galerie Litomy\u0161l\",\"description\":\"\",\"publisher\":{\"@id\":\"https:\/\/www.galerie.litomysl.cz\/#organization\"},\"potentialAction\":[{\"@type\":\"SearchAction\",\"target\":{\"@type\":\"EntryPoint\",\"urlTemplate\":\"https:\/\/www.galerie.litomysl.cz\/?s={search_term_string}\"},\"query-input\":\"required name=search_term_string\"}],\"inLanguage\":\"de\"},{\"@type\":\"Organization\",\"@id\":\"https:\/\/www.galerie.litomysl.cz\/#organization\",\"name\":\"M\u011bstsk\u00e1 galerie Litomy\u0161l\",\"url\":\"https:\/\/www.galerie.litomysl.cz\/\",\"logo\":{\"@type\":\"ImageObject\",\"inLanguage\":\"de\",\"@id\":\"https:\/\/www.galerie.litomysl.cz\/#\/schema\/logo\/image\/\",\"url\":\"https:\/\/www.galerie.litomysl.cz\/wp-content\/uploads\/MGL-logo-c..svg\",\"contentUrl\":\"https:\/\/www.galerie.litomysl.cz\/wp-content\/uploads\/MGL-logo-c..svg\",\"width\":212,\"height\":136,\"caption\":\"M\u011bstsk\u00e1 galerie Litomy\u0161l\"},\"image\":{\"@id\":\"https:\/\/www.galerie.litomysl.cz\/#\/schema\/logo\/image\/\"}}]}<\/script>\n<!-- \/ Yoast SEO plugin. -->","yoast_head_json":{"title":"Bedingungen f\u00fcr die Bereitstellung einer fotografischen Dokumentation - M\u011bstsk\u00e1 galerie Litomy\u0161l","robots":{"index":"index","follow":"follow","max-snippet":"max-snippet:-1","max-image-preview":"max-image-preview:large","max-video-preview":"max-video-preview:-1"},"canonical":"https:\/\/www.galerie.litomysl.cz\/de\/bedingungen-fuer-die-bereitstellung-einer-fotografischen-dokumentation\/","og_locale":"de_DE","og_type":"article","og_title":"Bedingungen f\u00fcr die Bereitstellung einer fotografischen Dokumentation - M\u011bstsk\u00e1 galerie Litomy\u0161l","og_description":"BEDINGUNGEN F\u00dcR DIE BEREITSTELLUNG EINER FOTOGRAFISCHEN DOKUMENTATION Die Stadtgalerie Litomy\u0161l stellt die Fotodokumentation von Sammlungsobjekten in digitaler Form kostenlos f\u00fcr wissenschaftliche Zwecke und Studienzwecke (Bachelor-, Diplom- oder Dissertationsarbeiten, wissenschaftliche Berufsstudien) [&hellip;]","og_url":"https:\/\/www.galerie.litomysl.cz\/de\/bedingungen-fuer-die-bereitstellung-einer-fotografischen-dokumentation\/","og_site_name":"M\u011bstsk\u00e1 galerie Litomy\u0161l","article_modified_time":"2023-12-05T08:31:29+00:00","twitter_card":"summary_large_image","twitter_misc":{"Gesch\u00e4tzte Lesezeit":"2\u00a0Minuten"},"schema":{"@context":"https:\/\/schema.org","@graph":[{"@type":"WebPage","@id":"https:\/\/www.galerie.litomysl.cz\/de\/bedingungen-fuer-die-bereitstellung-einer-fotografischen-dokumentation\/","url":"https:\/\/www.galerie.litomysl.cz\/de\/bedingungen-fuer-die-bereitstellung-einer-fotografischen-dokumentation\/","name":"Bedingungen f\u00fcr die Bereitstellung einer fotografischen Dokumentation - M\u011bstsk\u00e1 galerie Litomy\u0161l","isPartOf":{"@id":"https:\/\/www.galerie.litomysl.cz\/#website"},"datePublished":"2023-11-30T10:41:54+00:00","dateModified":"2023-12-05T08:31:29+00:00","breadcrumb":{"@id":"https:\/\/www.galerie.litomysl.cz\/de\/bedingungen-fuer-die-bereitstellung-einer-fotografischen-dokumentation\/#breadcrumb"},"inLanguage":"de","potentialAction":[{"@type":"ReadAction","target":["https:\/\/www.galerie.litomysl.cz\/de\/bedingungen-fuer-die-bereitstellung-einer-fotografischen-dokumentation\/"]}]},{"@type":"BreadcrumbList","@id":"https:\/\/www.galerie.litomysl.cz\/de\/bedingungen-fuer-die-bereitstellung-einer-fotografischen-dokumentation\/#breadcrumb","itemListElement":[{"@type":"ListItem","position":1,"name":"Dom\u016f","item":"https:\/\/www.galerie.litomysl.cz\/de\/"},{"@type":"ListItem","position":2,"name":"Bedingungen f\u00fcr die Bereitstellung einer fotografischen Dokumentation"}]},{"@type":"WebSite","@id":"https:\/\/www.galerie.litomysl.cz\/#website","url":"https:\/\/www.galerie.litomysl.cz\/","name":"M\u011bstsk\u00e1 galerie Litomy\u0161l","description":"","publisher":{"@id":"https:\/\/www.galerie.litomysl.cz\/#organization"},"potentialAction":[{"@type":"SearchAction","target":{"@type":"EntryPoint","urlTemplate":"https:\/\/www.galerie.litomysl.cz\/?s={search_term_string}"},"query-input":"required name=search_term_string"}],"inLanguage":"de"},{"@type":"Organization","@id":"https:\/\/www.galerie.litomysl.cz\/#organization","name":"M\u011bstsk\u00e1 galerie Litomy\u0161l","url":"https:\/\/www.galerie.litomysl.cz\/","logo":{"@type":"ImageObject","inLanguage":"de","@id":"https:\/\/www.galerie.litomysl.cz\/#\/schema\/logo\/image\/","url":"https:\/\/www.galerie.litomysl.cz\/wp-content\/uploads\/MGL-logo-c..svg","contentUrl":"https:\/\/www.galerie.litomysl.cz\/wp-content\/uploads\/MGL-logo-c..svg","width":212,"height":136,"caption":"M\u011bstsk\u00e1 galerie Litomy\u0161l"},"image":{"@id":"https:\/\/www.galerie.litomysl.cz\/#\/schema\/logo\/image\/"}}]}},"_links":{"self":[{"href":"https:\/\/www.galerie.litomysl.cz\/de\/wp-json\/wp\/v2\/pages\/8343"}],"collection":[{"href":"https:\/\/www.galerie.litomysl.cz\/de\/wp-json\/wp\/v2\/pages"}],"about":[{"href":"https:\/\/www.galerie.litomysl.cz\/de\/wp-json\/wp\/v2\/types\/page"}],"author":[{"embeddable":true,"href":"https:\/\/www.galerie.litomysl.cz\/de\/wp-json\/wp\/v2\/users\/7"}],"replies":[{"embeddable":true,"href":"https:\/\/www.galerie.litomysl.cz\/de\/wp-json\/wp\/v2\/comments?post=8343"}],"version-history":[{"count":3,"href":"https:\/\/www.galerie.litomysl.cz\/de\/wp-json\/wp\/v2\/pages\/8343\/revisions"}],"predecessor-version":[{"id":8430,"href":"https:\/\/www.galerie.litomysl.cz\/de\/wp-json\/wp\/v2\/pages\/8343\/revisions\/8430"}],"wp:attachment":[{"href":"https:\/\/www.galerie.litomysl.cz\/de\/wp-json\/wp\/v2\/media?parent=8343"}],"curies":[{"name":"wp","href":"https:\/\/api.w.org\/{rel}","templated":true}]}}