{"id":8335,"date":"2023-11-29T14:05:35","date_gmt":"2023-11-29T13:05:35","guid":{"rendered":"https:\/\/www.galerie.litomysl.cz\/stadtbildergalerie\/"},"modified":"2026-04-12T08:55:39","modified_gmt":"2026-04-12T06:55:39","slug":"stadtbildergalerie","status":"publish","type":"page","link":"https:\/\/www.galerie.litomysl.cz\/de\/stadtbildergalerie\/","title":{"rendered":"St\u00e4dtische Gem\u00e4ldegalerie"},"content":{"rendered":"\t\t<div data-elementor-type=\"wp-page\" data-elementor-id=\"8335\" class=\"elementor elementor-8335 elementor-4147\">\n\t\t\t\t\t\t<div class=\"elementor-inner\">\n\t\t\t\t<div class=\"elementor-section-wrap\">\n\t\t\t\t\t\t\t\t\t<section data-particle_enable=\"false\" data-particle-mobile-disabled=\"false\" class=\"elementor-section elementor-top-section elementor-element elementor-element-510840a1 elementor-section-boxed elementor-section-height-default elementor-section-height-default\" data-id=\"510840a1\" data-element_type=\"section\">\n\t\t\t\t\t\t<div class=\"elementor-container elementor-column-gap-default\">\n\t\t\t\t\t\t\t<div class=\"elementor-row\">\n\t\t\t\t\t<div class=\"elementor-column elementor-col-100 elementor-top-column elementor-element elementor-element-77a5668\" data-id=\"77a5668\" data-element_type=\"column\" data-settings=\"{&quot;_ob_column_has_pseudo&quot;:&quot;no&quot;}\">\n\t\t\t<div class=\"elementor-column-wrap elementor-element-populated\">\n\t\t\t\t\t\t\t<div class=\"elementor-widget-wrap\">\n\t\t\t\t\t\t<div class=\"elementor-element elementor-element-7b02639 elementor-widget elementor-widget-text-editor\" data-id=\"7b02639\" data-element_type=\"widget\" data-settings=\"{&quot;_ob_postman_use&quot;:&quot;no&quot;}\" data-widget_type=\"text-editor.default\">\n\t\t\t\t<div class=\"elementor-widget-container\">\n\t\t\t\t\t\t\t\t<div class=\"elementor-text-editor elementor-clearfix\">\n\t\t\t\t<h1><strong><span style=\"color: #000000;\">ST\u00c4DTISCHE GEM\u00c4LDEGALERIE<br \/><\/span><\/strong><span style=\"color: #000000;\"><i>ES GIBT MEHR VARIANTEN<\/i><\/span><\/h1>\t\t\t\t\t<\/div>\n\t\t\t\t\t\t<\/div>\n\t\t\t\t<\/div>\n\t\t\t\t\t\t<\/div>\n\t\t\t\t\t<\/div>\n\t\t<\/div>\n\t\t\t\t\t\t\t\t<\/div>\n\t\t\t\t\t<\/div>\n\t\t<\/section>\n\t\t\t\t<section data-particle_enable=\"false\" data-particle-mobile-disabled=\"false\" class=\"elementor-section elementor-top-section elementor-element elementor-element-dda6979 elementor-section-boxed elementor-section-height-default elementor-section-height-default\" data-id=\"dda6979\" data-element_type=\"section\">\n\t\t\t\t\t\t<div class=\"elementor-container elementor-column-gap-default\">\n\t\t\t\t\t\t\t<div class=\"elementor-row\">\n\t\t\t\t\t<div class=\"elementor-column elementor-col-100 elementor-top-column elementor-element elementor-element-6d2217f\" data-id=\"6d2217f\" data-element_type=\"column\" data-settings=\"{&quot;_ob_column_has_pseudo&quot;:&quot;no&quot;}\">\n\t\t\t<div class=\"elementor-column-wrap elementor-element-populated\">\n\t\t\t\t\t\t\t<div class=\"elementor-widget-wrap\">\n\t\t\t\t\t\t<div class=\"elementor-element elementor-element-152f2db elementor-widget elementor-widget-text-editor\" data-id=\"152f2db\" data-element_type=\"widget\" data-settings=\"{&quot;_ob_postman_use&quot;:&quot;no&quot;}\" data-widget_type=\"text-editor.default\">\n\t\t\t\t<div class=\"elementor-widget-container\">\n\t\t\t\t\t\t\t\t<div class=\"elementor-text-editor elementor-clearfix\">\n\t\t\t\t<div class=\"elementor-element elementor-element-7fbafc7 nadpis-udalosti-detail-svl elementor-widget elementor-widget-theme-post-title elementor-page-title elementor-widget-heading\" data-id=\"7fbafc7\" data-element_type=\"widget\" data-e-type=\"widget\" data-widget_type=\"theme-post-title.default\"><div class=\"elementor-widget-container\"><p>Die St\u00e4dtische Gem\u00e4ldegalerie ist Teil der <a href=\"https:\/\/galerie.litomysl.cz\">St\u00e4dtischen Galerie Litomy\u0161l<\/a> und befindet sich im Schloss Litomy\u0161l. Die R\u00e4umlichkeiten werden seit dem 19. Jahrhundert f\u00fcr die Pr\u00e4sentation von Kunstwerken genutzt. Jahrhundert bis zur Gegenwart widmet. Die Gem\u00e4ldegalerie ist eine der wichtigsten kulturellen Einrichtungen der Stadt.<\/p><h4>NEUE AUSSTELLUNG: ES GIBT MEHR VARIANTEN<\/h4><p><strong>Die neue Ausstellung in der St\u00e4dtischen Gem\u00e4ldegalerie mit dem Titel ES GIBT MEHR VARIANTEN thematisiert die Wandlungen des Portr\u00e4tgenres \u00fcber einen weiten Zeitraum vom 19. Jahrhundert bis in die Gegenwart und zeichnet seine wechselnden Funktionen, Bedeutungen und formalen Strategien nach. <\/strong><\/p><p data-start=\"873\" data-end=\"1346\">Die Ausstellung verbindet die in der Sammlung der St\u00e4dtischen Galerie Litomy\u0161l vertretenen Portr\u00e4tarbeiten &#8211; unter anderem Werke von <em>Viktor Barvitius<\/em>, <em>Anton\u00edn Dvo\u0159\u00e1k<\/em> und <em>Leopold Ferber<\/em> &#8211; mit zeitgen\u00f6ssischen Ans\u00e4tzen zur Darstellung des menschlichen Gesichts. Im Kontext der modernen Kunst findet eine Verschiebung von der repr\u00e4sentativen Funktion des Portr\u00e4ts hin zu seinen experimentellen und interpretativen Positionen statt, bei denen sich der Schwerpunkt von der getreuen Darstellung des Individuums auf die M\u00f6glichkeiten der subjektiven Aussage, der konzeptionellen Reduktion oder der kollektiven Identit\u00e4t verlagert.<\/p><p data-start=\"1348\" data-end=\"1743\">Zeitgen\u00f6ssische Werke von <em>Kate\u0159ina \u0160ed\u00e1<\/em>, <em>Kri\u0161tof Kintera<\/em>, <em>Natalie Perkof<\/em>, <em>Al\u017eb\u011bta Sk\u00e1lov\u00e1<\/em>, <em>Jana Farmanov\u00e1<\/em> und <em>Milena Dopitov\u00e1<\/em> er\u00f6ffnen Fragen der Authentizit\u00e4t, der Erinnerung und der Beziehung zwischen dem Individuum und dem gemeinsamen Menschenbild. Die Ausstellung bietet also keine lineare Interpretation der Entwicklung des Portr\u00e4ts, sondern vielmehr ein Feld unterschiedlicher Ans\u00e4tze, die die Ver\u00e4nderungen in der visuellen Kultur und dem Verst\u00e4ndnis von Identit\u00e4t selbst widerspiegeln.<\/p><p data-start=\"1745\" data-end=\"1845\"><strong>Die Er\u00f6ffnung der Ausstellung findet am 14. Juni um 10:30.<\/strong><\/p><figure id=\"attachment_16874\" aria-describedby=\"caption-attachment-16874\" style=\"width: 800px\" class=\"wp-caption alignnone\"><img loading=\"lazy\" decoding=\"async\" class=\"wp-image-16874 size-large\" src=\"https:\/\/www.galerie.litomysl.cz\/wp-content\/uploads\/n_perkof_manual_of_naturalness-1024x537.png\" alt=\"\" width=\"800\" height=\"420\" srcset=\"https:\/\/www.galerie.litomysl.cz\/wp-content\/uploads\/n_perkof_manual_of_naturalness-1024x537.png 1024w, https:\/\/www.galerie.litomysl.cz\/wp-content\/uploads\/n_perkof_manual_of_naturalness-300x157.png 300w, https:\/\/www.galerie.litomysl.cz\/wp-content\/uploads\/n_perkof_manual_of_naturalness-768x403.png 768w, https:\/\/www.galerie.litomysl.cz\/wp-content\/uploads\/n_perkof_manual_of_naturalness.png 1067w\" sizes=\"(max-width: 800px) 100vw, 800px\" \/><figcaption id=\"caption-attachment-16874\" class=\"wp-caption-text\">In der St\u00e4dtischen Gem\u00e4ldegalerie verschmelzen wieder einmal das Alte und das Neue &#8211; dieses Mal in Form von Portr\u00e4ts.<\/figcaption><\/figure><h4>\u00a0<\/h4><h4>\u00dcBER DIE ST\u00c4DTISCHE BILDERGALERIE IN LITOMY\u0160L<\/h4><p>Die St\u00e4dtische Gem\u00e4ldegalerie ist ein Raum, in dem der Genius Loci des Schlosses Litomy\u0161l mit zeitgen\u00f6ssischer Architektur und Kunst kombiniert wird. Hier trifft das Alte auf das Neue in einem friedlichen Dialog. Diese einfache Idee der Verschmelzung von Vergangenheit und Gegenwart bildet die Grundlage sowohl f\u00fcr die architektonische Renovierung der Innenr\u00e4ume, die vom MAAUS-Studio durchgef\u00fchrt wurde, als auch f\u00fcr das kuratorische Konzept, hinter dem die St\u00e4dtische Galerie Litomy\u0161l steht.<\/p><p data-start=\"720\" data-end=\"997\">Die St\u00e4dtische Gem\u00e4ldegalerie ist ein Raum, in dem Kunst als eine Erfahrung gesehen wird, die in einer bestimmten Zeit, Situation und Beziehung zwischen dem Werk und dem Betrachter stattfindet. Der kuratorische Ansatz konzentriert sich darauf, die Bedingungen f\u00fcr eine gezielte Wahrnehmung und Interpretation zu schaffen und nicht auf eine spektakul\u00e4re Pr\u00e4sentation.<\/p><p data-start=\"999\" data-end=\"1275\">Die Ausstellungsprojekte werden mit einem Schwerpunkt auf dem Kontext, der Kontinuit\u00e4t und dem Dialog zwischen historischen und zeitgen\u00f6ssischen k\u00fcnstlerischen Ans\u00e4tzen erstellt. Sie bieten dem Besucher die M\u00f6glichkeit, einen Raum zu betreten, der eine Verlangsamung, Konzentration und ein tieferes Verst\u00e4ndnis der visuellen Formen und ihrer Bedeutungen erm\u00f6glicht.<\/p><\/div><figure id=\"attachment_12565\" aria-describedby=\"caption-attachment-12565\" style=\"width: 800px\" class=\"wp-caption alignnone\"><img loading=\"lazy\" decoding=\"async\" class=\"wp-image-12565 size-large\" src=\"https:\/\/www.galerie.litomysl.cz\/wp-content\/uploads\/R5_5218-1024x683.jpg\" alt=\"\" width=\"800\" height=\"534\" srcset=\"https:\/\/www.galerie.litomysl.cz\/wp-content\/uploads\/R5_5218-1024x683.jpg 1024w, https:\/\/www.galerie.litomysl.cz\/wp-content\/uploads\/R5_5218-300x200.jpg 300w, https:\/\/www.galerie.litomysl.cz\/wp-content\/uploads\/R5_5218-768x512.jpg 768w, https:\/\/www.galerie.litomysl.cz\/wp-content\/uploads\/R5_5218-1536x1025.jpg 1536w, https:\/\/www.galerie.litomysl.cz\/wp-content\/uploads\/R5_5218-scaled.jpg 2048w\" sizes=\"(max-width: 800px) 100vw, 800px\" \/><figcaption id=\"caption-attachment-12565\" class=\"wp-caption-text\">Ein Blick in die Eingangsbereiche der St\u00e4dtischen Gem\u00e4ldegalerie, die von schlichten M\u00f6beln des Architekturb\u00fcros MAAUS gepr\u00e4gt sind.<\/figcaption><\/figure><\/div>\t\t\t\t\t<\/div>\n\t\t\t\t\t\t<\/div>\n\t\t\t\t<\/div>\n\t\t\t\t\t\t<\/div>\n\t\t\t\t\t<\/div>\n\t\t<\/div>\n\t\t\t\t\t\t\t\t<\/div>\n\t\t\t\t\t<\/div>\n\t\t<\/section>\n\t\t\t\t<section data-particle_enable=\"false\" data-particle-mobile-disabled=\"false\" class=\"elementor-section elementor-top-section elementor-element elementor-element-04e0eaf elementor-section-boxed elementor-section-height-default elementor-section-height-default\" data-id=\"04e0eaf\" data-element_type=\"section\">\n\t\t\t\t\t\t<div class=\"elementor-container elementor-column-gap-default\">\n\t\t\t\t\t\t\t<div class=\"elementor-row\">\n\t\t\t\t\t<div class=\"elementor-column elementor-col-100 elementor-top-column elementor-element elementor-element-f4e3b45\" data-id=\"f4e3b45\" data-element_type=\"column\" data-settings=\"{&quot;_ob_column_has_pseudo&quot;:&quot;no&quot;}\">\n\t\t\t<div class=\"elementor-column-wrap\">\n\t\t\t\t\t\t\t<div class=\"elementor-widget-wrap\">\n\t\t\t\t\t\t\t\t<\/div>\n\t\t\t\t\t<\/div>\n\t\t<\/div>\n\t\t\t\t\t\t\t\t<\/div>\n\t\t\t\t\t<\/div>\n\t\t<\/section>\n\t\t\t\t<section data-particle_enable=\"false\" data-particle-mobile-disabled=\"false\" class=\"elementor-section elementor-top-section elementor-element elementor-element-f9eef9c elementor-section-boxed elementor-section-height-default elementor-section-height-default\" data-id=\"f9eef9c\" data-element_type=\"section\">\n\t\t\t\t\t\t<div class=\"elementor-container elementor-column-gap-default\">\n\t\t\t\t\t\t\t<div class=\"elementor-row\">\n\t\t\t\t\t<div class=\"elementor-column elementor-col-25 elementor-top-column elementor-element elementor-element-908e7ea\" data-id=\"908e7ea\" data-element_type=\"column\" data-settings=\"{&quot;_ob_column_has_pseudo&quot;:&quot;no&quot;}\">\n\t\t\t<div class=\"elementor-column-wrap elementor-element-populated\">\n\t\t\t\t\t\t\t<div class=\"elementor-widget-wrap\">\n\t\t\t\t\t\t<div class=\"elementor-element elementor-element-494554d elementor-widget elementor-widget-text-editor\" data-id=\"494554d\" data-element_type=\"widget\" data-settings=\"{&quot;_ob_postman_use&quot;:&quot;no&quot;}\" data-widget_type=\"text-editor.default\">\n\t\t\t\t<div class=\"elementor-widget-container\">\n\t\t\t\t\t\t\t\t<div class=\"elementor-text-editor elementor-clearfix\">\n\t\t\t\t<p><strong><span style=\"color: #000000;\">ST\u00c4DTISCHE GEM\u00c4LDEGALERIE<\/span><\/strong><br><span style=\"color: #000000;\"><a style=\"color: #000000;\" href=\"https:\/\/www.zamek-litomysl.cz\/cs\">Staatsschlo\u00df Litomy\u0161l<\/a><\/span><br><span style=\"color: #000000;\">Jir\u00e1skova 93<\/span><br><span style=\"color: #000000;\">57001 Litomy\u0161l<\/span><\/p>\n<p><span style=\"font-weight: bolder;\">\u00d6FFNUNGSZEITEN<\/span><br><span style=\"font-weight: bolder;\">JUNI &#8211; AUGUST<\/span><br>Di-So 10.00-12.00, 13.00-17.00<br><span style=\"font-weight: bolder;\">SEPTEMBER<\/span><br>Di-So 10.00-12.00, 13.00-16.00<\/p>\t\t\t\t\t<\/div>\n\t\t\t\t\t\t<\/div>\n\t\t\t\t<\/div>\n\t\t\t\t\t\t<\/div>\n\t\t\t\t\t<\/div>\n\t\t<\/div>\n\t\t\t\t<div class=\"elementor-column elementor-col-25 elementor-top-column elementor-element elementor-element-0138a0d\" data-id=\"0138a0d\" data-element_type=\"column\" data-settings=\"{&quot;_ob_column_has_pseudo&quot;:&quot;no&quot;}\">\n\t\t\t<div class=\"elementor-column-wrap elementor-element-populated\">\n\t\t\t\t\t\t\t<div class=\"elementor-widget-wrap\">\n\t\t\t\t\t\t<div class=\"elementor-element elementor-element-a186238 elementor-widget elementor-widget-text-editor\" data-id=\"a186238\" data-element_type=\"widget\" data-settings=\"{&quot;_ob_postman_use&quot;:&quot;no&quot;}\" data-widget_type=\"text-editor.default\">\n\t\t\t\t<div class=\"elementor-widget-container\">\n\t\t\t\t\t\t\t\t<div class=\"elementor-text-editor elementor-clearfix\">\n\t\t\t\t\t\t\t\t\t<\/div>\n\t\t\t\t\t\t<\/div>\n\t\t\t\t<\/div>\n\t\t\t\t\t\t<\/div>\n\t\t\t\t\t<\/div>\n\t\t<\/div>\n\t\t\t\t<div class=\"elementor-column elementor-col-50 elementor-top-column elementor-element elementor-element-e0eca4e\" data-id=\"e0eca4e\" data-element_type=\"column\" data-settings=\"{&quot;_ob_column_has_pseudo&quot;:&quot;no&quot;}\">\n\t\t\t<div class=\"elementor-column-wrap elementor-element-populated\">\n\t\t\t\t\t\t\t<div class=\"elementor-widget-wrap\">\n\t\t\t\t\t\t<div class=\"elementor-element elementor-element-05c3ff7 elementor-widget elementor-widget-text-editor\" data-id=\"05c3ff7\" data-element_type=\"widget\" data-settings=\"{&quot;_ob_postman_use&quot;:&quot;no&quot;}\" data-widget_type=\"text-editor.default\">\n\t\t\t\t<div class=\"elementor-widget-container\">\n\t\t\t\t\t\t\t\t<div class=\"elementor-text-editor elementor-clearfix\">\n\t\t\t\t\t\t\t\t\t<\/div>\n\t\t\t\t\t\t<\/div>\n\t\t\t\t<\/div>\n\t\t\t\t\t\t<\/div>\n\t\t\t\t\t<\/div>\n\t\t<\/div>\n\t\t\t\t\t\t\t\t<\/div>\n\t\t\t\t\t<\/div>\n\t\t<\/section>\n\t\t\t\t\t\t\t\t\t<\/div>\n\t\t\t<\/div>\n\t\t\t\t\t<\/div>\n\t\t","protected":false},"excerpt":{"rendered":"<p>ST\u00c4DTISCHE GEM\u00c4LDEGALERIEES GIBT MEHR VARIANTEN Die St\u00e4dtische Gem\u00e4ldegalerie ist Teil der St\u00e4dtischen Galerie Litomy\u0161l und befindet sich im Schloss Litomy\u0161l. Die R\u00e4umlichkeiten werden seit dem 19. Jahrhundert f\u00fcr die Pr\u00e4sentation [&hellip;]<\/p>\n","protected":false},"author":7,"featured_media":0,"parent":0,"menu_order":0,"comment_status":"closed","ping_status":"closed","template":"","meta":{"inline_featured_image":false,"footnotes":""},"acf":[],"yoast_head":"<!-- This site is optimized with the Yoast SEO plugin v21.4 - https:\/\/yoast.com\/wordpress\/plugins\/seo\/ -->\n<title>M\u011bstsk\u00e1 galerie Litomy\u0161l<\/title>\n<meta name=\"description\" content=\"Die St\u00e4dtische Gem\u00e4ldegalerie Litomy\u0161l bietet im Schloss Ausstellungen tschechischer und zeitgen\u00f6ssischer Kunst. Entdecken Sie die aktuelle Ausstellung Variants are more.\" \/>\n<meta name=\"robots\" content=\"index, follow, max-snippet:-1, max-image-preview:large, max-video-preview:-1\" \/>\n<link rel=\"canonical\" href=\"https:\/\/www.galerie.litomysl.cz\/de\/stadtbildergalerie\/\" \/>\n<meta property=\"og:locale\" content=\"de_DE\" \/>\n<meta property=\"og:type\" content=\"article\" \/>\n<meta property=\"og:description\" content=\"Die St\u00e4dtische Gem\u00e4ldegalerie Litomy\u0161l bietet im Schloss Ausstellungen tschechischer und zeitgen\u00f6ssischer Kunst. Entdecken Sie die aktuelle Ausstellung Variants are more.\" \/>\n<meta property=\"og:url\" content=\"https:\/\/www.galerie.litomysl.cz\/de\/stadtbildergalerie\/\" \/>\n<meta property=\"og:site_name\" content=\"M\u011bstsk\u00e1 galerie Litomy\u0161l\" \/>\n<meta property=\"article:modified_time\" content=\"2026-04-12T06:55:39+00:00\" \/>\n<meta property=\"og:image\" content=\"https:\/\/www.galerie.litomysl.cz\/wp-content\/uploads\/n_perkof_manual_of_naturalness-1024x537.png\" \/>\n<meta name=\"twitter:card\" content=\"summary_large_image\" \/>\n<meta name=\"twitter:label1\" content=\"Gesch\u00e4tzte Lesezeit\" \/>\n\t<meta name=\"twitter:data1\" content=\"6\u00a0Minuten\" \/>\n<script type=\"application\/ld+json\" class=\"yoast-schema-graph\">{\"@context\":\"https:\/\/schema.org\",\"@graph\":[{\"@type\":\"WebPage\",\"@id\":\"https:\/\/www.galerie.litomysl.cz\/de\/stadtbildergalerie\/\",\"url\":\"https:\/\/www.galerie.litomysl.cz\/de\/stadtbildergalerie\/\",\"name\":\"\",\"isPartOf\":{\"@id\":\"https:\/\/www.galerie.litomysl.cz\/#website\"},\"datePublished\":\"2023-11-29T13:05:35+00:00\",\"dateModified\":\"2026-04-12T06:55:39+00:00\",\"description\":\"Die St\u00e4dtische Gem\u00e4ldegalerie Litomy\u0161l bietet im Schloss Ausstellungen tschechischer und zeitgen\u00f6ssischer Kunst. Entdecken Sie die aktuelle Ausstellung Variants are more.\",\"breadcrumb\":{\"@id\":\"https:\/\/www.galerie.litomysl.cz\/de\/stadtbildergalerie\/#breadcrumb\"},\"inLanguage\":\"de\",\"potentialAction\":[{\"@type\":\"ReadAction\",\"target\":[\"https:\/\/www.galerie.litomysl.cz\/de\/stadtbildergalerie\/\"]}]},{\"@type\":\"BreadcrumbList\",\"@id\":\"https:\/\/www.galerie.litomysl.cz\/de\/stadtbildergalerie\/#breadcrumb\",\"itemListElement\":[{\"@type\":\"ListItem\",\"position\":1,\"name\":\"Dom\u016f\",\"item\":\"https:\/\/www.galerie.litomysl.cz\/de\/\"},{\"@type\":\"ListItem\",\"position\":2,\"name\":\"St\u00e4dtische Gem\u00e4ldegalerie\"}]},{\"@type\":\"WebSite\",\"@id\":\"https:\/\/www.galerie.litomysl.cz\/#website\",\"url\":\"https:\/\/www.galerie.litomysl.cz\/\",\"name\":\"M\u011bstsk\u00e1 galerie Litomy\u0161l\",\"description\":\"\",\"publisher\":{\"@id\":\"https:\/\/www.galerie.litomysl.cz\/#organization\"},\"potentialAction\":[{\"@type\":\"SearchAction\",\"target\":{\"@type\":\"EntryPoint\",\"urlTemplate\":\"https:\/\/www.galerie.litomysl.cz\/?s={search_term_string}\"},\"query-input\":\"required name=search_term_string\"}],\"inLanguage\":\"de\"},{\"@type\":\"Organization\",\"@id\":\"https:\/\/www.galerie.litomysl.cz\/#organization\",\"name\":\"M\u011bstsk\u00e1 galerie Litomy\u0161l\",\"url\":\"https:\/\/www.galerie.litomysl.cz\/\",\"logo\":{\"@type\":\"ImageObject\",\"inLanguage\":\"de\",\"@id\":\"https:\/\/www.galerie.litomysl.cz\/#\/schema\/logo\/image\/\",\"url\":\"https:\/\/www.galerie.litomysl.cz\/wp-content\/uploads\/MGL-logo-c..svg\",\"contentUrl\":\"https:\/\/www.galerie.litomysl.cz\/wp-content\/uploads\/MGL-logo-c..svg\",\"width\":212,\"height\":136,\"caption\":\"M\u011bstsk\u00e1 galerie Litomy\u0161l\"},\"image\":{\"@id\":\"https:\/\/www.galerie.litomysl.cz\/#\/schema\/logo\/image\/\"}}]}<\/script>\n<!-- \/ Yoast SEO plugin. -->","yoast_head_json":{"title":"M\u011bstsk\u00e1 galerie Litomy\u0161l","description":"Die St\u00e4dtische Gem\u00e4ldegalerie Litomy\u0161l bietet im Schloss Ausstellungen tschechischer und zeitgen\u00f6ssischer Kunst. Entdecken Sie die aktuelle Ausstellung Variants are more.","robots":{"index":"index","follow":"follow","max-snippet":"max-snippet:-1","max-image-preview":"max-image-preview:large","max-video-preview":"max-video-preview:-1"},"canonical":"https:\/\/www.galerie.litomysl.cz\/de\/stadtbildergalerie\/","og_locale":"de_DE","og_type":"article","og_description":"Die St\u00e4dtische Gem\u00e4ldegalerie Litomy\u0161l bietet im Schloss Ausstellungen tschechischer und zeitgen\u00f6ssischer Kunst. Entdecken Sie die aktuelle Ausstellung Variants are more.","og_url":"https:\/\/www.galerie.litomysl.cz\/de\/stadtbildergalerie\/","og_site_name":"M\u011bstsk\u00e1 galerie Litomy\u0161l","article_modified_time":"2026-04-12T06:55:39+00:00","og_image":[{"url":"https:\/\/www.galerie.litomysl.cz\/wp-content\/uploads\/n_perkof_manual_of_naturalness-1024x537.png"}],"twitter_card":"summary_large_image","twitter_misc":{"Gesch\u00e4tzte Lesezeit":"6\u00a0Minuten"},"schema":{"@context":"https:\/\/schema.org","@graph":[{"@type":"WebPage","@id":"https:\/\/www.galerie.litomysl.cz\/de\/stadtbildergalerie\/","url":"https:\/\/www.galerie.litomysl.cz\/de\/stadtbildergalerie\/","name":"","isPartOf":{"@id":"https:\/\/www.galerie.litomysl.cz\/#website"},"datePublished":"2023-11-29T13:05:35+00:00","dateModified":"2026-04-12T06:55:39+00:00","description":"Die St\u00e4dtische Gem\u00e4ldegalerie Litomy\u0161l bietet im Schloss Ausstellungen tschechischer und zeitgen\u00f6ssischer Kunst. Entdecken Sie die aktuelle Ausstellung Variants are more.","breadcrumb":{"@id":"https:\/\/www.galerie.litomysl.cz\/de\/stadtbildergalerie\/#breadcrumb"},"inLanguage":"de","potentialAction":[{"@type":"ReadAction","target":["https:\/\/www.galerie.litomysl.cz\/de\/stadtbildergalerie\/"]}]},{"@type":"BreadcrumbList","@id":"https:\/\/www.galerie.litomysl.cz\/de\/stadtbildergalerie\/#breadcrumb","itemListElement":[{"@type":"ListItem","position":1,"name":"Dom\u016f","item":"https:\/\/www.galerie.litomysl.cz\/de\/"},{"@type":"ListItem","position":2,"name":"St\u00e4dtische Gem\u00e4ldegalerie"}]},{"@type":"WebSite","@id":"https:\/\/www.galerie.litomysl.cz\/#website","url":"https:\/\/www.galerie.litomysl.cz\/","name":"M\u011bstsk\u00e1 galerie Litomy\u0161l","description":"","publisher":{"@id":"https:\/\/www.galerie.litomysl.cz\/#organization"},"potentialAction":[{"@type":"SearchAction","target":{"@type":"EntryPoint","urlTemplate":"https:\/\/www.galerie.litomysl.cz\/?s={search_term_string}"},"query-input":"required name=search_term_string"}],"inLanguage":"de"},{"@type":"Organization","@id":"https:\/\/www.galerie.litomysl.cz\/#organization","name":"M\u011bstsk\u00e1 galerie Litomy\u0161l","url":"https:\/\/www.galerie.litomysl.cz\/","logo":{"@type":"ImageObject","inLanguage":"de","@id":"https:\/\/www.galerie.litomysl.cz\/#\/schema\/logo\/image\/","url":"https:\/\/www.galerie.litomysl.cz\/wp-content\/uploads\/MGL-logo-c..svg","contentUrl":"https:\/\/www.galerie.litomysl.cz\/wp-content\/uploads\/MGL-logo-c..svg","width":212,"height":136,"caption":"M\u011bstsk\u00e1 galerie Litomy\u0161l"},"image":{"@id":"https:\/\/www.galerie.litomysl.cz\/#\/schema\/logo\/image\/"}}]}},"_links":{"self":[{"href":"https:\/\/www.galerie.litomysl.cz\/de\/wp-json\/wp\/v2\/pages\/8335"}],"collection":[{"href":"https:\/\/www.galerie.litomysl.cz\/de\/wp-json\/wp\/v2\/pages"}],"about":[{"href":"https:\/\/www.galerie.litomysl.cz\/de\/wp-json\/wp\/v2\/types\/page"}],"author":[{"embeddable":true,"href":"https:\/\/www.galerie.litomysl.cz\/de\/wp-json\/wp\/v2\/users\/7"}],"replies":[{"embeddable":true,"href":"https:\/\/www.galerie.litomysl.cz\/de\/wp-json\/wp\/v2\/comments?post=8335"}],"version-history":[{"count":50,"href":"https:\/\/www.galerie.litomysl.cz\/de\/wp-json\/wp\/v2\/pages\/8335\/revisions"}],"predecessor-version":[{"id":17055,"href":"https:\/\/www.galerie.litomysl.cz\/de\/wp-json\/wp\/v2\/pages\/8335\/revisions\/17055"}],"wp:attachment":[{"href":"https:\/\/www.galerie.litomysl.cz\/de\/wp-json\/wp\/v2\/media?parent=8335"}],"curies":[{"name":"wp","href":"https:\/\/api.w.org\/{rel}","templated":true}]}}