{"id":8326,"date":"2023-11-27T11:17:36","date_gmt":"2023-11-27T10:17:36","guid":{"rendered":"https:\/\/www.galerie.litomysl.cz\/angbot-gefuehrter-touren\/"},"modified":"2025-07-10T16:07:39","modified_gmt":"2025-07-10T14:07:39","slug":"angbot-gefuehrter-touren","status":"publish","type":"page","link":"https:\/\/www.galerie.litomysl.cz\/de\/angbot-gefuehrter-touren\/","title":{"rendered":"Angebot gef\u00fchrter Touren"},"content":{"rendered":"\t\t<div data-elementor-type=\"wp-page\" data-elementor-id=\"8326\" class=\"elementor elementor-8326 elementor-5949\">\n\t\t\t\t\t\t<div class=\"elementor-inner\">\n\t\t\t\t<div class=\"elementor-section-wrap\">\n\t\t\t\t\t\t\t\t\t<section data-particle_enable=\"false\" data-particle-mobile-disabled=\"false\" class=\"elementor-section elementor-top-section elementor-element elementor-element-653f62a9 elementor-section-boxed elementor-section-height-default elementor-section-height-default\" data-id=\"653f62a9\" data-element_type=\"section\">\n\t\t\t\t\t\t<div class=\"elementor-container elementor-column-gap-default\">\n\t\t\t\t\t\t\t<div class=\"elementor-row\">\n\t\t\t\t\t<div class=\"elementor-column elementor-col-100 elementor-top-column elementor-element elementor-element-706d1fd0\" data-id=\"706d1fd0\" data-element_type=\"column\" data-settings=\"{&quot;_ob_column_has_pseudo&quot;:&quot;no&quot;}\">\n\t\t\t<div class=\"elementor-column-wrap elementor-element-populated\">\n\t\t\t\t\t\t\t<div class=\"elementor-widget-wrap\">\n\t\t\t\t\t\t<div class=\"elementor-element elementor-element-4dccd846 elementor-widget elementor-widget-text-editor\" data-id=\"4dccd846\" data-element_type=\"widget\" data-settings=\"{&quot;_ob_postman_use&quot;:&quot;no&quot;}\" data-widget_type=\"text-editor.default\">\n\t\t\t\t<div class=\"elementor-widget-container\">\n\t\t\t\t\t\t\t\t<div class=\"elementor-text-editor elementor-clearfix\">\n\t\t\t\t<p> <\/p>\n<p> <\/p>\n<h3><span style=\"color: #000000;\">Interessiert an einer gef\u00fchrten Tour?<\/span><\/h3>\n<p><span style=\"color: #000000;\">F\u00fcr Gruppen bieten wir <strong>F\u00fchrungen durch die aktuelle Ausstellung<\/strong>, die <strong>Ausstellung <a style=\"color: #000000;\" href=\"https:\/\/www.galerie.litomysl.cz\/stala-expozice\/plan-b\/\">Plan B<\/a><\/strong> (nur in den Sommermonaten) und auch <strong>Spazierg\u00e4nge durch die moderne Architektur von Litomy\u0161l<\/strong> an.<\/span><\/p>\n<p><span style=\"color: #000000;\"><strong>Sprache der Touren<\/strong><\/span><br><span style=\"color: #000000;\">Tschechisch, Englisch<\/span><\/p>\n<p><span style=\"color: #000000;\"><strong>Gr\u00f6\u00dfe der Gruppe<\/strong><\/span><br><span style=\"color: #000000;\">Idealerweise bis zu 30 Personen<\/span><\/p>\n<p><span style=\"color: #000000;\"><strong>Preis der Tour<\/strong><\/span><br><span style=\"color: #000000;\">Nach vorheriger Vereinbarung unter <a style=\"color: #000000;\" href=\"mailto:galerie@litomysl.cz\">galerie@litomysl.cz,<\/a> Tel.: +420 725 957 227 (Tereza Kejvalov\u00e1, Assistentin der Galerie).<\/span><\/p>\n<p> <\/p>\n<img loading=\"lazy\" decoding=\"async\" class=\"wp-image-5967 size-large\" src=\"https:\/\/www.galerie.litomysl.cz\/wp-content\/uploads\/IMG_5110-1024x683.jpg\" alt=\"\" width=\"800\" height=\"534\" srcset=\"https:\/\/www.galerie.litomysl.cz\/wp-content\/uploads\/IMG_5110-1024x683.jpg 1024w, https:\/\/www.galerie.litomysl.cz\/wp-content\/uploads\/IMG_5110-300x200.jpg 300w, https:\/\/www.galerie.litomysl.cz\/wp-content\/uploads\/IMG_5110-768x512.jpg 768w, https:\/\/www.galerie.litomysl.cz\/wp-content\/uploads\/IMG_5110-1536x1024.jpg 1536w, https:\/\/www.galerie.litomysl.cz\/wp-content\/uploads\/IMG_5110-2048x1365.jpg 2048w, https:\/\/www.galerie.litomysl.cz\/wp-content\/uploads\/IMG_5110-scaled.jpg 1620w\" sizes=\"(max-width: 800px) 100vw, 800px\" \/>\n<p> <\/p>\n<p> <\/p>\n<p> <\/p>\n<figure class=\"wp-block-image\"><\/figure>\n<figure class=\"wp-block-image\"><\/figure>\n<p> <\/p>\n<p> <\/p>\n<p> <\/p>\n<p> <\/p>\n<figure class=\"wp-block-image\"><span style=\"color: #000000;\"><img alt=\"\"><\/span><\/figure>\n<p> <\/p>\t\t\t\t\t<\/div>\n\t\t\t\t\t\t<\/div>\n\t\t\t\t<\/div>\n\t\t\t\t\t\t<\/div>\n\t\t\t\t\t<\/div>\n\t\t<\/div>\n\t\t\t\t\t\t\t\t<\/div>\n\t\t\t\t\t<\/div>\n\t\t<\/section>\n\t\t\t\t\t\t\t\t\t<\/div>\n\t\t\t<\/div>\n\t\t\t\t\t<\/div>\n\t\t","protected":false},"excerpt":{"rendered":"<p>Interessiert an einer gef\u00fchrten Tour? F\u00fcr Gruppen bieten wir F\u00fchrungen durch die aktuelle Ausstellung, die Ausstellung Plan B (nur in den Sommermonaten) und auch Spazierg\u00e4nge durch die moderne Architektur von [&hellip;]<\/p>\n","protected":false},"author":7,"featured_media":0,"parent":0,"menu_order":0,"comment_status":"closed","ping_status":"closed","template":"","meta":{"inline_featured_image":false,"footnotes":""},"acf":[],"yoast_head":"<!-- This site is optimized with the Yoast SEO plugin v21.4 - https:\/\/yoast.com\/wordpress\/plugins\/seo\/ -->\n<title>Angebot gef\u00fchrter Touren - M\u011bstsk\u00e1 galerie Litomy\u0161l<\/title>\n<meta name=\"robots\" content=\"index, follow, max-snippet:-1, max-image-preview:large, max-video-preview:-1\" \/>\n<link rel=\"canonical\" href=\"https:\/\/www.galerie.litomysl.cz\/de\/angbot-gefuehrter-touren\/\" \/>\n<meta property=\"og:locale\" content=\"de_DE\" \/>\n<meta property=\"og:type\" content=\"article\" \/>\n<meta property=\"og:title\" content=\"Angebot gef\u00fchrter Touren - M\u011bstsk\u00e1 galerie Litomy\u0161l\" \/>\n<meta property=\"og:description\" content=\"Interessiert an einer gef\u00fchrten Tour? F\u00fcr Gruppen bieten wir F\u00fchrungen durch die aktuelle Ausstellung, die Ausstellung Plan B (nur in den Sommermonaten) und auch Spazierg\u00e4nge durch die moderne Architektur von [&hellip;]\" \/>\n<meta property=\"og:url\" content=\"https:\/\/www.galerie.litomysl.cz\/de\/angbot-gefuehrter-touren\/\" \/>\n<meta property=\"og:site_name\" content=\"M\u011bstsk\u00e1 galerie Litomy\u0161l\" \/>\n<meta property=\"article:modified_time\" content=\"2025-07-10T14:07:39+00:00\" \/>\n<meta property=\"og:image\" content=\"https:\/\/www.galerie.litomysl.cz\/wp-content\/uploads\/IMG_5110-1024x683.jpg\" \/>\n<meta name=\"twitter:card\" content=\"summary_large_image\" \/>\n<script type=\"application\/ld+json\" class=\"yoast-schema-graph\">{\"@context\":\"https:\/\/schema.org\",\"@graph\":[{\"@type\":\"WebPage\",\"@id\":\"https:\/\/www.galerie.litomysl.cz\/de\/angbot-gefuehrter-touren\/\",\"url\":\"https:\/\/www.galerie.litomysl.cz\/de\/angbot-gefuehrter-touren\/\",\"name\":\"Angebot gef\u00fchrter Touren - M\u011bstsk\u00e1 galerie Litomy\u0161l\",\"isPartOf\":{\"@id\":\"https:\/\/www.galerie.litomysl.cz\/#website\"},\"datePublished\":\"2023-11-27T10:17:36+00:00\",\"dateModified\":\"2025-07-10T14:07:39+00:00\",\"breadcrumb\":{\"@id\":\"https:\/\/www.galerie.litomysl.cz\/de\/angbot-gefuehrter-touren\/#breadcrumb\"},\"inLanguage\":\"de\",\"potentialAction\":[{\"@type\":\"ReadAction\",\"target\":[\"https:\/\/www.galerie.litomysl.cz\/de\/angbot-gefuehrter-touren\/\"]}]},{\"@type\":\"BreadcrumbList\",\"@id\":\"https:\/\/www.galerie.litomysl.cz\/de\/angbot-gefuehrter-touren\/#breadcrumb\",\"itemListElement\":[{\"@type\":\"ListItem\",\"position\":1,\"name\":\"Dom\u016f\",\"item\":\"https:\/\/www.galerie.litomysl.cz\/de\/\"},{\"@type\":\"ListItem\",\"position\":2,\"name\":\"Angebot gef\u00fchrter Touren\"}]},{\"@type\":\"WebSite\",\"@id\":\"https:\/\/www.galerie.litomysl.cz\/#website\",\"url\":\"https:\/\/www.galerie.litomysl.cz\/\",\"name\":\"M\u011bstsk\u00e1 galerie Litomy\u0161l\",\"description\":\"\",\"publisher\":{\"@id\":\"https:\/\/www.galerie.litomysl.cz\/#organization\"},\"potentialAction\":[{\"@type\":\"SearchAction\",\"target\":{\"@type\":\"EntryPoint\",\"urlTemplate\":\"https:\/\/www.galerie.litomysl.cz\/?s={search_term_string}\"},\"query-input\":\"required name=search_term_string\"}],\"inLanguage\":\"de\"},{\"@type\":\"Organization\",\"@id\":\"https:\/\/www.galerie.litomysl.cz\/#organization\",\"name\":\"M\u011bstsk\u00e1 galerie Litomy\u0161l\",\"url\":\"https:\/\/www.galerie.litomysl.cz\/\",\"logo\":{\"@type\":\"ImageObject\",\"inLanguage\":\"de\",\"@id\":\"https:\/\/www.galerie.litomysl.cz\/#\/schema\/logo\/image\/\",\"url\":\"https:\/\/www.galerie.litomysl.cz\/wp-content\/uploads\/MGL-logo-c..svg\",\"contentUrl\":\"https:\/\/www.galerie.litomysl.cz\/wp-content\/uploads\/MGL-logo-c..svg\",\"width\":212,\"height\":136,\"caption\":\"M\u011bstsk\u00e1 galerie Litomy\u0161l\"},\"image\":{\"@id\":\"https:\/\/www.galerie.litomysl.cz\/#\/schema\/logo\/image\/\"}}]}<\/script>\n<!-- \/ Yoast SEO plugin. -->","yoast_head_json":{"title":"Angebot gef\u00fchrter Touren - M\u011bstsk\u00e1 galerie Litomy\u0161l","robots":{"index":"index","follow":"follow","max-snippet":"max-snippet:-1","max-image-preview":"max-image-preview:large","max-video-preview":"max-video-preview:-1"},"canonical":"https:\/\/www.galerie.litomysl.cz\/de\/angbot-gefuehrter-touren\/","og_locale":"de_DE","og_type":"article","og_title":"Angebot gef\u00fchrter Touren - M\u011bstsk\u00e1 galerie Litomy\u0161l","og_description":"Interessiert an einer gef\u00fchrten Tour? F\u00fcr Gruppen bieten wir F\u00fchrungen durch die aktuelle Ausstellung, die Ausstellung Plan B (nur in den Sommermonaten) und auch Spazierg\u00e4nge durch die moderne Architektur von [&hellip;]","og_url":"https:\/\/www.galerie.litomysl.cz\/de\/angbot-gefuehrter-touren\/","og_site_name":"M\u011bstsk\u00e1 galerie Litomy\u0161l","article_modified_time":"2025-07-10T14:07:39+00:00","og_image":[{"url":"https:\/\/www.galerie.litomysl.cz\/wp-content\/uploads\/IMG_5110-1024x683.jpg"}],"twitter_card":"summary_large_image","schema":{"@context":"https:\/\/schema.org","@graph":[{"@type":"WebPage","@id":"https:\/\/www.galerie.litomysl.cz\/de\/angbot-gefuehrter-touren\/","url":"https:\/\/www.galerie.litomysl.cz\/de\/angbot-gefuehrter-touren\/","name":"Angebot gef\u00fchrter Touren - M\u011bstsk\u00e1 galerie Litomy\u0161l","isPartOf":{"@id":"https:\/\/www.galerie.litomysl.cz\/#website"},"datePublished":"2023-11-27T10:17:36+00:00","dateModified":"2025-07-10T14:07:39+00:00","breadcrumb":{"@id":"https:\/\/www.galerie.litomysl.cz\/de\/angbot-gefuehrter-touren\/#breadcrumb"},"inLanguage":"de","potentialAction":[{"@type":"ReadAction","target":["https:\/\/www.galerie.litomysl.cz\/de\/angbot-gefuehrter-touren\/"]}]},{"@type":"BreadcrumbList","@id":"https:\/\/www.galerie.litomysl.cz\/de\/angbot-gefuehrter-touren\/#breadcrumb","itemListElement":[{"@type":"ListItem","position":1,"name":"Dom\u016f","item":"https:\/\/www.galerie.litomysl.cz\/de\/"},{"@type":"ListItem","position":2,"name":"Angebot gef\u00fchrter Touren"}]},{"@type":"WebSite","@id":"https:\/\/www.galerie.litomysl.cz\/#website","url":"https:\/\/www.galerie.litomysl.cz\/","name":"M\u011bstsk\u00e1 galerie Litomy\u0161l","description":"","publisher":{"@id":"https:\/\/www.galerie.litomysl.cz\/#organization"},"potentialAction":[{"@type":"SearchAction","target":{"@type":"EntryPoint","urlTemplate":"https:\/\/www.galerie.litomysl.cz\/?s={search_term_string}"},"query-input":"required name=search_term_string"}],"inLanguage":"de"},{"@type":"Organization","@id":"https:\/\/www.galerie.litomysl.cz\/#organization","name":"M\u011bstsk\u00e1 galerie Litomy\u0161l","url":"https:\/\/www.galerie.litomysl.cz\/","logo":{"@type":"ImageObject","inLanguage":"de","@id":"https:\/\/www.galerie.litomysl.cz\/#\/schema\/logo\/image\/","url":"https:\/\/www.galerie.litomysl.cz\/wp-content\/uploads\/MGL-logo-c..svg","contentUrl":"https:\/\/www.galerie.litomysl.cz\/wp-content\/uploads\/MGL-logo-c..svg","width":212,"height":136,"caption":"M\u011bstsk\u00e1 galerie Litomy\u0161l"},"image":{"@id":"https:\/\/www.galerie.litomysl.cz\/#\/schema\/logo\/image\/"}}]}},"_links":{"self":[{"href":"https:\/\/www.galerie.litomysl.cz\/de\/wp-json\/wp\/v2\/pages\/8326"}],"collection":[{"href":"https:\/\/www.galerie.litomysl.cz\/de\/wp-json\/wp\/v2\/pages"}],"about":[{"href":"https:\/\/www.galerie.litomysl.cz\/de\/wp-json\/wp\/v2\/types\/page"}],"author":[{"embeddable":true,"href":"https:\/\/www.galerie.litomysl.cz\/de\/wp-json\/wp\/v2\/users\/7"}],"replies":[{"embeddable":true,"href":"https:\/\/www.galerie.litomysl.cz\/de\/wp-json\/wp\/v2\/comments?post=8326"}],"version-history":[{"count":6,"href":"https:\/\/www.galerie.litomysl.cz\/de\/wp-json\/wp\/v2\/pages\/8326\/revisions"}],"predecessor-version":[{"id":14640,"href":"https:\/\/www.galerie.litomysl.cz\/de\/wp-json\/wp\/v2\/pages\/8326\/revisions\/14640"}],"wp:attachment":[{"href":"https:\/\/www.galerie.litomysl.cz\/de\/wp-json\/wp\/v2\/media?parent=8326"}],"curies":[{"name":"wp","href":"https:\/\/api.w.org\/{rel}","templated":true}]}}