{"id":14732,"date":"2025-07-10T22:40:00","date_gmt":"2025-07-10T20:40:00","guid":{"rendered":"https:\/\/www.galerie.litomysl.cz\/traditionen-auf-reisen\/"},"modified":"2025-07-10T22:40:00","modified_gmt":"2025-07-10T20:40:00","slug":"traditionen-auf-reisen","status":"publish","type":"page","link":"https:\/\/www.galerie.litomysl.cz\/de\/traditionen-auf-reisen\/","title":{"rendered":"Traditionen auf Reisen"},"content":{"rendered":"\t\t<div data-elementor-type=\"wp-page\" data-elementor-id=\"14732\" class=\"elementor elementor-14732 elementor-14086\">\n\t\t\t\t\t\t<div class=\"elementor-inner\">\n\t\t\t\t<div class=\"elementor-section-wrap\">\n\t\t\t\t\t\t\t\t\t<section data-particle_enable=\"false\" data-particle-mobile-disabled=\"false\" class=\"elementor-section elementor-top-section elementor-element elementor-element-3336acc9 elementor-section-boxed elementor-section-height-default elementor-section-height-default\" data-id=\"3336acc9\" data-element_type=\"section\">\n\t\t\t\t\t\t<div class=\"elementor-container elementor-column-gap-default\">\n\t\t\t\t\t\t\t<div class=\"elementor-row\">\n\t\t\t\t\t<div class=\"elementor-column elementor-col-100 elementor-top-column elementor-element elementor-element-6b72ef93\" data-id=\"6b72ef93\" data-element_type=\"column\" data-settings=\"{&quot;_ob_column_has_pseudo&quot;:&quot;no&quot;}\">\n\t\t\t<div class=\"elementor-column-wrap elementor-element-populated\">\n\t\t\t\t\t\t\t<div class=\"elementor-widget-wrap\">\n\t\t\t\t\t\t<div class=\"elementor-element elementor-element-7db2d46c elementor-widget elementor-widget-text-editor\" data-id=\"7db2d46c\" data-element_type=\"widget\" data-settings=\"{&quot;_ob_postman_use&quot;:&quot;no&quot;}\" data-widget_type=\"text-editor.default\">\n\t\t\t\t<div class=\"elementor-widget-container\">\n\t\t\t\t\t\t\t\t<div class=\"elementor-text-editor elementor-clearfix\">\n\t\t\t\t<p><span style=\"color: #000000;\"><\/span><\/p>\n<h3 class=\"wp-block-heading\"><span style=\"color: #000000;\"><strong>Tom\u00e1\u0161 D\u017eado\u0148<br><\/strong><em><strong>Wandernde Traditionen, 2006<\/strong><\/em><\/span><\/h3>\n<p><span style=\"color: #000000;\"><\/span><\/p>\n<p><span style=\"color: #000000;\">Tom\u00e1\u0161 D\u017eadonas Karawane mit dem Titel <em>Wandering Tradition<\/em> offenbart die Schwachstellen unserer Freiheit und unseres \u00dcberschwangs, der uns zur Rolle des ewigen Nomaden pr\u00e4destiniert. Die Befreiung und Losl\u00f6sung von den Fesseln der Tradition und der Zwangsjacke der gesellschaftlichen Normen wirft uns in ein Vakuum und nach der anf\u00e4nglichen Euphorie kommen die Albtr\u00e4ume in Form von Identit\u00e4tsverlust und Entfremdung. Sind wir dazu verdammt, st\u00e4ndig nach beruhigenden Heilmitteln f\u00fcr die \u00c4ngste zu suchen, die wir geschaffen haben? Immer h\u00f6here Dosen von verfolgten Erfahrungen und Leidenschaften, um unser einfaches, aber zwingendes Bed\u00fcrfnis nach Zugeh\u00f6rigkeit zu \u00fcbert\u00f6nen? Auf den ersten Blick k\u00f6nnten unser Bed\u00fcrfnis nach maximaler Mobilit\u00e4t und unser Wunsch nach Best\u00e4ndigkeit und Verwurzelung durch eine Blockh\u00fctte auf R\u00e4dern verbunden werden. Tats\u00e4chlich ist dieses Objekt ein allegorisches Vehikel f\u00fcr unsere \u00c4ngste und eine Infragestellung der Idylle der st\u00e4ndigen Flexibilit\u00e4t. Werden wir von diesen Widerspr\u00fcchen unterschiedslos geplagt, oder gibt es Orte wie Litomy\u0161l, an denen unsere Schmerzen der globalisierten Obdachlosigkeit wie an einer Thermalquelle gelindert werden k\u00f6nnen?      <\/span><br><strong><span style=\"color: #800000;\">Das Werk ist t\u00e4glich von 14.00 bis 16.00 Uhr zu besichtigen.<\/span><\/strong><\/p>\n<p><span style=\"color: #800000;\"><strong>Kurator \/ Rostislav Kory\u010d\u00e1nek<\/strong><\/span><\/p>\n<p><span style=\"color: #000000;\"><\/span><\/p>\n<p><span style=\"color: #800000;\"><strong>Standort des Werks<\/strong> <em>Wandering Tradition<\/em>:<\/span><br><span style=\"color: #000000;\"><span style=\"color: #800000;\">14. &#8211; 29. 6. 2025<\/span>  \/ Mari\u00e1nsk\u00e1 443 \/ GPS: 49.872403N, 16.311215E<\/span><\/p>\n<p><span style=\"color: #000000;\"><\/span><\/p>\n<p><span style=\"color: #000000;\"><span style=\"color: #800000;\">30. 6. &#8211; 7. 7. 2025<\/span>  \/ Smetanovo n\u00e1m. 42, Eingang zum Garten von der Vodn\u00ed valy Stra\u00dfe \/ GPS: 49.871413N, 16.309570E <\/span><\/p>\n<p><span style=\"color: #000000;\"><\/span><\/p>\n<p><span style=\"color: #000000;\"><span style=\"color: #800000;\">8. &#8211; 20. 7. 2025<\/span>  \/ Mari\u00e1nsk\u00e1 443 Hof der H\u00f6heren Berufsfachschule f\u00fcr P\u00e4dagogik und der P\u00e4dagogischen Mittelschule, Eingang von Smetanova n\u00e1m. 21 \/ GPS: 49.872969N, 16.309297E <\/span><\/p>\n<p><span style=\"color: #000000;\"><\/span><\/p>\n<p><span style=\"color: #000000;\"><span style=\"color: #800000;\">21. 7. &#8211; 4. 8. 2025<\/span>  \/ Autocamp Prim\u00e1tor, Strakovsk\u00e1 1057 \/ GPS: 49.867924N, 16.322887E<\/span><\/p>\n<p><span style=\"color: #000000;\"><\/span><\/p>\n<p><span style=\"color: #000000;\"><span style=\"color: #800000;\">5. &#8211; 24. 8. 2025<\/span>  \/ Bernardka \/ GPS: 49.873476N, 16.307906E<\/span><\/p>\n<p><span style=\"color: #000000;\"><\/span><\/p>\n<p><span style=\"color: #000000;\"><span style=\"color: #800000;\">25. &#8211; 31. 8. 2025<\/span>  \/ Zden\u011bk Kopal Park \/ GPS: 49.8612564N, 16.3096694E<\/span><\/p>\n<p><span style=\"color: #000000;\"><\/span><\/p>\t\t\t\t\t<\/div>\n\t\t\t\t\t\t<\/div>\n\t\t\t\t<\/div>\n\t\t\t\t\t\t<\/div>\n\t\t\t\t\t<\/div>\n\t\t<\/div>\n\t\t\t\t\t\t\t\t<\/div>\n\t\t\t\t\t<\/div>\n\t\t<\/section>\n\t\t\t\t\t\t\t\t\t<\/div>\n\t\t\t<\/div>\n\t\t\t\t\t<\/div>\n\t\t","protected":false},"excerpt":{"rendered":"<p>Tom\u00e1\u0161 D\u017eado\u0148Wandernde Traditionen, 2006 Tom\u00e1\u0161 D\u017eadonas Karawane mit dem Titel Wandering Tradition offenbart die Schwachstellen unserer Freiheit und unseres \u00dcberschwangs, der uns zur Rolle des ewigen Nomaden pr\u00e4destiniert. Die Befreiung [&hellip;]<\/p>\n","protected":false},"author":7,"featured_media":0,"parent":0,"menu_order":0,"comment_status":"closed","ping_status":"closed","template":"","meta":{"inline_featured_image":false,"footnotes":""},"acf":[],"yoast_head":"<!-- This site is optimized with the Yoast SEO plugin v21.4 - https:\/\/yoast.com\/wordpress\/plugins\/seo\/ -->\n<title>Traditionen auf Reisen - M\u011bstsk\u00e1 galerie Litomy\u0161l<\/title>\n<meta name=\"robots\" content=\"index, follow, max-snippet:-1, max-image-preview:large, max-video-preview:-1\" \/>\n<link rel=\"canonical\" href=\"https:\/\/www.galerie.litomysl.cz\/de\/traditionen-auf-reisen\/\" \/>\n<meta property=\"og:locale\" content=\"de_DE\" \/>\n<meta property=\"og:type\" content=\"article\" \/>\n<meta property=\"og:title\" content=\"Traditionen auf Reisen - M\u011bstsk\u00e1 galerie Litomy\u0161l\" \/>\n<meta property=\"og:description\" content=\"Tom\u00e1\u0161 D\u017eado\u0148Wandernde Traditionen, 2006 Tom\u00e1\u0161 D\u017eadonas Karawane mit dem Titel Wandering Tradition offenbart die Schwachstellen unserer Freiheit und unseres \u00dcberschwangs, der uns zur Rolle des ewigen Nomaden pr\u00e4destiniert. Die Befreiung [&hellip;]\" \/>\n<meta property=\"og:url\" content=\"https:\/\/www.galerie.litomysl.cz\/de\/traditionen-auf-reisen\/\" \/>\n<meta property=\"og:site_name\" content=\"M\u011bstsk\u00e1 galerie Litomy\u0161l\" \/>\n<meta name=\"twitter:card\" content=\"summary_large_image\" \/>\n<meta name=\"twitter:label1\" content=\"Gesch\u00e4tzte Lesezeit\" \/>\n\t<meta name=\"twitter:data1\" content=\"1\u00a0Minute\" \/>\n<script type=\"application\/ld+json\" class=\"yoast-schema-graph\">{\"@context\":\"https:\/\/schema.org\",\"@graph\":[{\"@type\":\"WebPage\",\"@id\":\"https:\/\/www.galerie.litomysl.cz\/de\/traditionen-auf-reisen\/\",\"url\":\"https:\/\/www.galerie.litomysl.cz\/de\/traditionen-auf-reisen\/\",\"name\":\"Traditionen auf Reisen - M\u011bstsk\u00e1 galerie Litomy\u0161l\",\"isPartOf\":{\"@id\":\"https:\/\/www.galerie.litomysl.cz\/#website\"},\"datePublished\":\"2025-07-10T20:40:00+00:00\",\"dateModified\":\"2025-07-10T20:40:00+00:00\",\"breadcrumb\":{\"@id\":\"https:\/\/www.galerie.litomysl.cz\/de\/traditionen-auf-reisen\/#breadcrumb\"},\"inLanguage\":\"de\",\"potentialAction\":[{\"@type\":\"ReadAction\",\"target\":[\"https:\/\/www.galerie.litomysl.cz\/de\/traditionen-auf-reisen\/\"]}]},{\"@type\":\"BreadcrumbList\",\"@id\":\"https:\/\/www.galerie.litomysl.cz\/de\/traditionen-auf-reisen\/#breadcrumb\",\"itemListElement\":[{\"@type\":\"ListItem\",\"position\":1,\"name\":\"Dom\u016f\",\"item\":\"https:\/\/www.galerie.litomysl.cz\/de\/\"},{\"@type\":\"ListItem\",\"position\":2,\"name\":\"Traditionen auf Reisen\"}]},{\"@type\":\"WebSite\",\"@id\":\"https:\/\/www.galerie.litomysl.cz\/#website\",\"url\":\"https:\/\/www.galerie.litomysl.cz\/\",\"name\":\"M\u011bstsk\u00e1 galerie Litomy\u0161l\",\"description\":\"\",\"publisher\":{\"@id\":\"https:\/\/www.galerie.litomysl.cz\/#organization\"},\"potentialAction\":[{\"@type\":\"SearchAction\",\"target\":{\"@type\":\"EntryPoint\",\"urlTemplate\":\"https:\/\/www.galerie.litomysl.cz\/?s={search_term_string}\"},\"query-input\":\"required name=search_term_string\"}],\"inLanguage\":\"de\"},{\"@type\":\"Organization\",\"@id\":\"https:\/\/www.galerie.litomysl.cz\/#organization\",\"name\":\"M\u011bstsk\u00e1 galerie Litomy\u0161l\",\"url\":\"https:\/\/www.galerie.litomysl.cz\/\",\"logo\":{\"@type\":\"ImageObject\",\"inLanguage\":\"de\",\"@id\":\"https:\/\/www.galerie.litomysl.cz\/#\/schema\/logo\/image\/\",\"url\":\"https:\/\/www.galerie.litomysl.cz\/wp-content\/uploads\/MGL-logo-c..svg\",\"contentUrl\":\"https:\/\/www.galerie.litomysl.cz\/wp-content\/uploads\/MGL-logo-c..svg\",\"width\":212,\"height\":136,\"caption\":\"M\u011bstsk\u00e1 galerie Litomy\u0161l\"},\"image\":{\"@id\":\"https:\/\/www.galerie.litomysl.cz\/#\/schema\/logo\/image\/\"}}]}<\/script>\n<!-- \/ Yoast SEO plugin. -->","yoast_head_json":{"title":"Traditionen auf Reisen - M\u011bstsk\u00e1 galerie Litomy\u0161l","robots":{"index":"index","follow":"follow","max-snippet":"max-snippet:-1","max-image-preview":"max-image-preview:large","max-video-preview":"max-video-preview:-1"},"canonical":"https:\/\/www.galerie.litomysl.cz\/de\/traditionen-auf-reisen\/","og_locale":"de_DE","og_type":"article","og_title":"Traditionen auf Reisen - M\u011bstsk\u00e1 galerie Litomy\u0161l","og_description":"Tom\u00e1\u0161 D\u017eado\u0148Wandernde Traditionen, 2006 Tom\u00e1\u0161 D\u017eadonas Karawane mit dem Titel Wandering Tradition offenbart die Schwachstellen unserer Freiheit und unseres \u00dcberschwangs, der uns zur Rolle des ewigen Nomaden pr\u00e4destiniert. Die Befreiung [&hellip;]","og_url":"https:\/\/www.galerie.litomysl.cz\/de\/traditionen-auf-reisen\/","og_site_name":"M\u011bstsk\u00e1 galerie Litomy\u0161l","twitter_card":"summary_large_image","twitter_misc":{"Gesch\u00e4tzte Lesezeit":"1\u00a0Minute"},"schema":{"@context":"https:\/\/schema.org","@graph":[{"@type":"WebPage","@id":"https:\/\/www.galerie.litomysl.cz\/de\/traditionen-auf-reisen\/","url":"https:\/\/www.galerie.litomysl.cz\/de\/traditionen-auf-reisen\/","name":"Traditionen auf Reisen - M\u011bstsk\u00e1 galerie Litomy\u0161l","isPartOf":{"@id":"https:\/\/www.galerie.litomysl.cz\/#website"},"datePublished":"2025-07-10T20:40:00+00:00","dateModified":"2025-07-10T20:40:00+00:00","breadcrumb":{"@id":"https:\/\/www.galerie.litomysl.cz\/de\/traditionen-auf-reisen\/#breadcrumb"},"inLanguage":"de","potentialAction":[{"@type":"ReadAction","target":["https:\/\/www.galerie.litomysl.cz\/de\/traditionen-auf-reisen\/"]}]},{"@type":"BreadcrumbList","@id":"https:\/\/www.galerie.litomysl.cz\/de\/traditionen-auf-reisen\/#breadcrumb","itemListElement":[{"@type":"ListItem","position":1,"name":"Dom\u016f","item":"https:\/\/www.galerie.litomysl.cz\/de\/"},{"@type":"ListItem","position":2,"name":"Traditionen auf Reisen"}]},{"@type":"WebSite","@id":"https:\/\/www.galerie.litomysl.cz\/#website","url":"https:\/\/www.galerie.litomysl.cz\/","name":"M\u011bstsk\u00e1 galerie Litomy\u0161l","description":"","publisher":{"@id":"https:\/\/www.galerie.litomysl.cz\/#organization"},"potentialAction":[{"@type":"SearchAction","target":{"@type":"EntryPoint","urlTemplate":"https:\/\/www.galerie.litomysl.cz\/?s={search_term_string}"},"query-input":"required name=search_term_string"}],"inLanguage":"de"},{"@type":"Organization","@id":"https:\/\/www.galerie.litomysl.cz\/#organization","name":"M\u011bstsk\u00e1 galerie Litomy\u0161l","url":"https:\/\/www.galerie.litomysl.cz\/","logo":{"@type":"ImageObject","inLanguage":"de","@id":"https:\/\/www.galerie.litomysl.cz\/#\/schema\/logo\/image\/","url":"https:\/\/www.galerie.litomysl.cz\/wp-content\/uploads\/MGL-logo-c..svg","contentUrl":"https:\/\/www.galerie.litomysl.cz\/wp-content\/uploads\/MGL-logo-c..svg","width":212,"height":136,"caption":"M\u011bstsk\u00e1 galerie Litomy\u0161l"},"image":{"@id":"https:\/\/www.galerie.litomysl.cz\/#\/schema\/logo\/image\/"}}]}},"_links":{"self":[{"href":"https:\/\/www.galerie.litomysl.cz\/de\/wp-json\/wp\/v2\/pages\/14732"}],"collection":[{"href":"https:\/\/www.galerie.litomysl.cz\/de\/wp-json\/wp\/v2\/pages"}],"about":[{"href":"https:\/\/www.galerie.litomysl.cz\/de\/wp-json\/wp\/v2\/types\/page"}],"author":[{"embeddable":true,"href":"https:\/\/www.galerie.litomysl.cz\/de\/wp-json\/wp\/v2\/users\/7"}],"replies":[{"embeddable":true,"href":"https:\/\/www.galerie.litomysl.cz\/de\/wp-json\/wp\/v2\/comments?post=14732"}],"version-history":[{"count":1,"href":"https:\/\/www.galerie.litomysl.cz\/de\/wp-json\/wp\/v2\/pages\/14732\/revisions"}],"predecessor-version":[{"id":14733,"href":"https:\/\/www.galerie.litomysl.cz\/de\/wp-json\/wp\/v2\/pages\/14732\/revisions\/14733"}],"wp:attachment":[{"href":"https:\/\/www.galerie.litomysl.cz\/de\/wp-json\/wp\/v2\/media?parent=14732"}],"curies":[{"name":"wp","href":"https:\/\/api.w.org\/{rel}","templated":true}]}}