{"id":14726,"date":"2025-07-10T22:38:51","date_gmt":"2025-07-10T20:38:51","guid":{"rendered":"https:\/\/www.galerie.litomysl.cz\/hynek-skotak-mdr-2025\/"},"modified":"2025-08-18T16:28:11","modified_gmt":"2025-08-18T14:28:11","slug":"hynek-skotak-mdr-2025","status":"publish","type":"page","link":"https:\/\/www.galerie.litomysl.cz\/de\/hynek-skotak-mdr-2025\/","title":{"rendered":"Hynek Skot\u00e1k MDR, 2025"},"content":{"rendered":"\t\t<div data-elementor-type=\"wp-page\" data-elementor-id=\"14726\" class=\"elementor elementor-14726\">\n\t\t\t\t\t\t<div class=\"elementor-inner\">\n\t\t\t\t<div class=\"elementor-section-wrap\">\n\t\t\t\t\t\t\t\t\t<section data-particle_enable=\"false\" data-particle-mobile-disabled=\"false\" class=\"elementor-section elementor-top-section elementor-element elementor-element-a36915a elementor-section-boxed elementor-section-height-default elementor-section-height-default\" data-id=\"a36915a\" data-element_type=\"section\">\n\t\t\t\t\t\t<div class=\"elementor-container elementor-column-gap-default\">\n\t\t\t\t\t\t\t<div class=\"elementor-row\">\n\t\t\t\t\t<div class=\"elementor-column elementor-col-100 elementor-top-column elementor-element elementor-element-5040c840\" data-id=\"5040c840\" data-element_type=\"column\" data-settings=\"{&quot;_ob_column_has_pseudo&quot;:&quot;no&quot;}\">\n\t\t\t<div class=\"elementor-column-wrap elementor-element-populated\">\n\t\t\t\t\t\t\t<div class=\"elementor-widget-wrap\">\n\t\t\t\t\t\t<div class=\"elementor-element elementor-element-6c8d433 elementor-widget elementor-widget-text-editor\" data-id=\"6c8d433\" data-element_type=\"widget\" data-settings=\"{&quot;_ob_postman_use&quot;:&quot;no&quot;}\" data-widget_type=\"text-editor.default\">\n\t\t\t\t<div class=\"elementor-widget-container\">\n\t\t\t\t\t\t\t\t<div class=\"elementor-text-editor elementor-clearfix\">\n\t\t\t\t<\/p>\n<h3><span style=\"color: #000000;\">Hynek Skot\u00e1k<br \/><\/span><span style=\"color: #000000;\"><em>MDR, 2025<\/em><\/span><\/h3>\n<\/p>\n<p><span style=\"color: #000000;\"><em>MDR<\/em> ist ein Akronym f\u00fcr den Namen der einheimischen Magdalena Dobromila Rettigov\u00e1. Gleichzeitig enth\u00e4lt er aber auch ein weiteres Anagramm, das nach Einbruch der Dunkelheit enth\u00fcllt werden wird. Der neue Ausstellungsraum in drei Schaufenstern befindet sich in Litomy\u0161l in der M. D. Rettigov\u00e1 Stra\u00dfe und wird hier im Juni 2025 seine Ausstellungst\u00e4tigkeit unter dem Titel der Stadtgalerie aufnehmen. Das Pilotprojekt lenkt die Aufmerksamkeit der Passanten auf die neue Schaufenstergalerie mit einer minimalistischen Intervention, die auch in die Dunkelheit der friedlichen historischen Stadt leuchtet &#8211; ein Ort, an dem einst das Bistum residierte und an dem sich viele bedeutende Pers\u00f6nlichkeiten aufgehalten haben, darunter Bo\u017eena N\u011bmcov\u00e1, Alois Jir\u00e1sek und Bed\u0159ich Smetana.   <\/span><\/p>\n<\/p>\n<p><span style=\"color: #000000;\">Die Lichtintervention des Bildhauers und Konzeptk\u00fcnstlers Hynek Skot\u00e1k mit dem Titel <em>MDR<\/em> ist eine Antwort auf die friedliche Natur der Stadt und die \u00dcberf\u00fcllung des st\u00e4dtischen Raums durch k\u00fcnstlerische Interventionen der vergangenen Jahre. Die rot beleuchteten Fenster wecken die Neugier und regen die Fantasie an, w\u00e4hrend sie nichts mehr \u00fcber das Innere des dekorierten Hauses am Smetana-Platz verraten.   \u010d. p. 118. <em>MDR<\/em> arbeitet mit Licht auf eine sehr einfache Art und Weise, die Abgrenzung der Oberfl\u00e4che wird von einer pr\u00e4zisen Verarbeitung eingerahmt. Der subversive Charakter der Installation l\u00e4dt uns zu der Frage ein: Wird es ein neu er\u00f6ffnetes Gesch\u00e4ft geben, das mit Vergn\u00fcgen handelt? Aber MDR gibt keine klare Antwort und ver\u00e4ndert seinen Charakter je nach Tageszeit, aber am hellsten leuchtet es nach Einbruch der Dunkelheit.    <\/span><\/p>\n<p><span style=\"color: #800000;\"><strong>Kuratorin\/ Marcela Strakov\u00e1<\/strong><\/span><br \/><span style=\"color: #000000;\">Ort\/ Smetanovo n\u00e1m. Nr. 118 (Fenster zur Magdalena Dobromila Rettigova Stra\u00dfe)<\/span><br \/><span style=\"color: #000000;\">GPS\/ 49.871188N, 16.310987E<\/span><\/p><\/p>\n\t\t\t\t\t<\/div>\n\t\t\t\t\t\t<\/div>\n\t\t\t\t<\/div>\n\t\t\t\t\t\t<\/div>\n\t\t\t\t\t<\/div>\n\t\t<\/div>\n\t\t\t\t\t\t\t\t<\/div>\n\t\t\t\t\t<\/div>\n\t\t<\/section>\n\t\t\t\t\t\t\t\t\t<\/div>\n\t\t\t<\/div>\n\t\t\t\t\t<\/div>\n\t\t","protected":false},"excerpt":{"rendered":"<p>Hynek Skot\u00e1kMDR, 2025 MDR ist ein Akronym f\u00fcr den Namen der einheimischen Magdalena Dobromila Rettigov\u00e1. Gleichzeitig enth\u00e4lt er aber auch ein weiteres Anagramm, das nach Einbruch der Dunkelheit enth\u00fcllt werden [&hellip;]<\/p>\n","protected":false},"author":7,"featured_media":0,"parent":0,"menu_order":0,"comment_status":"closed","ping_status":"closed","template":"","meta":{"inline_featured_image":false,"footnotes":""},"acf":[],"yoast_head":"<!-- This site is optimized with the Yoast SEO plugin v21.4 - https:\/\/yoast.com\/wordpress\/plugins\/seo\/ -->\n<title>Hynek Skot\u00e1k MDR, 2025 - M\u011bstsk\u00e1 galerie Litomy\u0161l<\/title>\n<meta name=\"robots\" content=\"index, follow, max-snippet:-1, max-image-preview:large, max-video-preview:-1\" \/>\n<link rel=\"canonical\" href=\"https:\/\/www.galerie.litomysl.cz\/?page_id=14059\" \/>\n<meta property=\"og:locale\" content=\"de_DE\" \/>\n<meta property=\"og:type\" content=\"article\" \/>\n<meta property=\"og:title\" content=\"Hynek Skot\u00e1k MDR, 2025 - M\u011bstsk\u00e1 galerie Litomy\u0161l\" \/>\n<meta property=\"og:description\" content=\"Hynek Skot\u00e1kMDR, 2025 MDR ist ein Akronym f\u00fcr den Namen der einheimischen Magdalena Dobromila Rettigov\u00e1. Gleichzeitig enth\u00e4lt er aber auch ein weiteres Anagramm, das nach Einbruch der Dunkelheit enth\u00fcllt werden [&hellip;]\" \/>\n<meta property=\"og:url\" content=\"https:\/\/www.galerie.litomysl.cz\/?page_id=14059\" \/>\n<meta property=\"og:site_name\" content=\"M\u011bstsk\u00e1 galerie Litomy\u0161l\" \/>\n<meta property=\"article:modified_time\" content=\"2025-08-18T14:28:11+00:00\" \/>\n<meta name=\"twitter:card\" content=\"summary_large_image\" \/>\n<meta name=\"twitter:label1\" content=\"Gesch\u00e4tzte Lesezeit\" \/>\n\t<meta name=\"twitter:data1\" content=\"1\u00a0Minute\" \/>\n<script type=\"application\/ld+json\" class=\"yoast-schema-graph\">{\"@context\":\"https:\/\/schema.org\",\"@graph\":[{\"@type\":\"WebPage\",\"@id\":\"https:\/\/www.galerie.litomysl.cz\/?page_id=14059\",\"url\":\"https:\/\/www.galerie.litomysl.cz\/?page_id=14059\",\"name\":\"Hynek Skot\u00e1k MDR, 2025 - M\u011bstsk\u00e1 galerie Litomy\u0161l\",\"isPartOf\":{\"@id\":\"https:\/\/www.galerie.litomysl.cz\/#website\"},\"datePublished\":\"2025-07-10T20:38:51+00:00\",\"dateModified\":\"2025-08-18T14:28:11+00:00\",\"breadcrumb\":{\"@id\":\"https:\/\/www.galerie.litomysl.cz\/?page_id=14059#breadcrumb\"},\"inLanguage\":\"de\",\"potentialAction\":[{\"@type\":\"ReadAction\",\"target\":[\"https:\/\/www.galerie.litomysl.cz\/?page_id=14059\"]}]},{\"@type\":\"BreadcrumbList\",\"@id\":\"https:\/\/www.galerie.litomysl.cz\/?page_id=14059#breadcrumb\",\"itemListElement\":[{\"@type\":\"ListItem\",\"position\":1,\"name\":\"Dom\u016f\",\"item\":\"https:\/\/www.galerie.litomysl.cz\/de\/\"},{\"@type\":\"ListItem\",\"position\":2,\"name\":\"Hynek Skot\u00e1k MDR, 2025\"}]},{\"@type\":\"WebSite\",\"@id\":\"https:\/\/www.galerie.litomysl.cz\/#website\",\"url\":\"https:\/\/www.galerie.litomysl.cz\/\",\"name\":\"M\u011bstsk\u00e1 galerie Litomy\u0161l\",\"description\":\"\",\"publisher\":{\"@id\":\"https:\/\/www.galerie.litomysl.cz\/#organization\"},\"potentialAction\":[{\"@type\":\"SearchAction\",\"target\":{\"@type\":\"EntryPoint\",\"urlTemplate\":\"https:\/\/www.galerie.litomysl.cz\/?s={search_term_string}\"},\"query-input\":\"required name=search_term_string\"}],\"inLanguage\":\"de\"},{\"@type\":\"Organization\",\"@id\":\"https:\/\/www.galerie.litomysl.cz\/#organization\",\"name\":\"M\u011bstsk\u00e1 galerie Litomy\u0161l\",\"url\":\"https:\/\/www.galerie.litomysl.cz\/\",\"logo\":{\"@type\":\"ImageObject\",\"inLanguage\":\"de\",\"@id\":\"https:\/\/www.galerie.litomysl.cz\/#\/schema\/logo\/image\/\",\"url\":\"https:\/\/www.galerie.litomysl.cz\/wp-content\/uploads\/MGL-logo-c..svg\",\"contentUrl\":\"https:\/\/www.galerie.litomysl.cz\/wp-content\/uploads\/MGL-logo-c..svg\",\"width\":212,\"height\":136,\"caption\":\"M\u011bstsk\u00e1 galerie Litomy\u0161l\"},\"image\":{\"@id\":\"https:\/\/www.galerie.litomysl.cz\/#\/schema\/logo\/image\/\"}}]}<\/script>\n<!-- \/ Yoast SEO plugin. -->","yoast_head_json":{"title":"Hynek Skot\u00e1k MDR, 2025 - M\u011bstsk\u00e1 galerie Litomy\u0161l","robots":{"index":"index","follow":"follow","max-snippet":"max-snippet:-1","max-image-preview":"max-image-preview:large","max-video-preview":"max-video-preview:-1"},"canonical":"https:\/\/www.galerie.litomysl.cz\/?page_id=14059","og_locale":"de_DE","og_type":"article","og_title":"Hynek Skot\u00e1k MDR, 2025 - M\u011bstsk\u00e1 galerie Litomy\u0161l","og_description":"Hynek Skot\u00e1kMDR, 2025 MDR ist ein Akronym f\u00fcr den Namen der einheimischen Magdalena Dobromila Rettigov\u00e1. Gleichzeitig enth\u00e4lt er aber auch ein weiteres Anagramm, das nach Einbruch der Dunkelheit enth\u00fcllt werden [&hellip;]","og_url":"https:\/\/www.galerie.litomysl.cz\/?page_id=14059","og_site_name":"M\u011bstsk\u00e1 galerie Litomy\u0161l","article_modified_time":"2025-08-18T14:28:11+00:00","twitter_card":"summary_large_image","twitter_misc":{"Gesch\u00e4tzte Lesezeit":"1\u00a0Minute"},"schema":{"@context":"https:\/\/schema.org","@graph":[{"@type":"WebPage","@id":"https:\/\/www.galerie.litomysl.cz\/?page_id=14059","url":"https:\/\/www.galerie.litomysl.cz\/?page_id=14059","name":"Hynek Skot\u00e1k MDR, 2025 - M\u011bstsk\u00e1 galerie Litomy\u0161l","isPartOf":{"@id":"https:\/\/www.galerie.litomysl.cz\/#website"},"datePublished":"2025-07-10T20:38:51+00:00","dateModified":"2025-08-18T14:28:11+00:00","breadcrumb":{"@id":"https:\/\/www.galerie.litomysl.cz\/?page_id=14059#breadcrumb"},"inLanguage":"de","potentialAction":[{"@type":"ReadAction","target":["https:\/\/www.galerie.litomysl.cz\/?page_id=14059"]}]},{"@type":"BreadcrumbList","@id":"https:\/\/www.galerie.litomysl.cz\/?page_id=14059#breadcrumb","itemListElement":[{"@type":"ListItem","position":1,"name":"Dom\u016f","item":"https:\/\/www.galerie.litomysl.cz\/de\/"},{"@type":"ListItem","position":2,"name":"Hynek Skot\u00e1k MDR, 2025"}]},{"@type":"WebSite","@id":"https:\/\/www.galerie.litomysl.cz\/#website","url":"https:\/\/www.galerie.litomysl.cz\/","name":"M\u011bstsk\u00e1 galerie Litomy\u0161l","description":"","publisher":{"@id":"https:\/\/www.galerie.litomysl.cz\/#organization"},"potentialAction":[{"@type":"SearchAction","target":{"@type":"EntryPoint","urlTemplate":"https:\/\/www.galerie.litomysl.cz\/?s={search_term_string}"},"query-input":"required name=search_term_string"}],"inLanguage":"de"},{"@type":"Organization","@id":"https:\/\/www.galerie.litomysl.cz\/#organization","name":"M\u011bstsk\u00e1 galerie Litomy\u0161l","url":"https:\/\/www.galerie.litomysl.cz\/","logo":{"@type":"ImageObject","inLanguage":"de","@id":"https:\/\/www.galerie.litomysl.cz\/#\/schema\/logo\/image\/","url":"https:\/\/www.galerie.litomysl.cz\/wp-content\/uploads\/MGL-logo-c..svg","contentUrl":"https:\/\/www.galerie.litomysl.cz\/wp-content\/uploads\/MGL-logo-c..svg","width":212,"height":136,"caption":"M\u011bstsk\u00e1 galerie Litomy\u0161l"},"image":{"@id":"https:\/\/www.galerie.litomysl.cz\/#\/schema\/logo\/image\/"}}]}},"_links":{"self":[{"href":"https:\/\/www.galerie.litomysl.cz\/de\/wp-json\/wp\/v2\/pages\/14726"}],"collection":[{"href":"https:\/\/www.galerie.litomysl.cz\/de\/wp-json\/wp\/v2\/pages"}],"about":[{"href":"https:\/\/www.galerie.litomysl.cz\/de\/wp-json\/wp\/v2\/types\/page"}],"author":[{"embeddable":true,"href":"https:\/\/www.galerie.litomysl.cz\/de\/wp-json\/wp\/v2\/users\/7"}],"replies":[{"embeddable":true,"href":"https:\/\/www.galerie.litomysl.cz\/de\/wp-json\/wp\/v2\/comments?post=14726"}],"version-history":[{"count":1,"href":"https:\/\/www.galerie.litomysl.cz\/de\/wp-json\/wp\/v2\/pages\/14726\/revisions"}],"predecessor-version":[{"id":14727,"href":"https:\/\/www.galerie.litomysl.cz\/de\/wp-json\/wp\/v2\/pages\/14726\/revisions\/14727"}],"wp:attachment":[{"href":"https:\/\/www.galerie.litomysl.cz\/de\/wp-json\/wp\/v2\/media?parent=14726"}],"curies":[{"name":"wp","href":"https:\/\/api.w.org\/{rel}","templated":true}]}}