{"id":14704,"date":"2025-07-10T22:20:05","date_gmt":"2025-07-10T20:20:05","guid":{"rendered":"https:\/\/www.galerie.litomysl.cz\/map\/"},"modified":"2025-07-10T22:20:05","modified_gmt":"2025-07-10T20:20:05","slug":"map","status":"publish","type":"page","link":"https:\/\/www.galerie.litomysl.cz\/de\/map\/","title":{"rendered":"MAP"},"content":{"rendered":"\n<h2 class=\"wp-block-heading\">MAP IV<\/h2>\n\n<p>Wir haben uns dem MAP-Projekt angeschlossen. Dies erm\u00f6glicht es uns, den Schulen, die ebenfalls an dem Projekt beteiligt sind, kostenlose Bildungsveranstaltungen anzubieten.<\/p>\n\n<figure class=\"wp-block-image size-large\"><img loading=\"lazy\" decoding=\"async\" width=\"1024\" height=\"683\" src=\"https:\/\/www.galerie.litomysl.cz\/wp-content\/uploads\/\/IMG_0355-1024x683.jpg\" alt=\"\" class=\"wp-image-9662\" srcset=\"https:\/\/www.galerie.litomysl.cz\/wp-content\/uploads\/IMG_0355-1024x683.jpg 1024w, https:\/\/www.galerie.litomysl.cz\/wp-content\/uploads\/IMG_0355-300x200.jpg 300w, https:\/\/www.galerie.litomysl.cz\/wp-content\/uploads\/IMG_0355-768x512.jpg 768w, https:\/\/www.galerie.litomysl.cz\/wp-content\/uploads\/IMG_0355-1536x1024.jpg 1536w, https:\/\/www.galerie.litomysl.cz\/wp-content\/uploads\/IMG_0355-2048x1365.jpg 2048w, https:\/\/www.galerie.litomysl.cz\/wp-content\/uploads\/IMG_0355-scaled.jpg 1620w\" sizes=\"(max-width: 1024px) 100vw, 1024px\" \/><\/figure>\n\n<p><strong><em>PROJEKTTAGE<\/em><\/strong><\/p>\n\n<p>Es werden insgesamt sechs Projekttage f\u00fcr Grundschulen veranstaltet. Drei im Jahr 2024 und drei im Jahr 2025. <\/p>\n\n<p><strong>25. M\u00e4rz 2024 Animation Projekttag<\/strong><\/p>\n\n<p>Dozenten des Vereins <a href=\"https:\/\/www.ultrafun.eu\/\"><strong>ULTRAFUN<\/strong><\/a>die mit dem Karel Zeman Museum zusammenarbeiten, werden die Sch\u00fcler durch die Welt der Animation f\u00fchren und gemeinsam einige grundlegende Animationstechniken ausprobieren.<\/p>\n\n<p>Der Projekttag umfasst drei Workshops mit drei Schulgruppen (Grundschulstufe I und II).<\/p>\n\n<p><strong>Verf\u00fcgbare Zeiten:<\/strong><\/p>\n\n<p>8.00-9.30<\/p>\n\n<p>10.00-11.30 UHR BESETZT<\/p>\n\n<p>12.30-14.00<\/p>\n\n<p>Veranstaltungsort: das Haus der Ritter (Smetanovo n\u00e1m. 110, 57001 Litomy\u0161l)<\/p>\n\n<p>Sie k\u00f6nnen sich per E-Mail bewerben: <a href=\"mailto:edukace@galerie.litomysl.cz\"><strong>edukace@galerie.litomysl.cz<\/strong><\/a><\/p>\n\n<p>Demn\u00e4chst:<\/p>\n\n<p>2024<\/p>\n\n<p><strong>Mai <\/strong>Projekttag<strong> Wissenschaft und Technologie<\/strong><\/p>\n\n<p><strong>Oktober <\/strong>Projekttag<strong> Nachhaltiges Design<\/strong><\/p>\n\n<p>2025<\/p>\n\n<p><strong>Januar <\/strong>Projekttag<strong> Animation<\/strong><\/p>\n\n<p><strong>April <\/strong>Projekttag <strong>Wissenschaft und Technologie<\/strong><\/p>\n\n<p><strong>Oktober <\/strong>Projekttag<strong> Nachhaltiges Design<\/strong><\/p>\n\n<p><\/p>\n\n<p><strong><em>ANIMATION CLUB<\/em><\/strong><\/p>\n\n<p>Wir bieten den Sch\u00fclern der am MAP beteiligten Schulen die M\u00f6glichkeit, einen Animationsclub zu besuchen. W\u00e4hrend der acht Nachmittagssitzungen werden wir versuchen, ein Drehbuch zu schreiben, ein Storyboard zu erstellen, eine Szene vorzubereiten und die Animation selbst zu machen.  <\/p>\n\n<p>Der Club ist f\u00fcr Kinder im Alter von 10 bis 15 Jahren gedacht. Die Studenten entwickeln ihre k\u00fcnstlerischen F\u00e4higkeiten (r\u00e4umliches Vorstellungsverm\u00f6gen, Modellieren, Zeichnen, Arbeit mit Materialien) und ihre digitalen F\u00e4higkeiten (Animationstechniken, Videoproduktion, Arbeit mit Ton usw.).<\/p>\n\n<p><strong>Der erste Lauf des Rings wird im Herbst 2024 stattfinden.  <\/strong><\/p>\n\n<p><strong>Die zweite Auflage des Rings wird im Fr\u00fchjahr 2025 stattfinden.<\/strong><\/p>\n\n<p><\/p>\n\n<p><\/p>\n\n<p><\/p>\n\n<figure class=\"wp-block-gallery has-nested-images columns-default is-cropped wp-block-gallery-1 is-layout-flex wp-block-gallery-is-layout-flex\"><\/figure>\n\n<figure class=\"wp-block-gallery has-nested-images columns-default is-cropped wp-block-gallery-2 is-layout-flex wp-block-gallery-is-layout-flex\"><\/figure>\n","protected":false},"excerpt":{"rendered":"<p>MAP IV Wir haben uns dem MAP-Projekt angeschlossen. Dies erm\u00f6glicht es uns, den Schulen, die ebenfalls an dem Projekt beteiligt sind, kostenlose Bildungsveranstaltungen anzubieten. PROJEKTTAGE Es werden insgesamt sechs Projekttage [&hellip;]<\/p>\n","protected":false},"author":8,"featured_media":3998,"parent":0,"menu_order":0,"comment_status":"closed","ping_status":"closed","template":"","meta":{"inline_featured_image":false,"footnotes":""},"acf":[],"yoast_head":"<!-- This site is optimized with the Yoast SEO plugin v21.4 - https:\/\/yoast.com\/wordpress\/plugins\/seo\/ -->\n<title>MAP - M\u011bstsk\u00e1 galerie Litomy\u0161l<\/title>\n<meta name=\"description\" content=\"Wir haben uns dem MAP-Projekt angeschlossen. Dies erm\u00f6glicht es uns, Schulen, die ebenfalls an dem Projekt beteiligt sind, kostenlose Bildungsveranstaltungen anzubieten.\" \/>\n<meta name=\"robots\" content=\"index, follow, max-snippet:-1, max-image-preview:large, max-video-preview:-1\" \/>\n<link rel=\"canonical\" href=\"https:\/\/www.galerie.litomysl.cz\/de\/map\/\" \/>\n<meta property=\"og:locale\" content=\"de_DE\" \/>\n<meta property=\"og:type\" content=\"article\" \/>\n<meta property=\"og:title\" content=\"MAP - M\u011bstsk\u00e1 galerie Litomy\u0161l\" \/>\n<meta property=\"og:description\" content=\"Wir haben uns dem MAP-Projekt angeschlossen. Dies erm\u00f6glicht es uns, Schulen, die ebenfalls an dem Projekt beteiligt sind, kostenlose Bildungsveranstaltungen anzubieten.\" \/>\n<meta property=\"og:url\" content=\"https:\/\/www.galerie.litomysl.cz\/de\/map\/\" \/>\n<meta property=\"og:site_name\" content=\"M\u011bstsk\u00e1 galerie Litomy\u0161l\" \/>\n<meta property=\"og:image\" content=\"https:\/\/www.galerie.litomysl.cz\/wp-content\/uploads\/Edukace-01.jpg\" \/>\n\t<meta property=\"og:image:width\" content=\"1721\" \/>\n\t<meta property=\"og:image:height\" content=\"380\" \/>\n\t<meta property=\"og:image:type\" content=\"image\/jpeg\" \/>\n<meta name=\"twitter:card\" content=\"summary_large_image\" \/>\n<meta name=\"twitter:label1\" content=\"Gesch\u00e4tzte Lesezeit\" \/>\n\t<meta name=\"twitter:data1\" content=\"1\u00a0Minute\" \/>\n<script type=\"application\/ld+json\" class=\"yoast-schema-graph\">{\"@context\":\"https:\/\/schema.org\",\"@graph\":[{\"@type\":\"WebPage\",\"@id\":\"https:\/\/www.galerie.litomysl.cz\/de\/map\/\",\"url\":\"https:\/\/www.galerie.litomysl.cz\/de\/map\/\",\"name\":\"MAP - M\u011bstsk\u00e1 galerie Litomy\u0161l\",\"isPartOf\":{\"@id\":\"https:\/\/www.galerie.litomysl.cz\/#website\"},\"datePublished\":\"2025-07-10T20:20:05+00:00\",\"dateModified\":\"2025-07-10T20:20:05+00:00\",\"description\":\"Wir haben uns dem MAP-Projekt angeschlossen. Dies erm\u00f6glicht es uns, Schulen, die ebenfalls an dem Projekt beteiligt sind, kostenlose Bildungsveranstaltungen anzubieten.\",\"breadcrumb\":{\"@id\":\"https:\/\/www.galerie.litomysl.cz\/de\/map\/#breadcrumb\"},\"inLanguage\":\"de\",\"potentialAction\":[{\"@type\":\"ReadAction\",\"target\":[\"https:\/\/www.galerie.litomysl.cz\/de\/map\/\"]}]},{\"@type\":\"BreadcrumbList\",\"@id\":\"https:\/\/www.galerie.litomysl.cz\/de\/map\/#breadcrumb\",\"itemListElement\":[{\"@type\":\"ListItem\",\"position\":1,\"name\":\"Dom\u016f\",\"item\":\"https:\/\/www.galerie.litomysl.cz\/de\/\"},{\"@type\":\"ListItem\",\"position\":2,\"name\":\"MAP\"}]},{\"@type\":\"WebSite\",\"@id\":\"https:\/\/www.galerie.litomysl.cz\/#website\",\"url\":\"https:\/\/www.galerie.litomysl.cz\/\",\"name\":\"M\u011bstsk\u00e1 galerie Litomy\u0161l\",\"description\":\"\",\"publisher\":{\"@id\":\"https:\/\/www.galerie.litomysl.cz\/#organization\"},\"potentialAction\":[{\"@type\":\"SearchAction\",\"target\":{\"@type\":\"EntryPoint\",\"urlTemplate\":\"https:\/\/www.galerie.litomysl.cz\/?s={search_term_string}\"},\"query-input\":\"required name=search_term_string\"}],\"inLanguage\":\"de\"},{\"@type\":\"Organization\",\"@id\":\"https:\/\/www.galerie.litomysl.cz\/#organization\",\"name\":\"M\u011bstsk\u00e1 galerie Litomy\u0161l\",\"url\":\"https:\/\/www.galerie.litomysl.cz\/\",\"logo\":{\"@type\":\"ImageObject\",\"inLanguage\":\"de\",\"@id\":\"https:\/\/www.galerie.litomysl.cz\/#\/schema\/logo\/image\/\",\"url\":\"https:\/\/www.galerie.litomysl.cz\/wp-content\/uploads\/MGL-logo-c..svg\",\"contentUrl\":\"https:\/\/www.galerie.litomysl.cz\/wp-content\/uploads\/MGL-logo-c..svg\",\"width\":212,\"height\":136,\"caption\":\"M\u011bstsk\u00e1 galerie Litomy\u0161l\"},\"image\":{\"@id\":\"https:\/\/www.galerie.litomysl.cz\/#\/schema\/logo\/image\/\"}}]}<\/script>\n<!-- \/ Yoast SEO plugin. -->","yoast_head_json":{"title":"MAP - M\u011bstsk\u00e1 galerie Litomy\u0161l","description":"Wir haben uns dem MAP-Projekt angeschlossen. Dies erm\u00f6glicht es uns, Schulen, die ebenfalls an dem Projekt beteiligt sind, kostenlose Bildungsveranstaltungen anzubieten.","robots":{"index":"index","follow":"follow","max-snippet":"max-snippet:-1","max-image-preview":"max-image-preview:large","max-video-preview":"max-video-preview:-1"},"canonical":"https:\/\/www.galerie.litomysl.cz\/de\/map\/","og_locale":"de_DE","og_type":"article","og_title":"MAP - M\u011bstsk\u00e1 galerie Litomy\u0161l","og_description":"Wir haben uns dem MAP-Projekt angeschlossen. Dies erm\u00f6glicht es uns, Schulen, die ebenfalls an dem Projekt beteiligt sind, kostenlose Bildungsveranstaltungen anzubieten.","og_url":"https:\/\/www.galerie.litomysl.cz\/de\/map\/","og_site_name":"M\u011bstsk\u00e1 galerie Litomy\u0161l","og_image":[{"width":1721,"height":380,"url":"https:\/\/www.galerie.litomysl.cz\/wp-content\/uploads\/Edukace-01.jpg","type":"image\/jpeg"}],"twitter_card":"summary_large_image","twitter_misc":{"Gesch\u00e4tzte Lesezeit":"1\u00a0Minute"},"schema":{"@context":"https:\/\/schema.org","@graph":[{"@type":"WebPage","@id":"https:\/\/www.galerie.litomysl.cz\/de\/map\/","url":"https:\/\/www.galerie.litomysl.cz\/de\/map\/","name":"MAP - M\u011bstsk\u00e1 galerie Litomy\u0161l","isPartOf":{"@id":"https:\/\/www.galerie.litomysl.cz\/#website"},"datePublished":"2025-07-10T20:20:05+00:00","dateModified":"2025-07-10T20:20:05+00:00","description":"Wir haben uns dem MAP-Projekt angeschlossen. Dies erm\u00f6glicht es uns, Schulen, die ebenfalls an dem Projekt beteiligt sind, kostenlose Bildungsveranstaltungen anzubieten.","breadcrumb":{"@id":"https:\/\/www.galerie.litomysl.cz\/de\/map\/#breadcrumb"},"inLanguage":"de","potentialAction":[{"@type":"ReadAction","target":["https:\/\/www.galerie.litomysl.cz\/de\/map\/"]}]},{"@type":"BreadcrumbList","@id":"https:\/\/www.galerie.litomysl.cz\/de\/map\/#breadcrumb","itemListElement":[{"@type":"ListItem","position":1,"name":"Dom\u016f","item":"https:\/\/www.galerie.litomysl.cz\/de\/"},{"@type":"ListItem","position":2,"name":"MAP"}]},{"@type":"WebSite","@id":"https:\/\/www.galerie.litomysl.cz\/#website","url":"https:\/\/www.galerie.litomysl.cz\/","name":"M\u011bstsk\u00e1 galerie Litomy\u0161l","description":"","publisher":{"@id":"https:\/\/www.galerie.litomysl.cz\/#organization"},"potentialAction":[{"@type":"SearchAction","target":{"@type":"EntryPoint","urlTemplate":"https:\/\/www.galerie.litomysl.cz\/?s={search_term_string}"},"query-input":"required name=search_term_string"}],"inLanguage":"de"},{"@type":"Organization","@id":"https:\/\/www.galerie.litomysl.cz\/#organization","name":"M\u011bstsk\u00e1 galerie Litomy\u0161l","url":"https:\/\/www.galerie.litomysl.cz\/","logo":{"@type":"ImageObject","inLanguage":"de","@id":"https:\/\/www.galerie.litomysl.cz\/#\/schema\/logo\/image\/","url":"https:\/\/www.galerie.litomysl.cz\/wp-content\/uploads\/MGL-logo-c..svg","contentUrl":"https:\/\/www.galerie.litomysl.cz\/wp-content\/uploads\/MGL-logo-c..svg","width":212,"height":136,"caption":"M\u011bstsk\u00e1 galerie Litomy\u0161l"},"image":{"@id":"https:\/\/www.galerie.litomysl.cz\/#\/schema\/logo\/image\/"}}]}},"_links":{"self":[{"href":"https:\/\/www.galerie.litomysl.cz\/de\/wp-json\/wp\/v2\/pages\/14704"}],"collection":[{"href":"https:\/\/www.galerie.litomysl.cz\/de\/wp-json\/wp\/v2\/pages"}],"about":[{"href":"https:\/\/www.galerie.litomysl.cz\/de\/wp-json\/wp\/v2\/types\/page"}],"author":[{"embeddable":true,"href":"https:\/\/www.galerie.litomysl.cz\/de\/wp-json\/wp\/v2\/users\/8"}],"replies":[{"embeddable":true,"href":"https:\/\/www.galerie.litomysl.cz\/de\/wp-json\/wp\/v2\/comments?post=14704"}],"version-history":[{"count":1,"href":"https:\/\/www.galerie.litomysl.cz\/de\/wp-json\/wp\/v2\/pages\/14704\/revisions"}],"predecessor-version":[{"id":14705,"href":"https:\/\/www.galerie.litomysl.cz\/de\/wp-json\/wp\/v2\/pages\/14704\/revisions\/14705"}],"wp:featuredmedia":[{"embeddable":true,"href":"https:\/\/www.galerie.litomysl.cz\/de\/wp-json\/wp\/v2\/media\/3998"}],"wp:attachment":[{"href":"https:\/\/www.galerie.litomysl.cz\/de\/wp-json\/wp\/v2\/media?parent=14704"}],"curies":[{"name":"wp","href":"https:\/\/api.w.org\/{rel}","templated":true}]}}