{"id":14691,"date":"2025-07-10T22:16:46","date_gmt":"2025-07-10T20:16:46","guid":{"rendered":"https:\/\/www.galerie.litomysl.cz\/christof-zwiener\/"},"modified":"2025-08-18T16:27:45","modified_gmt":"2025-08-18T14:27:45","slug":"christof-zwiener","status":"publish","type":"page","link":"https:\/\/www.galerie.litomysl.cz\/de\/christof-zwiener\/","title":{"rendered":"Christof Zwiener"},"content":{"rendered":"\t\t<div data-elementor-type=\"wp-page\" data-elementor-id=\"14691\" class=\"elementor elementor-14691\">\n\t\t\t\t\t\t<div class=\"elementor-inner\">\n\t\t\t\t<div class=\"elementor-section-wrap\">\n\t\t\t\t\t\t\t\t\t<section data-particle_enable=\"false\" data-particle-mobile-disabled=\"false\" class=\"elementor-section elementor-top-section elementor-element elementor-element-6dd1509d elementor-section-boxed elementor-section-height-default elementor-section-height-default\" data-id=\"6dd1509d\" data-element_type=\"section\">\n\t\t\t\t\t\t<div class=\"elementor-container elementor-column-gap-default\">\n\t\t\t\t\t\t\t<div class=\"elementor-row\">\n\t\t\t\t\t<div class=\"elementor-column elementor-col-100 elementor-top-column elementor-element elementor-element-6510afa0\" data-id=\"6510afa0\" data-element_type=\"column\" data-settings=\"{&quot;_ob_column_has_pseudo&quot;:&quot;no&quot;}\">\n\t\t\t<div class=\"elementor-column-wrap elementor-element-populated\">\n\t\t\t\t\t\t\t<div class=\"elementor-widget-wrap\">\n\t\t\t\t\t\t<div class=\"elementor-element elementor-element-1d0e0c69 elementor-widget elementor-widget-text-editor\" data-id=\"1d0e0c69\" data-element_type=\"widget\" data-settings=\"{&quot;_ob_postman_use&quot;:&quot;no&quot;}\" data-widget_type=\"text-editor.default\">\n\t\t\t\t<div class=\"elementor-widget-container\">\n\t\t\t\t\t\t\t\t<div class=\"elementor-text-editor elementor-clearfix\">\n\t\t\t\t<\/p>\n<h3 class=\"wp-block-heading\"><span style=\"color: #000000;\"><strong>Christof Zwiener<br \/><\/strong><em><strong>Out of the Blue, 2025<\/strong><\/em><\/span><\/h3>\n<\/p>\n<p><span style=\"color: #000000;\">In der Passage bei der Apotheke Na \u0160pit\u00e1lku atmet ein Werk des Berliner K\u00fcnstlers Christof Zwiener leise vor sich hin. <em>Out of the Blue<\/em> ist eine fast unsichtbare Pr\u00e4senz &#8211; eine Klanginstallation, deren Rhythmus dem menschlichen Atem \u00e4hnelt. Mit einem sanften Ein- und Ausatmen verwandelt sich der Raum in einen lebenden Organismus, der an der Grenze zwischen dem H\u00f6rbaren und dem \u00dcbersehenen existiert. Die Inspiration stammt aus einer unvollendeten Komposition von V\u00edt\u011bzslava Kapr\u00e1lov\u00e1, deren kranke Lungen im \u00fcbertragenen Sinne in eine Quelle des Lebens verwandelt werden. Klang, Luft, Erinnerung und K\u00f6rper sind in dem Werk zu einer unterschwelligen Meditation \u00fcber Verletzlichkeit und Unruhe verwoben. Was zun\u00e4chst wie ein zuf\u00e4lliger L\u00e4rm erscheint, bringt allm\u00e4hlich Raum und Wahrnehmung in Bewegung &#8211; als ob die Stadt selbst f\u00fcr einen Moment den Atem angehalten h\u00e4tte.    <\/span><\/p>\n<p><span style=\"color: #800000;\"><strong>Kuratorin\/ \u017daneta Richterov\u00e1<\/strong><\/span><br \/><span style=\"color: #000000;\">Standort \/ Apotheke Na \u0160pit\u00e1lku, Toulovcovo n\u00e1m. 512 (Eingang zum Innenhof) <\/span><br \/><span style=\"color: #000000;\">GPS \/ 49.871416N, 16.311394E<\/span><\/p>\n<p><span style=\"color: #000000;\"><strong>Die Tonspur ist 10 Minuten lang. Nach jedem Abspielen folgt eine Pause von 7 Minuten. <\/strong> <\/span><\/p><\/p>\n\t\t\t\t\t<\/div>\n\t\t\t\t\t\t<\/div>\n\t\t\t\t<\/div>\n\t\t\t\t\t\t<\/div>\n\t\t\t\t\t<\/div>\n\t\t<\/div>\n\t\t\t\t\t\t\t\t<\/div>\n\t\t\t\t\t<\/div>\n\t\t<\/section>\n\t\t\t\t\t\t\t\t\t<\/div>\n\t\t\t<\/div>\n\t\t\t\t\t<\/div>\n\t\t","protected":false},"excerpt":{"rendered":"<p>Christof ZwienerOut of the Blue, 2025 In der Passage bei der Apotheke Na \u0160pit\u00e1lku atmet ein Werk des Berliner K\u00fcnstlers Christof Zwiener leise vor sich hin. Out of the Blue [&hellip;]<\/p>\n","protected":false},"author":7,"featured_media":0,"parent":0,"menu_order":0,"comment_status":"closed","ping_status":"closed","template":"","meta":{"inline_featured_image":false,"footnotes":""},"acf":[],"yoast_head":"<!-- This site is optimized with the Yoast SEO plugin v21.4 - https:\/\/yoast.com\/wordpress\/plugins\/seo\/ -->\n<title>Christof Zwiener - M\u011bstsk\u00e1 galerie Litomy\u0161l<\/title>\n<meta name=\"robots\" content=\"index, follow, max-snippet:-1, max-image-preview:large, max-video-preview:-1\" \/>\n<link rel=\"canonical\" href=\"https:\/\/www.galerie.litomysl.cz\/?page_id=14067\" \/>\n<meta property=\"og:locale\" content=\"de_DE\" \/>\n<meta property=\"og:type\" content=\"article\" \/>\n<meta property=\"og:title\" content=\"Christof Zwiener - M\u011bstsk\u00e1 galerie Litomy\u0161l\" \/>\n<meta property=\"og:description\" content=\"Christof ZwienerOut of the Blue, 2025 In der Passage bei der Apotheke Na \u0160pit\u00e1lku atmet ein Werk des Berliner K\u00fcnstlers Christof Zwiener leise vor sich hin. Out of the Blue [&hellip;]\" \/>\n<meta property=\"og:url\" content=\"https:\/\/www.galerie.litomysl.cz\/?page_id=14067\" \/>\n<meta property=\"og:site_name\" content=\"M\u011bstsk\u00e1 galerie Litomy\u0161l\" \/>\n<meta property=\"article:modified_time\" content=\"2025-08-18T14:27:45+00:00\" \/>\n<meta name=\"twitter:card\" content=\"summary_large_image\" \/>\n<meta name=\"twitter:label1\" content=\"Gesch\u00e4tzte Lesezeit\" \/>\n\t<meta name=\"twitter:data1\" content=\"1\u00a0Minute\" \/>\n<script type=\"application\/ld+json\" class=\"yoast-schema-graph\">{\"@context\":\"https:\/\/schema.org\",\"@graph\":[{\"@type\":\"WebPage\",\"@id\":\"https:\/\/www.galerie.litomysl.cz\/?page_id=14067\",\"url\":\"https:\/\/www.galerie.litomysl.cz\/?page_id=14067\",\"name\":\"Christof Zwiener - M\u011bstsk\u00e1 galerie Litomy\u0161l\",\"isPartOf\":{\"@id\":\"https:\/\/www.galerie.litomysl.cz\/#website\"},\"datePublished\":\"2025-07-10T20:16:46+00:00\",\"dateModified\":\"2025-08-18T14:27:45+00:00\",\"breadcrumb\":{\"@id\":\"https:\/\/www.galerie.litomysl.cz\/?page_id=14067#breadcrumb\"},\"inLanguage\":\"de\",\"potentialAction\":[{\"@type\":\"ReadAction\",\"target\":[\"https:\/\/www.galerie.litomysl.cz\/?page_id=14067\"]}]},{\"@type\":\"BreadcrumbList\",\"@id\":\"https:\/\/www.galerie.litomysl.cz\/?page_id=14067#breadcrumb\",\"itemListElement\":[{\"@type\":\"ListItem\",\"position\":1,\"name\":\"Dom\u016f\",\"item\":\"https:\/\/www.galerie.litomysl.cz\/de\/\"},{\"@type\":\"ListItem\",\"position\":2,\"name\":\"Christof Zwiener\"}]},{\"@type\":\"WebSite\",\"@id\":\"https:\/\/www.galerie.litomysl.cz\/#website\",\"url\":\"https:\/\/www.galerie.litomysl.cz\/\",\"name\":\"M\u011bstsk\u00e1 galerie Litomy\u0161l\",\"description\":\"\",\"publisher\":{\"@id\":\"https:\/\/www.galerie.litomysl.cz\/#organization\"},\"potentialAction\":[{\"@type\":\"SearchAction\",\"target\":{\"@type\":\"EntryPoint\",\"urlTemplate\":\"https:\/\/www.galerie.litomysl.cz\/?s={search_term_string}\"},\"query-input\":\"required name=search_term_string\"}],\"inLanguage\":\"de\"},{\"@type\":\"Organization\",\"@id\":\"https:\/\/www.galerie.litomysl.cz\/#organization\",\"name\":\"M\u011bstsk\u00e1 galerie Litomy\u0161l\",\"url\":\"https:\/\/www.galerie.litomysl.cz\/\",\"logo\":{\"@type\":\"ImageObject\",\"inLanguage\":\"de\",\"@id\":\"https:\/\/www.galerie.litomysl.cz\/#\/schema\/logo\/image\/\",\"url\":\"https:\/\/www.galerie.litomysl.cz\/wp-content\/uploads\/MGL-logo-c..svg\",\"contentUrl\":\"https:\/\/www.galerie.litomysl.cz\/wp-content\/uploads\/MGL-logo-c..svg\",\"width\":212,\"height\":136,\"caption\":\"M\u011bstsk\u00e1 galerie Litomy\u0161l\"},\"image\":{\"@id\":\"https:\/\/www.galerie.litomysl.cz\/#\/schema\/logo\/image\/\"}}]}<\/script>\n<!-- \/ Yoast SEO plugin. -->","yoast_head_json":{"title":"Christof Zwiener - M\u011bstsk\u00e1 galerie Litomy\u0161l","robots":{"index":"index","follow":"follow","max-snippet":"max-snippet:-1","max-image-preview":"max-image-preview:large","max-video-preview":"max-video-preview:-1"},"canonical":"https:\/\/www.galerie.litomysl.cz\/?page_id=14067","og_locale":"de_DE","og_type":"article","og_title":"Christof Zwiener - M\u011bstsk\u00e1 galerie Litomy\u0161l","og_description":"Christof ZwienerOut of the Blue, 2025 In der Passage bei der Apotheke Na \u0160pit\u00e1lku atmet ein Werk des Berliner K\u00fcnstlers Christof Zwiener leise vor sich hin. Out of the Blue [&hellip;]","og_url":"https:\/\/www.galerie.litomysl.cz\/?page_id=14067","og_site_name":"M\u011bstsk\u00e1 galerie Litomy\u0161l","article_modified_time":"2025-08-18T14:27:45+00:00","twitter_card":"summary_large_image","twitter_misc":{"Gesch\u00e4tzte Lesezeit":"1\u00a0Minute"},"schema":{"@context":"https:\/\/schema.org","@graph":[{"@type":"WebPage","@id":"https:\/\/www.galerie.litomysl.cz\/?page_id=14067","url":"https:\/\/www.galerie.litomysl.cz\/?page_id=14067","name":"Christof Zwiener - M\u011bstsk\u00e1 galerie Litomy\u0161l","isPartOf":{"@id":"https:\/\/www.galerie.litomysl.cz\/#website"},"datePublished":"2025-07-10T20:16:46+00:00","dateModified":"2025-08-18T14:27:45+00:00","breadcrumb":{"@id":"https:\/\/www.galerie.litomysl.cz\/?page_id=14067#breadcrumb"},"inLanguage":"de","potentialAction":[{"@type":"ReadAction","target":["https:\/\/www.galerie.litomysl.cz\/?page_id=14067"]}]},{"@type":"BreadcrumbList","@id":"https:\/\/www.galerie.litomysl.cz\/?page_id=14067#breadcrumb","itemListElement":[{"@type":"ListItem","position":1,"name":"Dom\u016f","item":"https:\/\/www.galerie.litomysl.cz\/de\/"},{"@type":"ListItem","position":2,"name":"Christof Zwiener"}]},{"@type":"WebSite","@id":"https:\/\/www.galerie.litomysl.cz\/#website","url":"https:\/\/www.galerie.litomysl.cz\/","name":"M\u011bstsk\u00e1 galerie Litomy\u0161l","description":"","publisher":{"@id":"https:\/\/www.galerie.litomysl.cz\/#organization"},"potentialAction":[{"@type":"SearchAction","target":{"@type":"EntryPoint","urlTemplate":"https:\/\/www.galerie.litomysl.cz\/?s={search_term_string}"},"query-input":"required name=search_term_string"}],"inLanguage":"de"},{"@type":"Organization","@id":"https:\/\/www.galerie.litomysl.cz\/#organization","name":"M\u011bstsk\u00e1 galerie Litomy\u0161l","url":"https:\/\/www.galerie.litomysl.cz\/","logo":{"@type":"ImageObject","inLanguage":"de","@id":"https:\/\/www.galerie.litomysl.cz\/#\/schema\/logo\/image\/","url":"https:\/\/www.galerie.litomysl.cz\/wp-content\/uploads\/MGL-logo-c..svg","contentUrl":"https:\/\/www.galerie.litomysl.cz\/wp-content\/uploads\/MGL-logo-c..svg","width":212,"height":136,"caption":"M\u011bstsk\u00e1 galerie Litomy\u0161l"},"image":{"@id":"https:\/\/www.galerie.litomysl.cz\/#\/schema\/logo\/image\/"}}]}},"_links":{"self":[{"href":"https:\/\/www.galerie.litomysl.cz\/de\/wp-json\/wp\/v2\/pages\/14691"}],"collection":[{"href":"https:\/\/www.galerie.litomysl.cz\/de\/wp-json\/wp\/v2\/pages"}],"about":[{"href":"https:\/\/www.galerie.litomysl.cz\/de\/wp-json\/wp\/v2\/types\/page"}],"author":[{"embeddable":true,"href":"https:\/\/www.galerie.litomysl.cz\/de\/wp-json\/wp\/v2\/users\/7"}],"replies":[{"embeddable":true,"href":"https:\/\/www.galerie.litomysl.cz\/de\/wp-json\/wp\/v2\/comments?post=14691"}],"version-history":[{"count":1,"href":"https:\/\/www.galerie.litomysl.cz\/de\/wp-json\/wp\/v2\/pages\/14691\/revisions"}],"predecessor-version":[{"id":14692,"href":"https:\/\/www.galerie.litomysl.cz\/de\/wp-json\/wp\/v2\/pages\/14691\/revisions\/14692"}],"wp:attachment":[{"href":"https:\/\/www.galerie.litomysl.cz\/de\/wp-json\/wp\/v2\/media?parent=14691"}],"curies":[{"name":"wp","href":"https:\/\/api.w.org\/{rel}","templated":true}]}}